{"id":30414,"date":"2025-02-20T23:32:14","date_gmt":"2025-02-20T22:32:14","guid":{"rendered":"https:\/\/olemosaic.orbitalia.org\/producto\/iman-de-metal-panoramica-barcelona-8-cm-3\/"},"modified":"2025-07-25T20:20:31","modified_gmt":"2025-07-25T18:20:31","slug":"aimant-metal-panoramique-barcelone-8-cm","status":"publish","type":"product","link":"https:\/\/olemosaic.orbitalia.org\/fr\/produit\/aimant-metal-panoramique-barcelone-8-cm\/","title":{"rendered":"Aimant en m\u00e9tal. Panoramique. Parc G\u00fcell. Barcelone. 8 cm."},"content":{"rendered":"<p>Cet aimant m\u00e9tallique avec la vue panoramique de Barcelone est le souvenir parfait pour quiconque souhaite emporter un petit morceau de la vibrante culture catalane chez soi. Avec des dimensions de 8 cm, cet aimant attrayant pr\u00e9sente une illustration captivante qui met en avant certaines des structures les plus iconiques de la ville, telles que la majestueuse Sagrada Familia et le c\u00e9l\u00e8bre dragon en mosa\u00efque du Park G\u00fcell. La composition visuelle est enrichie par une palette de couleurs brillantes qui souligne les mosa\u00efques distinctives ornant de nombreuses \u0153uvres de Gaud\u00ed, c\u00e9l\u00e9brant ainsi son h\u00e9ritage artistique.<\/p>\n<p>Les d\u00e9tails m\u00e9ticuleusement reproduits sur l&rsquo;aimant ne capturent pas seulement l&rsquo;essence architecturale de Barcelone, mais \u00e9voquent \u00e9galement l&rsquo;atmosph\u00e8re festive de cette ville cosmopolite. Id\u00e9al pour orner toute surface m\u00e9tallique dans la maison, cet aimant est une excellente option pour ceux qui recherchent des souvenirs de qualit\u00e9 et de pertinence culturelle, devenant un rappel constant des merveilles qu&rsquo;offre Barcelone. Chez Ol\u00e9 Mosaic, en tant que grossistes de souvenirs, nous proposons des produits authentiques et design qui mettent en valeur le patrimoine culturel de chaque r\u00e9gion. Cet aimant n&rsquo;est pas un simple accessoire, mais un t\u00e9moignage de la riche tradition artistique qui caract\u00e9rise cette ville embl\u00e9matique.<\/p>\n","protected":false},"excerpt":{"rendered":"<p>Aimant m\u00e9tallique avec une vue panoramique vibrante de Barcelone, de 8 cm. Cet aimant attrayant pr\u00e9sente une illustration color\u00e9e inspir\u00e9e des structures iconiques de la ville, comme la Sagrada Familia et le c\u00e9l\u00e8bre dragon en mosa\u00efque du Park G\u00fcell. Avec un design qui met en valeur les mosa\u00efques distinctives et une palette de couleurs \u00e9clatantes, c&rsquo;est le souvenir parfait qui capture l&rsquo;essence artistique de Barcelone, id\u00e9al pour d\u00e9corer toute surface m\u00e9tallique de la maison.<\/p>\n","protected":false},"featured_media":11426,"template":"","meta":{"_acf_changed":false},"product_brand":[],"product_cat":[697],"product_tag":[],"class_list":{"0":"post-30414","1":"product","2":"type-product","3":"status-publish","4":"has-post-thumbnail","6":"product_cat-aimants","7":"pa_ciudad-barcelona","8":"pa_motivo-panoramas","9":"pa_pais-espana","11":"first","12":"instock","13":"shipping-taxable","14":"product-type-simple"},"acf":[],"_links":{"self":[{"href":"https:\/\/olemosaic.orbitalia.org\/fr\/wp-json\/wp\/v2\/product\/30414","targetHints":{"allow":["GET"]}}],"collection":[{"href":"https:\/\/olemosaic.orbitalia.org\/fr\/wp-json\/wp\/v2\/product"}],"about":[{"href":"https:\/\/olemosaic.orbitalia.org\/fr\/wp-json\/wp\/v2\/types\/product"}],"wp:featuredmedia":[{"embeddable":true,"href":"https:\/\/olemosaic.orbitalia.org\/fr\/wp-json\/wp\/v2\/media\/11426"}],"wp:attachment":[{"href":"https:\/\/olemosaic.orbitalia.org\/fr\/wp-json\/wp\/v2\/media?parent=30414"}],"wp:term":[{"taxonomy":"product_brand","embeddable":true,"href":"https:\/\/olemosaic.orbitalia.org\/fr\/wp-json\/wp\/v2\/product_brand?post=30414"},{"taxonomy":"product_cat","embeddable":true,"href":"https:\/\/olemosaic.orbitalia.org\/fr\/wp-json\/wp\/v2\/product_cat?post=30414"},{"taxonomy":"product_tag","embeddable":true,"href":"https:\/\/olemosaic.orbitalia.org\/fr\/wp-json\/wp\/v2\/product_tag?post=30414"}],"curies":[{"name":"wp","href":"https:\/\/api.w.org\/{rel}","templated":true}]}}