{"id":30413,"date":"2025-02-20T22:32:14","date_gmt":"2025-02-20T22:32:14","guid":{"rendered":"https:\/\/olemosaic.orbitalia.org\/producto\/iman-de-metal-toro-sevilla-8-cm\/"},"modified":"2025-07-25T19:17:02","modified_gmt":"2025-07-25T17:17:02","slug":"aimant-metal-taureau-seville-8-cm","status":"publish","type":"product","link":"https:\/\/olemosaic.orbitalia.org\/fr\/produit\/aimant-metal-taureau-seville-8-cm\/","title":{"rendered":"Aimant en m\u00e9tal. Taureau. S\u00e9ville. 8 cm."},"content":{"rendered":"<p>Cet aimant m\u00e9tallique avec la repr\u00e9sentation d&rsquo;un taureau est un souvenir embl\u00e9matique qui capture l&rsquo;essence de la culture espagnole, particuli\u00e8rement populaire \u00e0 S\u00e9ville. Avec des dimensions de 8 cm, il est d\u00e9cor\u00e9 d&rsquo;un design vibrant et color\u00e9 rappelant une mosa\u00efque, utilisant une palette de tons rouges et jaunes qui symbolisent la passion et la vitalit\u00e9 de l&rsquo;art et de la tradition espagnols. Le taureau, symbole de force et de courage, se d\u00e9tache au centre de la pi\u00e8ce, avec des d\u00e9tails qui apportent dynamisme et profondeur \u00e0 sa silhouette.<\/p>\n<p>Le fond bleu clair ajoute de la fra\u00eecheur et un contraste attrayant, compl\u00e9tant le design lumineux de l&rsquo;animal. Le mot \u00ab\u00a0SEVILLA\u00a0\u00bb ressort en lettres pro\u00e9minentes, liant directement le souvenir au riche patrimoine culturel de cette ville andalouse embl\u00e9matique. Cet aimant n&rsquo;est pas seulement un souvenir visuel, mais il \u00e9voque \u00e9galement l&rsquo;histoire et le folklore de la r\u00e9gion, o\u00f9 les corridas font partie de son h\u00e9ritage culturel.<\/p>\n<p>Chez Ol\u00e9 Mosaic, distributeurs de souvenirs en gros, cet aimant de taureau est un choix parfait pour les boutiques de cadeaux touristiques cherchant \u00e0 offrir des produits authentiques qui soulignent l&rsquo;identit\u00e9 de S\u00e9ville. Un cadeau id\u00e9al pour ceux qui souhaitent emporter un morceau d&rsquo;Espagne chez eux.<\/p>\n","protected":false},"excerpt":{"rendered":"<p>Aimant m\u00e9tallique avec la repr\u00e9sentation d&rsquo;un taureau, symbole embl\u00e9matique de la culture espagnole, particuli\u00e8rement populaire \u00e0 S\u00e9ville. Avec une taille de 8 cm, cet aimant est d\u00e9cor\u00e9 d&rsquo;un design vibrant et color\u00e9 dans les tons rouges et jaunes, imitant une mosa\u00efque. Le fond, avec un ciel bleu, apporte de la fra\u00eecheur, tandis que le mot \u00ab\u00a0SEVILLA\u00a0\u00bb en lettres pro\u00e9minentes souligne la connexion avec la ville. Id\u00e9al pour se souvenir de votre visite ou comme cadeau.<\/p>\n","protected":false},"featured_media":9993,"template":"","meta":{"_acf_changed":false},"product_brand":[],"product_cat":[697],"product_tag":[530],"class_list":{"0":"post-30413","1":"product","2":"type-product","3":"status-publish","4":"has-post-thumbnail","6":"product_cat-aimants","7":"product_tag-animaux","8":"pa_ciudad-sevilla","9":"pa_motivo-taureaux","10":"pa_pais-espana","12":"first","13":"instock","14":"shipping-taxable","15":"product-type-simple"},"acf":[],"_links":{"self":[{"href":"https:\/\/olemosaic.orbitalia.org\/fr\/wp-json\/wp\/v2\/product\/30413","targetHints":{"allow":["GET"]}}],"collection":[{"href":"https:\/\/olemosaic.orbitalia.org\/fr\/wp-json\/wp\/v2\/product"}],"about":[{"href":"https:\/\/olemosaic.orbitalia.org\/fr\/wp-json\/wp\/v2\/types\/product"}],"wp:featuredmedia":[{"embeddable":true,"href":"https:\/\/olemosaic.orbitalia.org\/fr\/wp-json\/wp\/v2\/media\/9993"}],"wp:attachment":[{"href":"https:\/\/olemosaic.orbitalia.org\/fr\/wp-json\/wp\/v2\/media?parent=30413"}],"wp:term":[{"taxonomy":"product_brand","embeddable":true,"href":"https:\/\/olemosaic.orbitalia.org\/fr\/wp-json\/wp\/v2\/product_brand?post=30413"},{"taxonomy":"product_cat","embeddable":true,"href":"https:\/\/olemosaic.orbitalia.org\/fr\/wp-json\/wp\/v2\/product_cat?post=30413"},{"taxonomy":"product_tag","embeddable":true,"href":"https:\/\/olemosaic.orbitalia.org\/fr\/wp-json\/wp\/v2\/product_tag?post=30413"}],"curies":[{"name":"wp","href":"https:\/\/api.w.org\/{rel}","templated":true}]}}