{"id":30412,"date":"2025-02-20T22:32:14","date_gmt":"2025-02-20T22:32:14","guid":{"rendered":"https:\/\/olemosaic.orbitalia.org\/producto\/iman-de-metal-buho-negro-8-cm\/"},"modified":"2025-07-25T18:57:10","modified_gmt":"2025-07-25T16:57:10","slug":"aimant-metal-hibou-noir-8-cm","status":"publish","type":"product","link":"https:\/\/olemosaic.orbitalia.org\/fr\/produit\/aimant-metal-hibou-noir-8-cm\/","title":{"rendered":"Aimant en m\u00e9tal. Hibou. Noir. 8 cm."},"content":{"rendered":"<p>Cet aimant m\u00e9tallique avec l&rsquo;image de deux hiboux color\u00e9s est une repr\u00e9sentation vibrante de l&rsquo;art de la mosa\u00efque, id\u00e9al pour ceux qui recherchent un souvenir authentique de la riche culture visuelle espagnole. Avec une taille de 8 cm, son design se d\u00e9tache sur une base noire qui rehausse les tons intenses et frappants des hiboux, \u00e9labor\u00e9s dans un style mosa\u00efque qui \u00e9voque la tradition artistique du pays. Chaque hibou pr\u00e9sente une palette de couleurs brillantes symbolisant la diversit\u00e9 et la joie, devenant une pi\u00e8ce parfaite pour ajouter une touche de couleur \u00e0 n&rsquo;importe quel espace. Cet aimant n&rsquo;est pas seulement un objet d\u00e9coratif ; c&rsquo;est aussi un symbole de l&rsquo;h\u00e9ritage culturel et de la cr\u00e9ativit\u00e9 artistique de l&rsquo;Espagne, soulignant l&rsquo;appr\u00e9ciation pour l&rsquo;art de la c\u00e9ramique et des mosa\u00efques qui caract\u00e9risent plusieurs r\u00e9gions, comme l&rsquo;Andalousie. Chez Ol\u00e9 Mosaic, nous proposons cet aimant comme un excellent souvenir pour les boutiques de cadeaux touristiques \u00e0 la recherche de produits uniques et repr\u00e9sentatifs. Cet aimant de hiboux est une option de choix pour ceux qui souhaitent ramener chez eux un morceau de la tradition artistique espagnole, \u00e9tant \u00e9galement une excellente id\u00e9e de cadeau pour les amis et la famille.<\/p>\n","protected":false},"excerpt":{"rendered":"<p>Aimant m\u00e9tallique avec deux hiboux color\u00e9s, inspir\u00e9 de l&rsquo;art de la mosa\u00efque, qui ajoute une touche vibrante \u00e0 n&rsquo;importe quel espace. Avec un design de 8 cm, cet aimant pr\u00e9sente une base noire qui fait ressortir les tons \u00e9clatants des hiboux, \u00e9labor\u00e9s au style mosa\u00efque avec une vari\u00e9t\u00e9 de couleurs brillantes. Parfait comme souvenir ou d\u00e9coration, c&rsquo;est un rappel charmant de la riche culture visuelle espagnole.<\/p>\n","protected":false},"featured_media":11207,"template":"","meta":{"_acf_changed":false},"product_brand":[],"product_cat":[697],"product_tag":[530],"class_list":{"0":"post-30412","1":"product","2":"type-product","3":"status-publish","4":"has-post-thumbnail","6":"product_cat-aimants","7":"product_tag-animaux","8":"pa_motivo-hiboux","10":"first","11":"instock","12":"shipping-taxable","13":"product-type-simple"},"acf":[],"_links":{"self":[{"href":"https:\/\/olemosaic.orbitalia.org\/fr\/wp-json\/wp\/v2\/product\/30412","targetHints":{"allow":["GET"]}}],"collection":[{"href":"https:\/\/olemosaic.orbitalia.org\/fr\/wp-json\/wp\/v2\/product"}],"about":[{"href":"https:\/\/olemosaic.orbitalia.org\/fr\/wp-json\/wp\/v2\/types\/product"}],"wp:featuredmedia":[{"embeddable":true,"href":"https:\/\/olemosaic.orbitalia.org\/fr\/wp-json\/wp\/v2\/media\/11207"}],"wp:attachment":[{"href":"https:\/\/olemosaic.orbitalia.org\/fr\/wp-json\/wp\/v2\/media?parent=30412"}],"wp:term":[{"taxonomy":"product_brand","embeddable":true,"href":"https:\/\/olemosaic.orbitalia.org\/fr\/wp-json\/wp\/v2\/product_brand?post=30412"},{"taxonomy":"product_cat","embeddable":true,"href":"https:\/\/olemosaic.orbitalia.org\/fr\/wp-json\/wp\/v2\/product_cat?post=30412"},{"taxonomy":"product_tag","embeddable":true,"href":"https:\/\/olemosaic.orbitalia.org\/fr\/wp-json\/wp\/v2\/product_tag?post=30412"}],"curies":[{"name":"wp","href":"https:\/\/api.w.org\/{rel}","templated":true}]}}