{"id":30409,"date":"2025-02-20T22:32:13","date_gmt":"2025-02-20T22:32:13","guid":{"rendered":"https:\/\/olemosaic.orbitalia.org\/producto\/iman-de-metal-bailaora-negro-8-cm\/"},"modified":"2025-07-25T18:57:40","modified_gmt":"2025-07-25T16:57:40","slug":"aimant-metal-danseuse-flamenco-noir-8-cm","status":"publish","type":"product","link":"https:\/\/olemosaic.orbitalia.org\/fr\/produit\/aimant-metal-danseuse-flamenco-noir-8-cm\/","title":{"rendered":"Aimant en m\u00e9tal. Danseuse de flamenco. Noir. 8 cm."},"content":{"rendered":"<p>Cet aimant m\u00e9tallique, avec l&rsquo;illustration d&rsquo;une danseuse de flamenco, est un souvenir attrayant qui capture l&rsquo;essence vibrante de la culture espagnole. Avec ses 8 cm, cet aimant pr\u00e9sente une danseuse v\u00eatue d&rsquo;un costume \u00e0 volants color\u00e9, orn\u00e9 de tons rouges et bleus intenses qui ressortent sur un fond noir. La figure de la danseuse, soigneusement con\u00e7ue, \u00e9voque la passion et le rythme du flamenco, un art qui symbolise le c\u0153ur et l&rsquo;\u00e2me de l&rsquo;Espagne. Elle l\u00e8ve une main dans un geste expressif, tandis que son autre bras s&rsquo;enveloppe dans sa robe, transportant l&rsquo;observateur dans une sc\u00e8ne de danse d&rsquo;un patio andalou.<\/p>\n<p>Le design inclut le mot \u00ab\u00a0ESPA\u00d1A\u00a0\u00bb en lettres grandes et frappantes, garantissant que cet aimant ne serve pas seulement d&rsquo;ornement pour toute surface m\u00e9tallique, mais aussi de rappel constant des traditions culturelles du pays. Id\u00e9al pour les touristes qui recherchent des souvenirs repr\u00e9sentatifs, cet aimant de danseuse est une excellente fa\u00e7on de ramener chez soi un morceau de la culture flamenca.<\/p>\n<p>Chez Ol\u00e9 Mosaic, nous proposons une large gamme de souvenirs d&rsquo;Espagne qui refl\u00e8tent la richesse culturelle de diverses r\u00e9gions, et cet aimant de danseuse est une pi\u00e8ce ma\u00eetresse qui attirera l&rsquo;attention de tous ceux qui souhaitent se souvenir de leur visite. En tant que grossistes de souvenirs, nous garantissons l&rsquo;authenticit\u00e9 et la qualit\u00e9 de chaque produit, faisant de cet aimant une option parfaite pour les boutiques de cadeaux touristiques.<\/p>\n","protected":false},"excerpt":{"rendered":"<p>Aimant en m\u00e9tal avec une illustration vibrante d&rsquo;une danseuse de flamenco, inspir\u00e9 de la culture espagnole. D&rsquo;une taille de 8 cm, l&rsquo;aimant montre la figure de la danseuse avec une robe \u00e0 volants color\u00e9e, avec des d\u00e9tails en rouge et bleu, et le mot \u00ab\u00a0ESPA\u00d1A\u00a0\u00bb en grandes lettres. Le fond noir rehausse les couleurs vives du design, \u00e9voquant la passion et l&rsquo;art du flamenco espagnol. Id\u00e9al pour d\u00e9corer toute surface m\u00e9tallique et apporter une touche d&rsquo;Espagne \u00e0 votre int\u00e9rieur.<\/p>\n","protected":false},"featured_media":6964,"template":"","meta":{"_acf_changed":false},"product_brand":[],"product_cat":[697],"product_tag":[],"class_list":{"0":"post-30409","1":"product","2":"type-product","3":"status-publish","4":"has-post-thumbnail","6":"product_cat-aimants","7":"pa_motivo-danseurs","9":"first","10":"instock","11":"shipping-taxable","12":"product-type-simple"},"acf":[],"_links":{"self":[{"href":"https:\/\/olemosaic.orbitalia.org\/fr\/wp-json\/wp\/v2\/product\/30409","targetHints":{"allow":["GET"]}}],"collection":[{"href":"https:\/\/olemosaic.orbitalia.org\/fr\/wp-json\/wp\/v2\/product"}],"about":[{"href":"https:\/\/olemosaic.orbitalia.org\/fr\/wp-json\/wp\/v2\/types\/product"}],"wp:featuredmedia":[{"embeddable":true,"href":"https:\/\/olemosaic.orbitalia.org\/fr\/wp-json\/wp\/v2\/media\/6964"}],"wp:attachment":[{"href":"https:\/\/olemosaic.orbitalia.org\/fr\/wp-json\/wp\/v2\/media?parent=30409"}],"wp:term":[{"taxonomy":"product_brand","embeddable":true,"href":"https:\/\/olemosaic.orbitalia.org\/fr\/wp-json\/wp\/v2\/product_brand?post=30409"},{"taxonomy":"product_cat","embeddable":true,"href":"https:\/\/olemosaic.orbitalia.org\/fr\/wp-json\/wp\/v2\/product_cat?post=30409"},{"taxonomy":"product_tag","embeddable":true,"href":"https:\/\/olemosaic.orbitalia.org\/fr\/wp-json\/wp\/v2\/product_tag?post=30409"}],"curies":[{"name":"wp","href":"https:\/\/api.w.org\/{rel}","templated":true}]}}