{"id":30408,"date":"2025-02-20T23:32:13","date_gmt":"2025-02-20T22:32:13","guid":{"rendered":"https:\/\/olemosaic.orbitalia.org\/producto\/iman-de-metal-sagrada-familia-barcelona-8-cm-2\/"},"modified":"2025-07-25T20:08:32","modified_gmt":"2025-07-25T18:08:32","slug":"aimant-metal-sagrada-familia-barcelone-8-cm","status":"publish","type":"product","link":"https:\/\/olemosaic.orbitalia.org\/fr\/produit\/aimant-metal-sagrada-familia-barcelone-8-cm\/","title":{"rendered":"Aimant en m\u00e9tal. Sagrada Familia. Mosa\u00efque. Antoni Gaud\u00ed. Barcelone. Fond bleu. 8 cm."},"content":{"rendered":"<p>Cet aimant m\u00e9tallique avec l&rsquo;illustration de la Sagrada Familia est une repr\u00e9sentation vibrante de l&rsquo;un des monuments les plus embl\u00e9matiques de Barcelone. Avec ses 8 cm, cet aimant se distingue par son design color\u00e9, qui capture la beaut\u00e9 majestueuse de la basilique, un chef-d&rsquo;\u0153uvre de l&rsquo;architecture moderniste con\u00e7u par Antoni Gaud\u00ed. Ses tours inclin\u00e9es et les ornementations en trencad\u00eds, qui ornent la fa\u00e7ade, sont repr\u00e9sent\u00e9es avec un d\u00e9tail m\u00e9ticuleux, en faisant un souvenir qui refl\u00e8te la singularit\u00e9 de ce patrimoine culturel. Le fond bleu de l&rsquo;aimant compl\u00e8te parfaitement l&rsquo;illustration, cr\u00e9ant un contraste attrayant qui rehausse chaque \u00e9l\u00e9ment architectural.<\/p>\n<p>Le nom \u00ab\u00a0Barcelona\u00a0\u00bb est pr\u00e9sent\u00e9 en lettres blanches, ajoutant une touche d&rsquo;\u00e9l\u00e9gance et de clart\u00e9, ce qui fait de cet aimant non seulement un objet fonctionnel, mais aussi une pi\u00e8ce d\u00e9corative qui capture l&rsquo;essence de la ville. Ce souvenir n&rsquo;est pas seulement un rappel physique ; c&rsquo;est un lien \u00e9motionnel avec la riche histoire et l&rsquo;esprit vibrant de Barcelone, ce qui en fait un cadeau id\u00e9al pour ceux qui cherchent \u00e0 emporter une partie de cette ville merveilleuse.<\/p>\n<p>Chez Ol\u00e9 Mosaic, nous nous sp\u00e9cialisons dans la distribution de souvenirs en gros, et cet aimant de la Sagrada Familia est une excellente option pour les boutiques de cadeaux touristiques qui souhaitent proposer des produits authentiques et culturellement pertinents. En tant que grossistes de souvenirs, nous garantissons la qualit\u00e9 et l&rsquo;originalit\u00e9 de chaque pi\u00e8ce, assurant que chaque client ait l&rsquo;opportunit\u00e9 de ramener un fragment de Barcelone chez lui.<\/p>\n","protected":false},"excerpt":{"rendered":"<p>Aimant m\u00e9tallique avec une illustration vibrante de la Sagrada Familia, l&rsquo;un des monuments les plus embl\u00e9matiques de Barcelone. D&rsquo;une taille de 8 cm, cet aimant pr\u00e9sente un design color\u00e9 qui souligne les d\u00e9tails architecturaux de la basilique, avec ses tours inclin\u00e9es et les magnifiques trencad\u00eds qui ornent sa fa\u00e7ade. Le fond bleu embellit la sc\u00e8ne, compl\u00e9t\u00e9 par le nom \u00ab Barcelona \u00bb en lettres blanches, ce qui fait de cet aimant un souvenir parfait de la ville.<\/p>\n","protected":false},"featured_media":11383,"template":"","meta":{"_acf_changed":false},"product_brand":[],"product_cat":[697],"product_tag":[],"class_list":{"0":"post-30408","1":"product","2":"type-product","3":"status-publish","4":"has-post-thumbnail","6":"product_cat-aimants","7":"pa_ciudad-barcelona","8":"pa_motivo-sagrada-familia","9":"pa_pais-espana","11":"first","12":"instock","13":"shipping-taxable","14":"product-type-simple"},"acf":[],"_links":{"self":[{"href":"https:\/\/olemosaic.orbitalia.org\/fr\/wp-json\/wp\/v2\/product\/30408","targetHints":{"allow":["GET"]}}],"collection":[{"href":"https:\/\/olemosaic.orbitalia.org\/fr\/wp-json\/wp\/v2\/product"}],"about":[{"href":"https:\/\/olemosaic.orbitalia.org\/fr\/wp-json\/wp\/v2\/types\/product"}],"wp:featuredmedia":[{"embeddable":true,"href":"https:\/\/olemosaic.orbitalia.org\/fr\/wp-json\/wp\/v2\/media\/11383"}],"wp:attachment":[{"href":"https:\/\/olemosaic.orbitalia.org\/fr\/wp-json\/wp\/v2\/media?parent=30408"}],"wp:term":[{"taxonomy":"product_brand","embeddable":true,"href":"https:\/\/olemosaic.orbitalia.org\/fr\/wp-json\/wp\/v2\/product_brand?post=30408"},{"taxonomy":"product_cat","embeddable":true,"href":"https:\/\/olemosaic.orbitalia.org\/fr\/wp-json\/wp\/v2\/product_cat?post=30408"},{"taxonomy":"product_tag","embeddable":true,"href":"https:\/\/olemosaic.orbitalia.org\/fr\/wp-json\/wp\/v2\/product_tag?post=30408"}],"curies":[{"name":"wp","href":"https:\/\/api.w.org\/{rel}","templated":true}]}}