{"id":30407,"date":"2025-02-20T22:32:13","date_gmt":"2025-02-20T22:32:13","guid":{"rendered":"https:\/\/olemosaic.orbitalia.org\/producto\/iman-de-metal-bailaora-madrid-negro-8-cm\/"},"modified":"2025-07-25T19:46:57","modified_gmt":"2025-07-25T17:46:57","slug":"aimant-metal-danseuse-flamenco-madrid-noir-8-cm","status":"publish","type":"product","link":"https:\/\/olemosaic.orbitalia.org\/fr\/produit\/aimant-metal-danseuse-flamenco-madrid-noir-8-cm\/","title":{"rendered":"Aimant en m\u00e9tal. Danseuse de flamenco. Madrid. Noir. 8 cm."},"content":{"rendered":"<p>Cet aimant m\u00e9tallique avec l&rsquo;illustration de deux danseuses de flamenco est une repr\u00e9sentation vibrante de l&rsquo;esprit madril\u00e8ne. D&rsquo;une taille de 8 cm, son design noir sert de fond \u00e9l\u00e9gant qui rehausse les couleurs vives des costumes des danseuses, richement orn\u00e9s de d\u00e9tails en mosa\u00efque qui capturent l&rsquo;essence et la passion du flamenco. Les figures, v\u00eatues de flamboyantes robes rouges et vertes, dansent avec gr\u00e2ce, transmettant l&rsquo;\u00e9nergie et l&rsquo;\u00e9motion de cet art espagnol. Le mot \u00ab\u00a0MADRID\u00a0\u00bb dans la partie sup\u00e9rieure, avec une typographie color\u00e9e, ajoute une touche distinctive et attrayante, faisant de ce souvenir un rappel incontournable de la capitale espagnole.<\/p>\n<p>Cet aimant n&rsquo;est pas seulement une pi\u00e8ce d\u00e9corative, mais aussi un symbole du patrimoine culturel de l&rsquo;Espagne, id\u00e9al pour ceux qui recherchent des souvenirs authentiques c\u00e9l\u00e9brant la tradition flamenca. Son design frappant et color\u00e9 en fait une excellente option pour les touristes qui souhaitent ramener un morceau de Madrid chez eux. Chez Ol\u00e9 Mosaic, en tant que grossistes de souvenirs, nous proposons des produits de haute qualit\u00e9 qui refl\u00e8tent la riche culture espagnole, faisant de cet aimant de danseuses un article parfait pour les boutiques de cadeaux touristiques qui appr\u00e9cient l&rsquo;artisanat authentique et la valeur culturelle.<\/p>\n","protected":false},"excerpt":{"rendered":"<p>Aimant m\u00e9tallique avec l&rsquo;illustration de deux danseuses de flamenco, un design vibrant qui \u00e9voque l&rsquo;esprit de Madrid. Ce mod\u00e8le noir de 8 cm pr\u00e9sente un fond sobre qui fait ressortir les couleurs vives des costumes des danseuses, richement orn\u00e9s de d\u00e9tails en mosa\u00efque. Les figures, v\u00eatues de flamboyantes robes rouges et vertes, capturent l&rsquo;essence de l&rsquo;art flamenco, tandis que le mot \u00ab\u00a0MADRID\u00a0\u00bb en haut ajoute une touche distinctive et attrayante.<\/p>\n","protected":false},"featured_media":8958,"template":"","meta":{"_acf_changed":false},"product_brand":[],"product_cat":[697],"product_tag":[],"class_list":{"0":"post-30407","1":"product","2":"type-product","3":"status-publish","4":"has-post-thumbnail","6":"product_cat-aimants","7":"pa_ciudad-madrid","8":"pa_motivo-danseurs","9":"pa_pais-espana","11":"first","12":"instock","13":"shipping-taxable","14":"product-type-simple"},"acf":[],"_links":{"self":[{"href":"https:\/\/olemosaic.orbitalia.org\/fr\/wp-json\/wp\/v2\/product\/30407","targetHints":{"allow":["GET"]}}],"collection":[{"href":"https:\/\/olemosaic.orbitalia.org\/fr\/wp-json\/wp\/v2\/product"}],"about":[{"href":"https:\/\/olemosaic.orbitalia.org\/fr\/wp-json\/wp\/v2\/types\/product"}],"wp:featuredmedia":[{"embeddable":true,"href":"https:\/\/olemosaic.orbitalia.org\/fr\/wp-json\/wp\/v2\/media\/8958"}],"wp:attachment":[{"href":"https:\/\/olemosaic.orbitalia.org\/fr\/wp-json\/wp\/v2\/media?parent=30407"}],"wp:term":[{"taxonomy":"product_brand","embeddable":true,"href":"https:\/\/olemosaic.orbitalia.org\/fr\/wp-json\/wp\/v2\/product_brand?post=30407"},{"taxonomy":"product_cat","embeddable":true,"href":"https:\/\/olemosaic.orbitalia.org\/fr\/wp-json\/wp\/v2\/product_cat?post=30407"},{"taxonomy":"product_tag","embeddable":true,"href":"https:\/\/olemosaic.orbitalia.org\/fr\/wp-json\/wp\/v2\/product_tag?post=30407"}],"curies":[{"name":"wp","href":"https:\/\/api.w.org\/{rel}","templated":true}]}}