{"id":30405,"date":"2025-02-20T22:32:13","date_gmt":"2025-02-20T22:32:13","guid":{"rendered":"https:\/\/olemosaic.orbitalia.org\/producto\/iman-de-metal-toro-plata-8-cm\/"},"modified":"2025-07-25T23:57:32","modified_gmt":"2025-07-25T21:57:32","slug":"aimant-metal-taureau-argent-8-cm","status":"publish","type":"product","link":"https:\/\/olemosaic.orbitalia.org\/fr\/produit\/aimant-metal-taureau-argent-8-cm\/","title":{"rendered":"Aimant en m\u00e9tal. Taureau. Argent. 8 cm."},"content":{"rendered":"<p>Cet aimant m\u00e9tallique en forme de taureau est un souvenir embl\u00e9matique qui capture l&rsquo;essence de l&rsquo;Espagne avec \u00e9l\u00e9gance et couleur. D&rsquo;une taille de 8 cm, cet aimant attrayant pr\u00e9sente un design artistique en mosa\u00efque qui combine une palette de couleurs vibrantes, incluant des rouges, jaunes et oranges intenses, symbolisant la force et le caract\u00e8re indomable du taureau, animal embl\u00e9matique de la culture espagnole. La figure du taureau, repr\u00e9sent\u00e9e dans un style visuel distinctif, se d\u00e9tache sur un fond blanc qui rehausse son \u00e9clat, tandis que le mot \u00ab\u00a0ESPA\u00d1A\u00a0\u00bb est imprim\u00e9 en lettres pro\u00e9minentes, soulignant sa pertinence en tant que souvenir pour ceux qui souhaitent emporter un petit morceau du pays avec eux.<\/p>\n<p>Cet aimant est non seulement id\u00e9al pour d\u00e9corer un r\u00e9frig\u00e9rateur, mais c&rsquo;est aussi un cadeau parfait qui \u00e9voque la riche culture et la tradition espagnole, particuli\u00e8rement dans les r\u00e9gions o\u00f9 la tauromachie et le folklore associ\u00e9 sont une part importante de l&rsquo;identit\u00e9 locale. Chez Ol\u00e9 Mosaic, en tant que grossistes de souvenirs, nous proposons des produits qui refl\u00e8tent authentiquement les traditions de l&rsquo;Espagne, et cet aimant de taureau est une excellente option pour les boutiques de cadeaux touristiques qui recherchent des articles qui connectent avec les visiteurs. Son originalit\u00e9, son design attrayant et son symbolisme culturel en font un souvenir pr\u00e9cieux et repr\u00e9sentatif de l&rsquo;h\u00e9ritage espagnol.<\/p>\n","protected":false},"excerpt":{"rendered":"<p>Aimant en m\u00e9tal en forme de taureau, symbole embl\u00e9matique de l&rsquo;Espagne, de 8 cm. Cet aimant attrayant pr\u00e9sente un design artistique en mosa\u00efque avec une palette de couleurs vibrantes incluant des rouges, jaunes et oranges, repr\u00e9sentant la force et le caract\u00e8re du taureau. Le mot \u00ab\u00a0ESPA\u00d1A\u00a0\u00bb est imprim\u00e9 en lettres pro\u00e9minentes, ce qui en fait un souvenir id\u00e9al qui \u00e9voque la riche culture et tradition espagnole. Parfait pour d\u00e9corer le r\u00e9frig\u00e9rateur ou comme cadeau.<\/p>\n","protected":false},"featured_media":9973,"template":"","meta":{"_acf_changed":false},"product_brand":[],"product_cat":[697],"product_tag":[530],"class_list":{"0":"post-30405","1":"product","2":"type-product","3":"status-publish","4":"has-post-thumbnail","6":"product_cat-aimants","7":"product_tag-animaux","8":"pa_motivo-taureaux","10":"first","11":"instock","12":"shipping-taxable","13":"product-type-simple"},"acf":[],"_links":{"self":[{"href":"https:\/\/olemosaic.orbitalia.org\/fr\/wp-json\/wp\/v2\/product\/30405","targetHints":{"allow":["GET"]}}],"collection":[{"href":"https:\/\/olemosaic.orbitalia.org\/fr\/wp-json\/wp\/v2\/product"}],"about":[{"href":"https:\/\/olemosaic.orbitalia.org\/fr\/wp-json\/wp\/v2\/types\/product"}],"wp:featuredmedia":[{"embeddable":true,"href":"https:\/\/olemosaic.orbitalia.org\/fr\/wp-json\/wp\/v2\/media\/9973"}],"wp:attachment":[{"href":"https:\/\/olemosaic.orbitalia.org\/fr\/wp-json\/wp\/v2\/media?parent=30405"}],"wp:term":[{"taxonomy":"product_brand","embeddable":true,"href":"https:\/\/olemosaic.orbitalia.org\/fr\/wp-json\/wp\/v2\/product_brand?post=30405"},{"taxonomy":"product_cat","embeddable":true,"href":"https:\/\/olemosaic.orbitalia.org\/fr\/wp-json\/wp\/v2\/product_cat?post=30405"},{"taxonomy":"product_tag","embeddable":true,"href":"https:\/\/olemosaic.orbitalia.org\/fr\/wp-json\/wp\/v2\/product_tag?post=30405"}],"curies":[{"name":"wp","href":"https:\/\/api.w.org\/{rel}","templated":true}]}}