{"id":30396,"date":"2025-02-20T22:32:12","date_gmt":"2025-02-20T22:32:12","guid":{"rendered":"https:\/\/olemosaic.orbitalia.org\/producto\/iman-de-metal-salamandra-barcelona\/"},"modified":"2025-07-25T19:49:30","modified_gmt":"2025-07-25T17:49:30","slug":"aimant-en-metal-salamandre-barcelone","status":"publish","type":"product","link":"https:\/\/olemosaic.orbitalia.org\/fr\/produit\/aimant-en-metal-salamandre-barcelone\/","title":{"rendered":"Aimant en m\u00e9tal. Salamandre. Barcelone."},"content":{"rendered":"<p>Cet aimant m\u00e9tallique en forme de salamandre est un charmant souvenir, inspir\u00e9 par l&rsquo;iconique mosa\u00efque de Gaud\u00ed \u00e0 Barcelone. Con\u00e7u avec des pi\u00e8ces aux couleurs vibrantes dans des tons bleus, verts, jaunes et rouges, cet aimant \u00e9voque non seulement l&rsquo;essence artistique de la capitale catalane, mais aussi le merveilleux travail de mosa\u00efque qui caract\u00e9rise les \u0153uvres d&rsquo;Antoni Gaud\u00ed. La salamandre, repr\u00e9sentation embl\u00e9matique de la cr\u00e9ativit\u00e9 moderniste, se d\u00e9ploie dans une posture dynamique, captant l&rsquo;attention avec son design stylis\u00e9 et contemporain. Au centre de l&rsquo;aimant, le mot \u00ab\u00a0Barcelona\u00a0\u00bb se d\u00e9tache avec une typographie claire et attrayante, ajoutant une touche personnelle et authentique.<\/p>\n<p>L&rsquo;aimant est parfait pour d\u00e9corer n&rsquo;importe quelle surface m\u00e9tallique, comme les r\u00e9frig\u00e9rateurs ou les tableaux blancs, et sert de rappel constant de la riche culture et de l&rsquo;architecture singuli\u00e8re qui d\u00e9finit la ville. Ce souvenir n&rsquo;est pas seulement un article d\u00e9coratif, mais aussi un symbole de la diversit\u00e9 culturelle que l&rsquo;on d\u00e9couvre en visitant Barcelone. Chez Ol\u00e9 Mosaic, en tant que grossiste de souvenirs, nous proposons des produits qui refl\u00e8tent l&rsquo;authenticit\u00e9 et l&rsquo;esprit de chaque r\u00e9gion. Cet aimant de salamandre est un choix id\u00e9al pour les boutiques de cadeaux touristiques qui souhaitent offrir \u00e0 leurs clients des souvenirs authentiques et repr\u00e9sentatifs de la vie vibrante \u00e0 Barcelone.<\/p>\n","protected":false},"excerpt":{"rendered":"<p>Aimant m\u00e9tallique en forme de salamandre, inspir\u00e9 par la c\u00e9l\u00e8bre mosa\u00efque de Gaud\u00ed \u00e0 Barcelone. Cet aimant color\u00e9 pr\u00e9sente un design vibrant avec des tesselles dans des tons bleus, verts, jaunes et rouges, \u00e9voquant l&rsquo;essence artistique de la ville. Avec le mot \u00ab\u00a0Barcelona\u00a0\u00bb mis en avant au centre, c&rsquo;est le souvenir id\u00e9al pour se rappeler la riche culture et la cr\u00e9ativit\u00e9 architecturale de la capitale catalane. Parfait pour d\u00e9corer toute surface m\u00e9tallique.<\/p>\n","protected":false},"featured_media":6320,"template":"","meta":{"_acf_changed":false},"product_brand":[],"product_cat":[697],"product_tag":[530],"class_list":{"0":"post-30396","1":"product","2":"type-product","3":"status-publish","4":"has-post-thumbnail","6":"product_cat-aimants","7":"product_tag-animaux","8":"pa_ciudad-barcelona","9":"pa_motivo-salamandres","10":"pa_pais-espana","12":"first","13":"instock","14":"shipping-taxable","15":"product-type-simple"},"acf":[],"_links":{"self":[{"href":"https:\/\/olemosaic.orbitalia.org\/fr\/wp-json\/wp\/v2\/product\/30396","targetHints":{"allow":["GET"]}}],"collection":[{"href":"https:\/\/olemosaic.orbitalia.org\/fr\/wp-json\/wp\/v2\/product"}],"about":[{"href":"https:\/\/olemosaic.orbitalia.org\/fr\/wp-json\/wp\/v2\/types\/product"}],"wp:featuredmedia":[{"embeddable":true,"href":"https:\/\/olemosaic.orbitalia.org\/fr\/wp-json\/wp\/v2\/media\/6320"}],"wp:attachment":[{"href":"https:\/\/olemosaic.orbitalia.org\/fr\/wp-json\/wp\/v2\/media?parent=30396"}],"wp:term":[{"taxonomy":"product_brand","embeddable":true,"href":"https:\/\/olemosaic.orbitalia.org\/fr\/wp-json\/wp\/v2\/product_brand?post=30396"},{"taxonomy":"product_cat","embeddable":true,"href":"https:\/\/olemosaic.orbitalia.org\/fr\/wp-json\/wp\/v2\/product_cat?post=30396"},{"taxonomy":"product_tag","embeddable":true,"href":"https:\/\/olemosaic.orbitalia.org\/fr\/wp-json\/wp\/v2\/product_tag?post=30396"}],"curies":[{"name":"wp","href":"https:\/\/api.w.org\/{rel}","templated":true}]}}