{"id":30395,"date":"2025-02-20T22:32:12","date_gmt":"2025-02-20T22:32:12","guid":{"rendered":"https:\/\/olemosaic.orbitalia.org\/producto\/iman-de-metal-salamandra-alicante-plata-8-cm\/"},"modified":"2025-07-25T19:03:07","modified_gmt":"2025-07-25T17:03:07","slug":"aimant-en-metal-salamandre-alicante-argent-8-cm","status":"publish","type":"product","link":"https:\/\/olemosaic.orbitalia.org\/fr\/produit\/aimant-en-metal-salamandre-alicante-argent-8-cm\/","title":{"rendered":"Aimant en m\u00e9tal. Salamandre. Alicante. Argent. 8 cm."},"content":{"rendered":"<p>Cet aimant m\u00e9tallique en forme de salamandre est un charmant souvenir d&rsquo;Alicante, inspir\u00e9 par la riche faune et la culture vibrante de la r\u00e9gion. D&rsquo;une dimension de 8 cm, cet aimant attrayant pr\u00e9sente un design captivant qui combine des couleurs bleu, vert et jaune dans un style mosa\u00efque, rappelant la c\u00e9ramique traditionnelle d&rsquo;Alicante. La salamandre, symbole de transformation et de nature, prend vie gr\u00e2ce aux tons brillants qui \u00e9voquent le paysage m\u00e9diterran\u00e9en et la vie sauvage locale.<\/p>\n<p>L&rsquo;inscription \u00ab\u00a0ALICANTE\u00a0\u00bb sur la partie sup\u00e9rieure de l&rsquo;aimant ajoute une touche distinctive, en faisant un souvenir d\u00e9coratif id\u00e9al pour ceux qui ont visit\u00e9 cette belle ville c\u00f4ti\u00e8re. Parfait pour les amoureux de la nature et les collectionneurs de souvenirs, cet aimant s&rsquo;adapte facilement \u00e0 n&rsquo;importe quelle surface m\u00e9tallique, ajoutant une touche de joie et un petit morceau d&rsquo;Alicante \u00e0 la d\u00e9coration de la maison.<\/p>\n<p>Chez Ol\u00e9 Mosaic, nous nous sp\u00e9cialisons dans la distribution de souvenirs en gros qui refl\u00e8tent l&rsquo;authenticit\u00e9 et le patrimoine culturel de l&rsquo;Espagne. Cet aimant de salamandre n&rsquo;est pas seulement un souvenir repr\u00e9sentatif, mais aussi une excellente option pour les boutiques de cadeaux touristiques qui recherchent des produits originaux et pleins de sens. Avec son design artistique et sa connexion culturelle, ce souvenir est le moyen id\u00e9al de ramener un morceau de la nostalgie d&rsquo;Alicante chez soi.<\/p>\n","protected":false},"excerpt":{"rendered":"<p>Aimant m\u00e9tallique en forme de salamandre, inspir\u00e9 par la riche faune d&rsquo;Alicante. Cet aimant attrayant de 8 cm pr\u00e9sente un design vibrant en bleu, vert et jaune, imitant une mosa\u00efque qui \u00e9voque la culture locale. L&rsquo;inscription \u00ab\u00a0ALICANTE\u00a0\u00bb se d\u00e9tache sur la partie sup\u00e9rieure, ce qui en fait un excellent souvenir d\u00e9coratif. Id\u00e9al pour les amoureux de la nature et les collectionneurs, il ajoutera une touche de joie \u00e0 toute surface m\u00e9tallique.<\/p>\n","protected":false},"featured_media":12894,"template":"","meta":{"_acf_changed":false},"product_brand":[],"product_cat":[697],"product_tag":[530],"class_list":{"0":"post-30395","1":"product","2":"type-product","3":"status-publish","4":"has-post-thumbnail","6":"product_cat-aimants","7":"product_tag-animaux","8":"pa_ciudad-alicante","9":"pa_motivo-salamandres","10":"pa_pais-espana","12":"first","13":"instock","14":"shipping-taxable","15":"product-type-simple"},"acf":[],"_links":{"self":[{"href":"https:\/\/olemosaic.orbitalia.org\/fr\/wp-json\/wp\/v2\/product\/30395","targetHints":{"allow":["GET"]}}],"collection":[{"href":"https:\/\/olemosaic.orbitalia.org\/fr\/wp-json\/wp\/v2\/product"}],"about":[{"href":"https:\/\/olemosaic.orbitalia.org\/fr\/wp-json\/wp\/v2\/types\/product"}],"wp:featuredmedia":[{"embeddable":true,"href":"https:\/\/olemosaic.orbitalia.org\/fr\/wp-json\/wp\/v2\/media\/12894"}],"wp:attachment":[{"href":"https:\/\/olemosaic.orbitalia.org\/fr\/wp-json\/wp\/v2\/media?parent=30395"}],"wp:term":[{"taxonomy":"product_brand","embeddable":true,"href":"https:\/\/olemosaic.orbitalia.org\/fr\/wp-json\/wp\/v2\/product_brand?post=30395"},{"taxonomy":"product_cat","embeddable":true,"href":"https:\/\/olemosaic.orbitalia.org\/fr\/wp-json\/wp\/v2\/product_cat?post=30395"},{"taxonomy":"product_tag","embeddable":true,"href":"https:\/\/olemosaic.orbitalia.org\/fr\/wp-json\/wp\/v2\/product_tag?post=30395"}],"curies":[{"name":"wp","href":"https:\/\/api.w.org\/{rel}","templated":true}]}}