{"id":30382,"date":"2025-02-20T22:32:11","date_gmt":"2025-02-20T22:32:11","guid":{"rendered":"https:\/\/olemosaic.orbitalia.org\/producto\/iman-de-metal-gato-negro-8-cm\/"},"modified":"2025-07-25T20:27:29","modified_gmt":"2025-07-25T18:27:29","slug":"aimant-en-metal-chat-noir-8-cm","status":"publish","type":"product","link":"https:\/\/olemosaic.orbitalia.org\/fr\/produit\/aimant-en-metal-chat-noir-8-cm\/","title":{"rendered":"Aimant en m\u00e9tal. Chat. Noir. 8 cm."},"content":{"rendered":"<p>Cet aimant m\u00e9tallique en forme de chat est une charmante repr\u00e9sentation de l&rsquo;art traditionnel espagnol, inspir\u00e9 par le design vibrant des azulejos. D&rsquo;une taille de 8 cm, cette pi\u00e8ce d\u00e9corative pr\u00e9sente un chat captivant orn\u00e9 d&rsquo;une mosa\u00efque color\u00e9e combinant des tons intenses de bleu, vert, jaune et rouge. Les yeux jaunes brillants du chat, associ\u00e9s \u00e0 son fond noir, rehaussent la vivacit\u00e9 des couleurs, offrant un impact visuel attrayant qui capture l&rsquo;essence du folklore espagnol.<\/p>\n<p>Le design de cet aimant n&rsquo;est pas seulement une \u0153uvre d&rsquo;art, mais refl\u00e8te \u00e9galement la riche tradition de la c\u00e9ramique d\u00e9corative en Espagne, connue pour ses motifs complexes et ses couleurs. Cet aimant de chat est parfait comme souvenir d&rsquo;une visite ou comme cadeau unique qui emporte avec lui un morceau de la culture espagnole. Son authenticit\u00e9 en fait un souvenir id\u00e9al qui rappellera aux touristes la chaleur et la couleur de leur exp\u00e9rience en terres espagnoles.<\/p>\n<p>Chez Ol\u00e9 Mosaic, nous nous sp\u00e9cialisons dans la distribution de souvenirs en gros, et cet aimant color\u00e9 est une excellente option pour les boutiques de cadeaux touristiques \u00e0 la recherche de produits culturels et artistiques. Acqu\u00e9rez cet aimant de chat et offrez \u00e0 vos clients un souvenir unique et authentique de leur voyage en Espagne.<\/p>\n","protected":false},"excerpt":{"rendered":"<p>Aimant m\u00e9tallique en forme de chat, inspir\u00e9 par l&rsquo;art color\u00e9 de l&rsquo;azulejo. D&rsquo;une taille de 8 cm, il pr\u00e9sente un design vibrant compos\u00e9 de pi\u00e8ces dans des tons bleus, verts, jaunes et rouges qui forment la figure d&rsquo;un chat aux yeux jaunes brillants. Le fond noir rehausse la vivacit\u00e9 des couleurs, faisant de cet aimant une pi\u00e8ce d\u00e9corative et repr\u00e9sentative du folklore espagnol. Parfait comme souvenir de votre visite ou pour offrir.<\/p>\n","protected":false},"featured_media":7105,"template":"","meta":{"_acf_changed":false},"product_brand":[],"product_cat":[697],"product_tag":[530],"class_list":{"0":"post-30382","1":"product","2":"type-product","3":"status-publish","4":"has-post-thumbnail","6":"product_cat-aimants","7":"product_tag-animaux","8":"pa_motivo-chats","10":"first","11":"instock","12":"shipping-taxable","13":"product-type-simple"},"acf":[],"_links":{"self":[{"href":"https:\/\/olemosaic.orbitalia.org\/fr\/wp-json\/wp\/v2\/product\/30382","targetHints":{"allow":["GET"]}}],"collection":[{"href":"https:\/\/olemosaic.orbitalia.org\/fr\/wp-json\/wp\/v2\/product"}],"about":[{"href":"https:\/\/olemosaic.orbitalia.org\/fr\/wp-json\/wp\/v2\/types\/product"}],"wp:featuredmedia":[{"embeddable":true,"href":"https:\/\/olemosaic.orbitalia.org\/fr\/wp-json\/wp\/v2\/media\/7105"}],"wp:attachment":[{"href":"https:\/\/olemosaic.orbitalia.org\/fr\/wp-json\/wp\/v2\/media?parent=30382"}],"wp:term":[{"taxonomy":"product_brand","embeddable":true,"href":"https:\/\/olemosaic.orbitalia.org\/fr\/wp-json\/wp\/v2\/product_brand?post=30382"},{"taxonomy":"product_cat","embeddable":true,"href":"https:\/\/olemosaic.orbitalia.org\/fr\/wp-json\/wp\/v2\/product_cat?post=30382"},{"taxonomy":"product_tag","embeddable":true,"href":"https:\/\/olemosaic.orbitalia.org\/fr\/wp-json\/wp\/v2\/product_tag?post=30382"}],"curies":[{"name":"wp","href":"https:\/\/api.w.org\/{rel}","templated":true}]}}