{"id":30381,"date":"2025-02-20T22:32:11","date_gmt":"2025-02-20T22:32:11","guid":{"rendered":"https:\/\/olemosaic.orbitalia.org\/producto\/iman-de-metal-tortuga-azul-8-cm\/"},"modified":"2025-07-25T19:21:19","modified_gmt":"2025-07-25T17:21:19","slug":"aimant-en-metal-tortue-bleu-8-cm","status":"publish","type":"product","link":"https:\/\/olemosaic.orbitalia.org\/fr\/produit\/aimant-en-metal-tortue-bleu-8-cm\/","title":{"rendered":"Aimant en m\u00e9tal. Tortue. Bleu. 8 cm."},"content":{"rendered":"<p>Cet aimant m\u00e9tallique, au design vibrant de tortues marines, est le souvenir parfait pour \u00e9voquer les merveilles de l&rsquo;oc\u00e9an et de la vie marine. Avec sa taille de 8 cm, l&rsquo;aimant pr\u00e9sente un fond bleu rappelant la s\u00e9r\u00e9nit\u00e9 de la mer, o\u00f9 nagent des tortues et des hippocampes color\u00e9s, entour\u00e9s de coraux et de d\u00e9tails artistiques qui rehaussent leur beaut\u00e9. Les mosa\u00efques complexes aux couleurs \u00e9clatantes qui ornent les tortues et la faune marine rehaussent l&rsquo;esth\u00e9tique du design, captant l&rsquo;attention et ajoutant une touche artistique \u00e0 n&rsquo;importe quel r\u00e9frig\u00e9rateur.<\/p>\n<p>Ce produit n&rsquo;est pas seulement un charmant objet d\u00e9coratif, mais aussi un symbole de la riche biodiversit\u00e9 marine et de la connexion avec les destinations c\u00f4ti\u00e8res d&rsquo;Espagne et du Portugal. Son authenticit\u00e9 en tant que souvenir typique en fait le choix id\u00e9al pour les touristes souhaitant emporter un morceau de l&rsquo;oc\u00e9an, se rem\u00e9morant leurs aventures sous le soleil et la brise marine. Chez Ol\u00e9 Mosaic, nous sommes des distributeurs de souvenirs m\u00e9talliques proposant des produits authentiques, comme cet aimant de tortues marines, id\u00e9aux pour les boutiques de cadeaux touristiques recherchant vari\u00e9t\u00e9 et qualit\u00e9 dans leurs articles. Sans aucun doute, cet aimant est une excellente option pour les amoureux de la nature et de la mer.<\/p>\n","protected":false},"excerpt":{"rendered":"<p>Aimant m\u00e9tallique au design vibrant de tortues marines sur fond bleu, id\u00e9al pour se souvenir des merveilles de l&rsquo;oc\u00e9an. D&rsquo;une taille de 8 cm, il pr\u00e9sente des d\u00e9tails color\u00e9s en mosa\u00efque repr\u00e9sentant des tortues nageant parmi des hippocampes et des coraux, \u00e9voquant la vie marine. Cet article est parfait comme souvenir de vos voyages vers des destinations c\u00f4ti\u00e8res et ajoute une touche artistique \u00e0 votre r\u00e9frig\u00e9rateur.<\/p>\n","protected":false},"featured_media":12862,"template":"","meta":{"_acf_changed":false},"product_brand":[],"product_cat":[697],"product_tag":[530],"class_list":{"0":"post-30381","1":"product","2":"type-product","3":"status-publish","4":"has-post-thumbnail","6":"product_cat-aimants","7":"product_tag-animaux","8":"pa_motivo-tortues","10":"first","11":"instock","12":"shipping-taxable","13":"product-type-simple"},"acf":[],"_links":{"self":[{"href":"https:\/\/olemosaic.orbitalia.org\/fr\/wp-json\/wp\/v2\/product\/30381","targetHints":{"allow":["GET"]}}],"collection":[{"href":"https:\/\/olemosaic.orbitalia.org\/fr\/wp-json\/wp\/v2\/product"}],"about":[{"href":"https:\/\/olemosaic.orbitalia.org\/fr\/wp-json\/wp\/v2\/types\/product"}],"wp:featuredmedia":[{"embeddable":true,"href":"https:\/\/olemosaic.orbitalia.org\/fr\/wp-json\/wp\/v2\/media\/12862"}],"wp:attachment":[{"href":"https:\/\/olemosaic.orbitalia.org\/fr\/wp-json\/wp\/v2\/media?parent=30381"}],"wp:term":[{"taxonomy":"product_brand","embeddable":true,"href":"https:\/\/olemosaic.orbitalia.org\/fr\/wp-json\/wp\/v2\/product_brand?post=30381"},{"taxonomy":"product_cat","embeddable":true,"href":"https:\/\/olemosaic.orbitalia.org\/fr\/wp-json\/wp\/v2\/product_cat?post=30381"},{"taxonomy":"product_tag","embeddable":true,"href":"https:\/\/olemosaic.orbitalia.org\/fr\/wp-json\/wp\/v2\/product_tag?post=30381"}],"curies":[{"name":"wp","href":"https:\/\/api.w.org\/{rel}","templated":true}]}}