{"id":30368,"date":"2025-02-20T22:32:10","date_gmt":"2025-02-20T22:32:10","guid":{"rendered":"https:\/\/olemosaic.orbitalia.org\/producto\/iman-de-metal-toro-8-cm\/"},"modified":"2025-07-25T20:38:41","modified_gmt":"2025-07-25T18:38:41","slug":"aimant-metal-taureau-8-cm","status":"publish","type":"product","link":"https:\/\/olemosaic.orbitalia.org\/fr\/produit\/aimant-metal-taureau-8-cm\/","title":{"rendered":"Aimant en m\u00e9tal. Taureau. 8 cm."},"content":{"rendered":"<p>Cet aimant m\u00e9tallique au design de taureau espagnol est un souvenir embl\u00e9matique qui capture l&rsquo;essence de la riche culture espagnole. Avec des dimensions de 8 cm, l&rsquo;aimant pr\u00e9sente une mosa\u00efque vibrante de couleurs, o\u00f9 des tons rouges et jaunes audacieux ornent la figure du taureau, symbole de force et de courage dans la tradition espagnole. Le choix des couleurs ne c\u00e9l\u00e8bre pas seulement l&rsquo;esprit du taureau, mais \u00e9voque \u00e9galement la passion avec laquelle la culture est v\u00e9cue lors de diverses festivit\u00e9s et corridas. La base bleu clair offre un contraste attrayant, faisant ressortir le taureau de mani\u00e8re captivante. Sur le bord, le texte \u00ab ESPA\u00d1A \u00bb ajoute une touche distinctive, en faisant non seulement un objet d\u00e9coratif, mais un rappel tangible de l&rsquo;exp\u00e9rience v\u00e9cue dans ce merveilleux pays.<\/p>\n<p>Cet aimant n&rsquo;est pas seulement id\u00e9al pour d\u00e9corer la maison, il sert \u00e9galement d&rsquo;excellent souvenir pour ceux qui cherchent \u00e0 emporter un petit morceau d&rsquo;Espagne. Son authenticit\u00e9 et sa connexion avec la culture locale en font une priorit\u00e9 pour les boutiques de cadeaux touristiques. Chez Ol\u00e9 Mosaic, en tant que distributeurs de souvenirs, nous proposons des produits qui mettent en valeur la tradition et la richesse culturelle de l&rsquo;Espagne, et cet aimant de taureau est une option parfaite pour les touristes souhaitant se souvenir de leur voyage avec un d\u00e9tail significatif et vibrant.<\/p>\n","protected":false},"excerpt":{"rendered":"<p>Aimant m\u00e9tallique au design de taureau espagnol, de 8 cm. Cet aimant pr\u00e9sente une mosa\u00efque vibrante de couleurs, avec des tons rouges et jaunes symbolisant la force du taureau, une ic\u00f4ne de la culture espagnole. La base bleu clair rehausse la figure du taureau, tandis que le texte \u00ab ESPA\u00d1A \u00bb orne le bord, apportant une touche distinctive. Id\u00e9al pour se souvenir de la riche tradition espagnole sur n&rsquo;importe quelle surface m\u00e9tallique.<\/p>\n","protected":false},"featured_media":9974,"template":"","meta":{"_acf_changed":false},"product_brand":[],"product_cat":[697],"product_tag":[530],"class_list":{"0":"post-30368","1":"product","2":"type-product","3":"status-publish","4":"has-post-thumbnail","6":"product_cat-aimants","7":"product_tag-animaux","8":"pa_motivo-taureaux","10":"first","11":"instock","12":"shipping-taxable","13":"product-type-simple"},"acf":[],"_links":{"self":[{"href":"https:\/\/olemosaic.orbitalia.org\/fr\/wp-json\/wp\/v2\/product\/30368","targetHints":{"allow":["GET"]}}],"collection":[{"href":"https:\/\/olemosaic.orbitalia.org\/fr\/wp-json\/wp\/v2\/product"}],"about":[{"href":"https:\/\/olemosaic.orbitalia.org\/fr\/wp-json\/wp\/v2\/types\/product"}],"wp:featuredmedia":[{"embeddable":true,"href":"https:\/\/olemosaic.orbitalia.org\/fr\/wp-json\/wp\/v2\/media\/9974"}],"wp:attachment":[{"href":"https:\/\/olemosaic.orbitalia.org\/fr\/wp-json\/wp\/v2\/media?parent=30368"}],"wp:term":[{"taxonomy":"product_brand","embeddable":true,"href":"https:\/\/olemosaic.orbitalia.org\/fr\/wp-json\/wp\/v2\/product_brand?post=30368"},{"taxonomy":"product_cat","embeddable":true,"href":"https:\/\/olemosaic.orbitalia.org\/fr\/wp-json\/wp\/v2\/product_cat?post=30368"},{"taxonomy":"product_tag","embeddable":true,"href":"https:\/\/olemosaic.orbitalia.org\/fr\/wp-json\/wp\/v2\/product_tag?post=30368"}],"curies":[{"name":"wp","href":"https:\/\/api.w.org\/{rel}","templated":true}]}}