{"id":30367,"date":"2025-02-20T22:32:10","date_gmt":"2025-02-20T22:32:10","guid":{"rendered":"https:\/\/olemosaic.orbitalia.org\/producto\/iman-de-metal-toro-marbella-plata-8-cm\/"},"modified":"2025-07-25T20:31:08","modified_gmt":"2025-07-25T18:31:08","slug":"aimant-metal-taureau-marbella-argent-8-cm","status":"publish","type":"product","link":"https:\/\/olemosaic.orbitalia.org\/fr\/produit\/aimant-metal-taureau-marbella-argent-8-cm\/","title":{"rendered":"Aimant en m\u00e9tal. Taureau. Marbella. Argent. 8 cm."},"content":{"rendered":"<p>Cet aimant m\u00e9tallique, au design de taureau, est une repr\u00e9sentation vibrante et authentique de la culture espagnole, parfait comme souvenir de Marbella. Avec un diam\u00e8tre attrayant de 8 cm, il se distingue par son design frappant qui capture l&rsquo;essence de l&rsquo;art et de la tradition ib\u00e9rique. L&rsquo;image centrale pr\u00e9sente un taureau aux couleurs vibrantes, allant du rouge intense au jaune et \u00e0 l&rsquo;orange, cr\u00e9ant un effet de mosa\u00efque qui \u00e9voque le riche h\u00e9ritage artistique de la r\u00e9gion. Le fond blanc ajoute un contraste moderne et \u00e9l\u00e9gant, tandis que les d\u00e9licats contours argent\u00e9s encadrent la pi\u00e8ce avec une touche sophistiqu\u00e9e.<\/p>\n<p>Le mot \u00ab\u00a0MARBELLA\u00a0\u00bb est imprim\u00e9 avec un arc-en-ciel de couleurs, ajoutant un \u00e9l\u00e9ment ludique et festif qui attire l&rsquo;attention et \u00e9voque la joie de vivre dans cette c\u00e9l\u00e8bre destination touristique. Cet aimant n&rsquo;est pas seulement un objet d\u00e9coratif, mais aussi un symbole de l&rsquo;h\u00e9ritage taurin espagnol, rappelant aux visiteurs le lien culturel profond entre le torero et la communaut\u00e9.<\/p>\n<p>Chez Ol\u00e9 Mosaic, nous nous sp\u00e9cialisons dans la distribution de souvenirs en gros, et cet aimant de taureau est une excellente option pour les boutiques recherchant des produits authentiques repr\u00e9sentant la culture espagnole. Avec son design unique et sa pertinence culturelle, cet aimant de Marbella est le souvenir parfait pour les touristes souhaitant ramener un morceau d&rsquo;Espagne chez eux.<\/p>\n","protected":false},"excerpt":{"rendered":"<p>Aimant m\u00e9tallique au design de taureau, symbole de la culture espagnole, parfait comme souvenir de Marbella. D&rsquo;un diam\u00e8tre de 8 cm, cet aimant se distingue par ses couleurs vibrantes et une finition dans des tons rouges, jaunes et oranges simulant une mosa\u00efque. Le fond blanc et les contours argent\u00e9s compl\u00e8tent le design, tandis que le mot \u00ab\u00a0MARBELLA\u00a0\u00bb est imprim\u00e9 en arc-en-ciel, en faisant un souvenir attrayant et visuellement percutant.<\/p>\n","protected":false},"featured_media":9986,"template":"","meta":{"_acf_changed":false},"product_brand":[],"product_cat":[697],"product_tag":[530],"class_list":{"0":"post-30367","1":"product","2":"type-product","3":"status-publish","4":"has-post-thumbnail","6":"product_cat-aimants","7":"product_tag-animaux","8":"pa_ciudad-marbella","9":"pa_motivo-taureaux","10":"pa_pais-espana","12":"first","13":"instock","14":"shipping-taxable","15":"product-type-simple"},"acf":[],"_links":{"self":[{"href":"https:\/\/olemosaic.orbitalia.org\/fr\/wp-json\/wp\/v2\/product\/30367","targetHints":{"allow":["GET"]}}],"collection":[{"href":"https:\/\/olemosaic.orbitalia.org\/fr\/wp-json\/wp\/v2\/product"}],"about":[{"href":"https:\/\/olemosaic.orbitalia.org\/fr\/wp-json\/wp\/v2\/types\/product"}],"wp:featuredmedia":[{"embeddable":true,"href":"https:\/\/olemosaic.orbitalia.org\/fr\/wp-json\/wp\/v2\/media\/9986"}],"wp:attachment":[{"href":"https:\/\/olemosaic.orbitalia.org\/fr\/wp-json\/wp\/v2\/media?parent=30367"}],"wp:term":[{"taxonomy":"product_brand","embeddable":true,"href":"https:\/\/olemosaic.orbitalia.org\/fr\/wp-json\/wp\/v2\/product_brand?post=30367"},{"taxonomy":"product_cat","embeddable":true,"href":"https:\/\/olemosaic.orbitalia.org\/fr\/wp-json\/wp\/v2\/product_cat?post=30367"},{"taxonomy":"product_tag","embeddable":true,"href":"https:\/\/olemosaic.orbitalia.org\/fr\/wp-json\/wp\/v2\/product_tag?post=30367"}],"curies":[{"name":"wp","href":"https:\/\/api.w.org\/{rel}","templated":true}]}}