{"id":30357,"date":"2025-02-20T22:32:10","date_gmt":"2025-02-20T22:32:10","guid":{"rendered":"https:\/\/olemosaic.orbitalia.org\/producto\/iman-de-metal-salamandra-lanzarote-plata-8-cm\/"},"modified":"2025-07-25T19:47:27","modified_gmt":"2025-07-25T17:47:27","slug":"aimant-metal-salamandre-lanzarote-argent-8-cm","status":"publish","type":"product","link":"https:\/\/olemosaic.orbitalia.org\/fr\/produit\/aimant-metal-salamandre-lanzarote-argent-8-cm\/","title":{"rendered":"Aimant en m\u00e9tal. Salamandre. Lanzarote. Argent. 8 cm."},"content":{"rendered":"<p>Cet aimant m\u00e9tallique, d\u00e9cor\u00e9 de salamandres, est un souvenir charmant de Lanzarote, id\u00e9al pour ceux qui souhaitent emporter un petit morceau de cette magnifique \u00eele des Canaries. Avec des dimensions de 8 cm, il pr\u00e9sente un collage vibrant de salamandres multicolores qui donnent vie \u00e0 n&rsquo;importe quel r\u00e9frig\u00e9rateur ou surface m\u00e9tallique. Chaque salamandre, au design \u00e9l\u00e9gant, se d\u00e9tache sur un fond blanc simulant une mosa\u00efque, soulignant la singularit\u00e9 de l&rsquo;art et de la faune typique de Lanzarote. Les couleurs exub\u00e9rantes des salamandres, avec leurs tons verts, bleus, rouges et jaunes, capturent non seulement la beaut\u00e9 de la nature, mais aussi l&rsquo;essence du folklore canarien, qui c\u00e9l\u00e8bre la vie et la diversit\u00e9 de son environnement.<\/p>\n<p>Le mot \u00ab Lanzarote \u00bb est imprim\u00e9 sur la partie sup\u00e9rieure de l&rsquo;aimant, renfor\u00e7ant son identit\u00e9 locale et en faisant un excellent souvenir pour les touristes en qu\u00eate d&rsquo;authenticit\u00e9. Cet aimant n&rsquo;est pas seulement un objet d\u00e9coratif, mais aussi un symbole du patrimoine naturel qui caract\u00e9rise l&rsquo;\u00eele, constituant un rappel constant de sa beaut\u00e9 unique. Chez Ol\u00e9 Mosaic, en tant que grossistes de souvenirs de Lanzarote, nous proposons des produits qui refl\u00e8tent l&rsquo;authenticit\u00e9 et le charme de cette r\u00e9gion. Cet aimant de salamandres est un choix id\u00e9al pour les boutiques de cadeaux touristiques, apportant une touche de couleur et de culture \u00e0 toute collection de souvenirs.<\/p>\n","protected":false},"excerpt":{"rendered":"<p>Aimant m\u00e9tallique au design de salamandres, inspir\u00e9 par la faune de Lanzarote. Cet aimant attrayant de 8 cm pr\u00e9sente un collage vibrant de salamandres multicolores sur un fond blanc simulant une mosa\u00efque. Les d\u00e9tails ressortent avec des tons verts, bleus, rouges et jaunes, capturant l&rsquo;essence du folklore canarien. De plus, le mot \u00ab Lanzarote \u00bb est imprim\u00e9 sur la partie sup\u00e9rieure, rehaussant son identit\u00e9 locale. Id\u00e9al pour d\u00e9corer et se souvenir de la beaut\u00e9 de cette \u00eele.<\/p>\n","protected":false},"featured_media":13527,"template":"","meta":{"_acf_changed":false},"product_brand":[],"product_cat":[697],"product_tag":[530],"class_list":{"0":"post-30357","1":"product","2":"type-product","3":"status-publish","4":"has-post-thumbnail","6":"product_cat-aimants","7":"product_tag-animaux","8":"pa_ciudad-lanzarote","9":"pa_motivo-salamandres","10":"pa_pais-espana","12":"first","13":"instock","14":"shipping-taxable","15":"product-type-simple"},"acf":[],"_links":{"self":[{"href":"https:\/\/olemosaic.orbitalia.org\/fr\/wp-json\/wp\/v2\/product\/30357","targetHints":{"allow":["GET"]}}],"collection":[{"href":"https:\/\/olemosaic.orbitalia.org\/fr\/wp-json\/wp\/v2\/product"}],"about":[{"href":"https:\/\/olemosaic.orbitalia.org\/fr\/wp-json\/wp\/v2\/types\/product"}],"wp:featuredmedia":[{"embeddable":true,"href":"https:\/\/olemosaic.orbitalia.org\/fr\/wp-json\/wp\/v2\/media\/13527"}],"wp:attachment":[{"href":"https:\/\/olemosaic.orbitalia.org\/fr\/wp-json\/wp\/v2\/media?parent=30357"}],"wp:term":[{"taxonomy":"product_brand","embeddable":true,"href":"https:\/\/olemosaic.orbitalia.org\/fr\/wp-json\/wp\/v2\/product_brand?post=30357"},{"taxonomy":"product_cat","embeddable":true,"href":"https:\/\/olemosaic.orbitalia.org\/fr\/wp-json\/wp\/v2\/product_cat?post=30357"},{"taxonomy":"product_tag","embeddable":true,"href":"https:\/\/olemosaic.orbitalia.org\/fr\/wp-json\/wp\/v2\/product_tag?post=30357"}],"curies":[{"name":"wp","href":"https:\/\/api.w.org\/{rel}","templated":true}]}}