{"id":30356,"date":"2025-02-20T22:32:09","date_gmt":"2025-02-20T22:32:09","guid":{"rendered":"https:\/\/olemosaic.orbitalia.org\/producto\/iman-de-metal-salamandra-mojacar-negro-8-cm\/"},"modified":"2025-07-25T19:09:31","modified_gmt":"2025-07-25T17:09:31","slug":"aimant-metal-salamandre-mojacar-noir-8-cm","status":"publish","type":"product","link":"https:\/\/olemosaic.orbitalia.org\/fr\/produit\/aimant-metal-salamandre-mojacar-noir-8-cm\/","title":{"rendered":"Aimant en m\u00e9tal. Salamandre. Moj\u00e1car. Noir. 8 cm."},"content":{"rendered":"<p>Cet aimant m\u00e9tallique au design de salamandre est une repr\u00e9sentation vibrante et authentique de l&rsquo;art et de la culture de Moj\u00e1car, un charmant village andalou connu pour ses mosa\u00efques color\u00e9es. D&rsquo;une taille de 8 cm, l&rsquo;aimant pr\u00e9sente une salamandre stylis\u00e9e dans une palette de couleurs \u00e9blouissante comprenant le bleu, le vert, le rouge et le jaune, contrastant parfaitement avec le fond noir. La silhouette \u00e9l\u00e9gante de la salamandre, entour\u00e9e de d\u00e9tails artistiques, capture l&rsquo;essence vive de la nature et s&rsquo;inspire des motifs traditionnels de la r\u00e9gion, \u00e9voquant l&rsquo;ambiance m\u00e9diterran\u00e9enne de cette destination pittoresque.<\/p>\n<p>Cet aimant n&rsquo;est pas seulement un \u00e9l\u00e9ment d\u00e9coratif id\u00e9al pour toute surface m\u00e9tallique, mais aussi un excellent souvenir de Moj\u00e1car. Les touristes pourront emporter chez eux un morceau de cette belle localit\u00e9, faisant de ce souvenir un choix parfait pour ceux qui recherchent quelque chose d&rsquo;authentique et de repr\u00e9sentatif de leur voyage. La salamandre symbolise \u00e9galement l&rsquo;adaptation et la cr\u00e9ativit\u00e9 du peuple andalou, refl\u00e9tant son riche h\u00e9ritage culturel.<\/p>\n<p>Chez Ol\u00e9 Mosaic, nous nous sp\u00e9cialisons dans la distribution de souvenirs en gros, offrant des options comme cet aimant qui allient design et culture. C&rsquo;est un produit id\u00e9al pour les boutiques de cadeaux touristiques souhaitant proposer \u00e0 leurs clients des souvenirs uniques et significatifs d&rsquo;Espagne. Cet aimant de Moj\u00e1car est un souvenir parfait pour les collectionneurs et un exemple remarquable de la beaut\u00e9 de l&rsquo;art andalou.<\/p>\n","protected":false},"excerpt":{"rendered":"<p>Aimant m\u00e9tallique au design de salamandre inspir\u00e9 par les mosa\u00efques color\u00e9es de Moj\u00e1car. Cet aimant pr\u00e9sente une charmante salamandre aux tons vibrants de bleu, vert, rouge et jaune, sur un fond noir qui rehausse son \u00e9l\u00e9gance. Avec ses 8 cm, c&rsquo;est une pi\u00e8ce id\u00e9ale pour orner toute surface m\u00e9tallique, \u00e9voquant l&rsquo;art et la culture du pittoresque village andalou de Moj\u00e1car. Parfait pour les collectionneurs ou comme souvenir de cette belle r\u00e9gion.<\/p>\n","protected":false},"featured_media":12890,"template":"","meta":{"_acf_changed":false},"product_brand":[],"product_cat":[697],"product_tag":[530],"class_list":{"0":"post-30356","1":"product","2":"type-product","3":"status-publish","4":"has-post-thumbnail","6":"product_cat-aimants","7":"product_tag-animaux","8":"pa_ciudad-mojacar","9":"pa_motivo-salamandres","10":"pa_pais-espana","12":"first","13":"instock","14":"shipping-taxable","15":"product-type-simple"},"acf":[],"_links":{"self":[{"href":"https:\/\/olemosaic.orbitalia.org\/fr\/wp-json\/wp\/v2\/product\/30356","targetHints":{"allow":["GET"]}}],"collection":[{"href":"https:\/\/olemosaic.orbitalia.org\/fr\/wp-json\/wp\/v2\/product"}],"about":[{"href":"https:\/\/olemosaic.orbitalia.org\/fr\/wp-json\/wp\/v2\/types\/product"}],"wp:featuredmedia":[{"embeddable":true,"href":"https:\/\/olemosaic.orbitalia.org\/fr\/wp-json\/wp\/v2\/media\/12890"}],"wp:attachment":[{"href":"https:\/\/olemosaic.orbitalia.org\/fr\/wp-json\/wp\/v2\/media?parent=30356"}],"wp:term":[{"taxonomy":"product_brand","embeddable":true,"href":"https:\/\/olemosaic.orbitalia.org\/fr\/wp-json\/wp\/v2\/product_brand?post=30356"},{"taxonomy":"product_cat","embeddable":true,"href":"https:\/\/olemosaic.orbitalia.org\/fr\/wp-json\/wp\/v2\/product_cat?post=30356"},{"taxonomy":"product_tag","embeddable":true,"href":"https:\/\/olemosaic.orbitalia.org\/fr\/wp-json\/wp\/v2\/product_tag?post=30356"}],"curies":[{"name":"wp","href":"https:\/\/api.w.org\/{rel}","templated":true}]}}