{"id":30355,"date":"2025-02-20T22:32:09","date_gmt":"2025-02-20T22:32:09","guid":{"rendered":"https:\/\/olemosaic.orbitalia.org\/producto\/iman-de-metal-salamandra-lanzarote-negro-8-cm\/"},"modified":"2025-07-25T19:44:56","modified_gmt":"2025-07-25T17:44:56","slug":"aimant-metal-salamandre-lanzarote-noir-8-cm","status":"publish","type":"product","link":"https:\/\/olemosaic.orbitalia.org\/fr\/produit\/aimant-metal-salamandre-lanzarote-noir-8-cm\/","title":{"rendered":"Aimant en m\u00e9tal. Salamandre. Lanzarote. Noir. 8 cm."},"content":{"rendered":"<p>Cet aimant m\u00e9tallique au design de salamandre est un hommage vibrant \u00e0 la nature unique de Lanzarote. Avec des dimensions de 8 cm, cet aimant attrayant pr\u00e9sente une repr\u00e9sentation color\u00e9e, o\u00f9 un motif de mosa\u00efque captivant se d\u00e9tache sur un fond noir profond. Les tons verts, bleus et jaunes s&rsquo;entrelacent harmonieusement, capturant l&rsquo;essence du paysage volcanique et de la faune de l&rsquo;\u00eele, tandis que le titre \u00ab\u00a0LANZAROTE\u00a0\u00bb, imprim\u00e9 en lettres multicolores sur la partie sup\u00e9rieure, ajoute une touche artistique et culturelle au design.<\/p>\n<p>La salamandre, symbole de la biodiversit\u00e9 de Lanzarote, \u00e9voque la chaleur du climat canarien et le riche patrimoine naturel de la r\u00e9gion. Ce d\u00e9tail apporte non seulement une valeur esth\u00e9tique \u00e0 l&rsquo;aimant, mais souligne \u00e9galement le lien culturel entre l&rsquo;objet et son lieu d&rsquo;origine, en faisant un souvenir repr\u00e9sentatif de l&rsquo;\u00eele que les touristes appr\u00e9cieront.<\/p>\n<p>Chez Ol\u00e9 Mosaic, nous nous sp\u00e9cialisons dans la distribution de souvenirs de haute qualit\u00e9 en gros, et cet aimant de salamandre repr\u00e9sente une excellente option pour les boutiques de cadeaux touristiques \u00e0 la recherche d&rsquo;articles authentiques. Cet aimant est plus qu&rsquo;un simple objet d\u00e9coratif ; c&rsquo;est un morceau de Lanzarote que les visiteurs peuvent emporter chez eux, en souvenir de leur voyage sur cette magnifique \u00eele des Canaries.<\/p>\n","protected":false},"excerpt":{"rendered":"<p>Aimant m\u00e9tallique au design de salamandre, inspir\u00e9 par la nature de Lanzarote. Cet aimant attrayant de 8 cm pr\u00e9sente une repr\u00e9sentation color\u00e9e en mosa\u00efque sur un fond noir qui fait ressortir le motif vibrant de la salamandre. Des d\u00e9tails en vert, bleu et jaune se combinent pour cr\u00e9er un effet visuel frappant, et le nom \u00ab\u00a0LANZAROTE\u00a0\u00bb est imprim\u00e9 en lettres multicolores sur le dessus, ajoutant une touche cr\u00e9ative et culturelle \u00e0 ce souvenir de l&rsquo;\u00eele.<\/p>\n","protected":false},"featured_media":12881,"template":"","meta":{"_acf_changed":false},"product_brand":[],"product_cat":[697],"product_tag":[530],"class_list":{"0":"post-30355","1":"product","2":"type-product","3":"status-publish","4":"has-post-thumbnail","6":"product_cat-aimants","7":"product_tag-animaux","8":"pa_ciudad-lanzarote","9":"pa_motivo-salamandres","10":"pa_pais-espana","12":"first","13":"instock","14":"shipping-taxable","15":"product-type-simple"},"acf":[],"_links":{"self":[{"href":"https:\/\/olemosaic.orbitalia.org\/fr\/wp-json\/wp\/v2\/product\/30355","targetHints":{"allow":["GET"]}}],"collection":[{"href":"https:\/\/olemosaic.orbitalia.org\/fr\/wp-json\/wp\/v2\/product"}],"about":[{"href":"https:\/\/olemosaic.orbitalia.org\/fr\/wp-json\/wp\/v2\/types\/product"}],"wp:featuredmedia":[{"embeddable":true,"href":"https:\/\/olemosaic.orbitalia.org\/fr\/wp-json\/wp\/v2\/media\/12881"}],"wp:attachment":[{"href":"https:\/\/olemosaic.orbitalia.org\/fr\/wp-json\/wp\/v2\/media?parent=30355"}],"wp:term":[{"taxonomy":"product_brand","embeddable":true,"href":"https:\/\/olemosaic.orbitalia.org\/fr\/wp-json\/wp\/v2\/product_brand?post=30355"},{"taxonomy":"product_cat","embeddable":true,"href":"https:\/\/olemosaic.orbitalia.org\/fr\/wp-json\/wp\/v2\/product_cat?post=30355"},{"taxonomy":"product_tag","embeddable":true,"href":"https:\/\/olemosaic.orbitalia.org\/fr\/wp-json\/wp\/v2\/product_tag?post=30355"}],"curies":[{"name":"wp","href":"https:\/\/api.w.org\/{rel}","templated":true}]}}