{"id":30354,"date":"2025-02-20T22:32:09","date_gmt":"2025-02-20T22:32:09","guid":{"rendered":"https:\/\/olemosaic.orbitalia.org\/producto\/iman-de-metal-mariposa-barcelona-plata-8-cm\/"},"modified":"2025-07-25T23:32:04","modified_gmt":"2025-07-25T21:32:04","slug":"aimant-en-metal-papillon-barcelone-argent-8-cm","status":"publish","type":"product","link":"https:\/\/olemosaic.orbitalia.org\/fr\/produit\/aimant-en-metal-papillon-barcelone-argent-8-cm\/","title":{"rendered":"Aimant en m\u00e9tal. Papillon. Barcelone. Argent. 8 cm."},"content":{"rendered":"<p>Cet aimant m\u00e9tallique au design de papillons est un souvenir attrayant inspir\u00e9 par l&rsquo;esprit vibrant de Barcelone. D&rsquo;une taille de 8 cm, cet aimant capture l&rsquo;essence de la ville \u00e0 travers un design artistique pr\u00e9sentant des papillons d\u00e9cor\u00e9s de couleurs vives et une \u00e9l\u00e9gante finition argent\u00e9e. Les papillons frappants sont entour\u00e9s de fleurs, le tout sur un fond de mosa\u00efque qui \u00e9voque la riche tradition culturelle de Barcelone, c\u00e9l\u00e8bre pour son architecture moderniste et son style de vie color\u00e9. Cet aimant n&rsquo;est pas seulement un accessoire d\u00e9coratif id\u00e9al pour ajouter une touche artistique et color\u00e9e \u00e0 n&rsquo;importe quelle surface, mais il repr\u00e9sente \u00e9galement un souvenir typique et authentique de l&rsquo;\u00e9nergie unique de la ville.<\/p>\n<p>Le lien culturel de ce produit avec Barcelone est \u00e9vident, car les papillons symbolisent la transformation et la libert\u00e9, des concepts qui r\u00e9sonnent avec l&rsquo;esprit innovant de la ville. Les souvenirs de Barcelone, comme cet aimant, sont parfaits pour les touristes qui cherchent \u00e0 emporter un morceau de la ville, un rappel de sa beaut\u00e9 et de sa diversit\u00e9. Chez Ol\u00e9 Mosaic, nous distribuons des aimants en gros qui mettent en valeur l&rsquo;artisanat et l&rsquo;authenticit\u00e9, faisant de cet aimant de papillons une excellente option pour les boutiques de cadeaux touristiques souhaitant offrir des produits repr\u00e9sentatifs et de qualit\u00e9.<\/p>\n","protected":false},"excerpt":{"rendered":"<p>Aimant en m\u00e9tal au design de papillons inspir\u00e9 par l&rsquo;esprit vibrant de Barcelone. Cet aimant attrayant de 8 cm pr\u00e9sente des papillons d\u00e9cor\u00e9s de couleurs vives et une finition argent\u00e9e, sur un fond de mosa\u00efque avec des fleurs \u00e9voquant la richesse culturelle de la ville. Id\u00e9al pour ajouter une touche artistique et color\u00e9e \u00e0 n&rsquo;importe quelle surface, c&rsquo;est un souvenir parfait de l&rsquo;une des destinations les plus embl\u00e9matiques d&rsquo;Espagne.<\/p>\n","protected":false},"featured_media":11451,"template":"","meta":{"_acf_changed":false},"product_brand":[],"product_cat":[697],"product_tag":[530],"class_list":{"0":"post-30354","1":"product","2":"type-product","3":"status-publish","4":"has-post-thumbnail","6":"product_cat-aimants","7":"product_tag-animaux","8":"pa_ciudad-barcelona","9":"pa_motivo-papillons","10":"pa_pais-espana","12":"first","13":"instock","14":"shipping-taxable","15":"product-type-simple"},"acf":[],"_links":{"self":[{"href":"https:\/\/olemosaic.orbitalia.org\/fr\/wp-json\/wp\/v2\/product\/30354","targetHints":{"allow":["GET"]}}],"collection":[{"href":"https:\/\/olemosaic.orbitalia.org\/fr\/wp-json\/wp\/v2\/product"}],"about":[{"href":"https:\/\/olemosaic.orbitalia.org\/fr\/wp-json\/wp\/v2\/types\/product"}],"wp:featuredmedia":[{"embeddable":true,"href":"https:\/\/olemosaic.orbitalia.org\/fr\/wp-json\/wp\/v2\/media\/11451"}],"wp:attachment":[{"href":"https:\/\/olemosaic.orbitalia.org\/fr\/wp-json\/wp\/v2\/media?parent=30354"}],"wp:term":[{"taxonomy":"product_brand","embeddable":true,"href":"https:\/\/olemosaic.orbitalia.org\/fr\/wp-json\/wp\/v2\/product_brand?post=30354"},{"taxonomy":"product_cat","embeddable":true,"href":"https:\/\/olemosaic.orbitalia.org\/fr\/wp-json\/wp\/v2\/product_cat?post=30354"},{"taxonomy":"product_tag","embeddable":true,"href":"https:\/\/olemosaic.orbitalia.org\/fr\/wp-json\/wp\/v2\/product_tag?post=30354"}],"curies":[{"name":"wp","href":"https:\/\/api.w.org\/{rel}","templated":true}]}}