{"id":30350,"date":"2025-02-20T22:32:08","date_gmt":"2025-02-20T22:32:08","guid":{"rendered":"https:\/\/olemosaic.orbitalia.org\/producto\/iman-de-metal-gallo-negro-8-cm\/"},"modified":"2025-07-25T21:04:23","modified_gmt":"2025-07-25T19:04:23","slug":"aimant-en-metal-coq-noir-8-cm","status":"publish","type":"product","link":"https:\/\/olemosaic.orbitalia.org\/fr\/produit\/aimant-en-metal-coq-noir-8-cm\/","title":{"rendered":"Aimant en m\u00e9tal. Coq. Noir. 8 cm."},"content":{"rendered":"<p>Cet aimant m\u00e9tallique, avec son design de coq color\u00e9, est un souvenir frappant qui repr\u00e9sente la riche culture portugaise. Avec sa taille de 8 cm, cet aimant vibrant pr\u00e9sente une mosa\u00efque captivante qui combine des rouges, des jaunes, des verts et des bleus sur un fond noir, rehaussant l&rsquo;intensit\u00e9 des couleurs et la beaut\u00e9 du design. Le coq, symbole embl\u00e9matique du Portugal, est orn\u00e9 de formes g\u00e9om\u00e9triques qui \u00e9voquent la tradition de l&rsquo;art populaire et du folklore lusitanien, devenant un souvenir tangible de la richesse culturelle du pays.<\/p>\n<p>Cet aimant n&rsquo;est pas seulement utile pour tenir des notes, mais sert \u00e9galement d&rsquo;ornement qui apporte une touche de couleur et d&rsquo;authenticit\u00e9 \u00e0 n&rsquo;importe quel espace. Le lien culturel du coq avec l&rsquo;histoire portugaise en fait un cadeau attrayant et significatif pour ceux qui recherchent des souvenirs qui capturent l&rsquo;essence du Portugal.<\/p>\n<p>Chez Ol\u00e9 Mosaic, en tant que grossistes de souvenirs, nous proposons des produits authentiques comme cet aimant de coq, id\u00e9aux pour les boutiques de cadeaux touristiques souhaitant offrir des pi\u00e8ces repr\u00e9sentatives de la culture portugaise. C&rsquo;est une excellente option pour les touristes qui cherchent \u00e0 ramener chez eux un morceau de la tradition portugaise \u00e0 travers des souvenirs uniques.<\/p>\n","protected":false},"excerpt":{"rendered":"<p>Aimant m\u00e9tallique avec le design d&rsquo;un coq color\u00e9, symbole embl\u00e9matique de la culture portugaise. Cet aimant de 8 cm pr\u00e9sente une mosa\u00efque vibrante combinant des tons rouges, jaunes, verts et bleus sur un fond noir qui rehausse sa beaut\u00e9. Le coq, d\u00e9cor\u00e9 de formes g\u00e9om\u00e9triques, \u00e9voque la tradition et le folklore du Portugal, en faisant un souvenir parfait pour les amoureux de la culture portugaise.<\/p>\n","protected":false},"featured_media":6958,"template":"","meta":{"_acf_changed":false},"product_brand":[],"product_cat":[697],"product_tag":[530],"class_list":{"0":"post-30350","1":"product","2":"type-product","3":"status-publish","4":"has-post-thumbnail","6":"product_cat-aimants","7":"product_tag-animaux","8":"pa_motivo-coqs","10":"first","11":"instock","12":"shipping-taxable","13":"product-type-simple"},"acf":[],"_links":{"self":[{"href":"https:\/\/olemosaic.orbitalia.org\/fr\/wp-json\/wp\/v2\/product\/30350","targetHints":{"allow":["GET"]}}],"collection":[{"href":"https:\/\/olemosaic.orbitalia.org\/fr\/wp-json\/wp\/v2\/product"}],"about":[{"href":"https:\/\/olemosaic.orbitalia.org\/fr\/wp-json\/wp\/v2\/types\/product"}],"wp:featuredmedia":[{"embeddable":true,"href":"https:\/\/olemosaic.orbitalia.org\/fr\/wp-json\/wp\/v2\/media\/6958"}],"wp:attachment":[{"href":"https:\/\/olemosaic.orbitalia.org\/fr\/wp-json\/wp\/v2\/media?parent=30350"}],"wp:term":[{"taxonomy":"product_brand","embeddable":true,"href":"https:\/\/olemosaic.orbitalia.org\/fr\/wp-json\/wp\/v2\/product_brand?post=30350"},{"taxonomy":"product_cat","embeddable":true,"href":"https:\/\/olemosaic.orbitalia.org\/fr\/wp-json\/wp\/v2\/product_cat?post=30350"},{"taxonomy":"product_tag","embeddable":true,"href":"https:\/\/olemosaic.orbitalia.org\/fr\/wp-json\/wp\/v2\/product_tag?post=30350"}],"curies":[{"name":"wp","href":"https:\/\/api.w.org\/{rel}","templated":true}]}}