{"id":30329,"date":"2025-02-20T23:32:08","date_gmt":"2025-02-20T22:32:08","guid":{"rendered":"https:\/\/olemosaic.orbitalia.org\/producto\/iman-de-metal-buho-plata-8-cm-2\/"},"modified":"2025-07-25T20:36:40","modified_gmt":"2025-07-25T18:36:40","slug":"aimant-metal-hibou-mosaique-argent-8-cm-2","status":"publish","type":"product","link":"https:\/\/olemosaic.orbitalia.org\/fr\/produit\/aimant-metal-hibou-mosaique-argent-8-cm-2\/","title":{"rendered":"Aimant en m\u00e9tal. Hibou. Mosa\u00efque. Argent. 8 cm."},"content":{"rendered":"<p>Cet aimant m\u00e9tallique au design de hiboux est un souvenir attrayant qui capture l&rsquo;essence de l&rsquo;art de la mosa\u00efque, id\u00e9al pour ceux qui recherchent des souvenirs repr\u00e9sentatifs de la culture locale. Avec une taille de 8 cm, cet aimant se distingue par ses tons vibrants de bleu, jaune, orange et vert, qui \u00e9voquent la riche palette de couleurs de la faune nocturne. Les hiboux, symboles de sagesse et de myst\u00e8re, sont \u00e9l\u00e9gamment perch\u00e9s sur une branche, apportant une touche de nature et de folklore \u00e0 n&rsquo;importe quel r\u00e9frig\u00e9rateur.<\/p>\n<p>L&rsquo;illustration, inspir\u00e9e de la tradition de la c\u00e9ramique et de la mosa\u00efque, souligne le savoir-faire artistique et l&rsquo;h\u00e9ritage culturel de l&rsquo;Espagne et du Portugal, faisant de cet aimant un reflet authentique du patrimoine artistique de la r\u00e9gion. Ce souvenir n&rsquo;est pas seulement une pi\u00e8ce d\u00e9corative, mais un rappel de la beaut\u00e9 et de la singularit\u00e9 de la culture ib\u00e9rique, parfait pour ceux qui souhaitent emporter un souvenir de leur voyage chez eux.<\/p>\n<p>Chez Ol\u00e9 Mosaic, nous nous sp\u00e9cialisons dans la distribution de souvenirs en gros, garantissant que cet aimant de hiboux ne soit pas seulement un produit de qualit\u00e9, mais qu&rsquo;il repr\u00e9sente \u00e9galement fid\u00e8lement la riche tradition artistique du lieu. Id\u00e9al pour les boutiques de cadeaux touristiques, cet aimant est un excellent exemple des souvenirs authentiques que recherchent les voyageurs.<\/p>\n","protected":false},"excerpt":{"rendered":"<p>Aimant m\u00e9tallique avec un design color\u00e9 de deux hiboux, inspir\u00e9 de l&rsquo;art de la mosa\u00efque. Cet aimant de 8 cm pr\u00e9sente une palette de couleurs vibrantes avec des tons de bleu, jaune, orange et vert, capturant l&rsquo;essence de la faune nocturne. Les hiboux, perch\u00e9s sur une branche, sont un symbole de sagesse et de myst\u00e8re, parfaits pour \u00e9voquer la beaut\u00e9 du folklore. Un accessoire d\u00e9coratif id\u00e9al pour tout r\u00e9frig\u00e9rateur.<\/p>\n","protected":false},"featured_media":11208,"template":"","meta":{"_acf_changed":false},"product_brand":[],"product_cat":[697],"product_tag":[530],"class_list":{"0":"post-30329","1":"product","2":"type-product","3":"status-publish","4":"has-post-thumbnail","6":"product_cat-aimants","7":"product_tag-animaux","8":"pa_motivo-hiboux","10":"first","11":"instock","12":"shipping-taxable","13":"product-type-simple"},"acf":[],"_links":{"self":[{"href":"https:\/\/olemosaic.orbitalia.org\/fr\/wp-json\/wp\/v2\/product\/30329","targetHints":{"allow":["GET"]}}],"collection":[{"href":"https:\/\/olemosaic.orbitalia.org\/fr\/wp-json\/wp\/v2\/product"}],"about":[{"href":"https:\/\/olemosaic.orbitalia.org\/fr\/wp-json\/wp\/v2\/types\/product"}],"wp:featuredmedia":[{"embeddable":true,"href":"https:\/\/olemosaic.orbitalia.org\/fr\/wp-json\/wp\/v2\/media\/11208"}],"wp:attachment":[{"href":"https:\/\/olemosaic.orbitalia.org\/fr\/wp-json\/wp\/v2\/media?parent=30329"}],"wp:term":[{"taxonomy":"product_brand","embeddable":true,"href":"https:\/\/olemosaic.orbitalia.org\/fr\/wp-json\/wp\/v2\/product_brand?post=30329"},{"taxonomy":"product_cat","embeddable":true,"href":"https:\/\/olemosaic.orbitalia.org\/fr\/wp-json\/wp\/v2\/product_cat?post=30329"},{"taxonomy":"product_tag","embeddable":true,"href":"https:\/\/olemosaic.orbitalia.org\/fr\/wp-json\/wp\/v2\/product_tag?post=30329"}],"curies":[{"name":"wp","href":"https:\/\/api.w.org\/{rel}","templated":true}]}}