{"id":30312,"date":"2025-02-20T22:32:07","date_gmt":"2025-02-20T22:32:07","guid":{"rendered":"https:\/\/olemosaic.orbitalia.org\/producto\/iman-de-madera-panoramica-marbella\/"},"modified":"2025-07-25T18:51:43","modified_gmt":"2025-07-25T16:51:43","slug":"aimant-en-bois-panoramique-marbella","status":"publish","type":"product","link":"https:\/\/olemosaic.orbitalia.org\/fr\/produit\/aimant-en-bois-panoramique-marbella\/","title":{"rendered":"Aimant en bois. Panoramique. Marbella."},"content":{"rendered":"<p>Cet aimant panoramique en bois de Marbella est un souvenir vibrant et authentique qui capture l&rsquo;essence de cette belle ville c\u00f4ti\u00e8re. Avec un design anim\u00e9, l&rsquo;aimant pr\u00e9sente une illustration color\u00e9e qui inclut le phare embl\u00e9matique de Marbella, entour\u00e9 de palmiers et des montagnes majestueuses qui \u00e9voquent l&rsquo;ambiance ensoleill\u00e9e et touristique de la r\u00e9gion. Le soleil rouge brillant ressort en arri\u00e8re-plan, apportant un air estival et joyeux. Le mot \u00ab MARBELLA \u00bb se distingue en lettres arc-en-ciel, apportant une touche amusante et attrayante qui captivera quiconque le verra.<\/p>\n<p>Cet aimant n&rsquo;est pas seulement un objet d\u00e9coratif, mais agit comme un rappel tangible de vos vacances sur la Costa del Sol, permettant de revivre ces moments chaque fois qu&rsquo;on le regarde. Son design d\u00e9taill\u00e9 et color\u00e9 refl\u00e8te l&rsquo;esprit festif et accueillant de Marbella, en faisant un souvenir parfait pour les touristes.<\/p>\n<p>Chez Ol\u00e9 Mosaic, nous sommes experts dans la distribution de souvenirs de Marbella et d&rsquo;autres destinations espagnoles, offrant des produits qui c\u00e9l\u00e8brent la culture et la beaut\u00e9 de chaque r\u00e9gion. Cet aimant en bois est une excellente option pour les boutiques de cadeaux touristiques \u00e0 la recherche d&rsquo;articles authentiques et attrayants, se distinguant comme un choix id\u00e9al pour ceux qui souhaitent emporter un morceau de Marbella chez eux.<\/p>\n","protected":false},"excerpt":{"rendered":"<p>Aimant en bois avec une vue panoramique color\u00e9e de Marbella, capturant l&rsquo;essence de cette ville c\u00f4ti\u00e8re vibrante. Cet article pr\u00e9sente un design joyeux qui inclut le c\u00e9l\u00e8bre phare et un fond ensoleill\u00e9, orn\u00e9 de palmiers et de montagnes. Le mot \u00ab MARBELLA \u00bb se distingue en lettres arc-en-ciel, apportant une touche amusante et attrayante. Id\u00e9al pour se souvenir de vos vacances ou comme cadeau unique refl\u00e9tant la beaut\u00e9 et l&rsquo;ambiance de Marbella.<\/p>\n","protected":false},"featured_media":9558,"template":"","meta":{"_acf_changed":false},"product_brand":[],"product_cat":[697],"product_tag":[],"class_list":{"0":"post-30312","1":"product","2":"type-product","3":"status-publish","4":"has-post-thumbnail","6":"product_cat-aimants","7":"pa_ciudad-marbella","8":"pa_motivo-panoramas","9":"pa_pais-espana","11":"first","12":"instock","13":"shipping-taxable","14":"product-type-simple"},"acf":[],"_links":{"self":[{"href":"https:\/\/olemosaic.orbitalia.org\/fr\/wp-json\/wp\/v2\/product\/30312","targetHints":{"allow":["GET"]}}],"collection":[{"href":"https:\/\/olemosaic.orbitalia.org\/fr\/wp-json\/wp\/v2\/product"}],"about":[{"href":"https:\/\/olemosaic.orbitalia.org\/fr\/wp-json\/wp\/v2\/types\/product"}],"wp:featuredmedia":[{"embeddable":true,"href":"https:\/\/olemosaic.orbitalia.org\/fr\/wp-json\/wp\/v2\/media\/9558"}],"wp:attachment":[{"href":"https:\/\/olemosaic.orbitalia.org\/fr\/wp-json\/wp\/v2\/media?parent=30312"}],"wp:term":[{"taxonomy":"product_brand","embeddable":true,"href":"https:\/\/olemosaic.orbitalia.org\/fr\/wp-json\/wp\/v2\/product_brand?post=30312"},{"taxonomy":"product_cat","embeddable":true,"href":"https:\/\/olemosaic.orbitalia.org\/fr\/wp-json\/wp\/v2\/product_cat?post=30312"},{"taxonomy":"product_tag","embeddable":true,"href":"https:\/\/olemosaic.orbitalia.org\/fr\/wp-json\/wp\/v2\/product_tag?post=30312"}],"curies":[{"name":"wp","href":"https:\/\/api.w.org\/{rel}","templated":true}]}}