{"id":30311,"date":"2025-02-20T23:32:07","date_gmt":"2025-02-20T22:32:07","guid":{"rendered":"https:\/\/olemosaic.orbitalia.org\/producto\/iman-de-madera-panoramica-2\/"},"modified":"2025-07-25T20:40:28","modified_gmt":"2025-07-25T18:40:28","slug":"aimant-en-bois-panoramique-espagne","status":"publish","type":"product","link":"https:\/\/olemosaic.orbitalia.org\/fr\/produit\/aimant-en-bois-panoramique-espagne\/","title":{"rendered":"Aimant en bois. Panoramique. Place d&rsquo;Espagne. Barcelone."},"content":{"rendered":"<p>Cet aimant en bois offre une vue panoramique vibrante de l&rsquo;Espagne, capturant l&rsquo;essence de certains de ses monuments les plus embl\u00e9matiques. Fabriqu\u00e9 en bois de haute qualit\u00e9, cet aimant attrayant pr\u00e9sente une illustration qui inclut la majestueuse Sagrada Familia de Barcelone, l&#8217;embl\u00e9matique Place d&rsquo;Espagne et le color\u00e9 Parc G\u00fcell, chacun repr\u00e9sent\u00e9 avec un niveau de d\u00e9tail artistique impressionnant. Les couleurs vives, allant des oranges et bleus brillants aux tons terre cuite de l&rsquo;architecture, apportent un attrait visuel qui \u00e9voque la chaleur et la joie de la culture espagnole.<\/p>\n<p>Le mot \u00ab ESPAGNE \u00bb appara\u00eet en lettres multicolores, ajoutant une touche festive et joyeuse au design. Un soleil resplendissant en arri\u00e8re-plan illumine la sc\u00e8ne, repr\u00e9sentant le climat ensoleill\u00e9 et accueillant qui caract\u00e9rise de nombreuses r\u00e9gions du pays. Cet aimant ne sert pas seulement de souvenir pratique, mais agit \u00e9galement comme une pi\u00e8ce d\u00e9corative qui ravive les moments v\u00e9cus dans les villes espagnoles.<\/p>\n<p>En tant que souvenir, cette pi\u00e8ce est id\u00e9ale pour les touristes qui souhaitent ramener chez eux un souvenir authentique et repr\u00e9sentatif de l&rsquo;Espagne. Chez Ol\u00e9 Mosaic, nous nous sp\u00e9cialisons dans la distribution de souvenirs en gros, cet aimant \u00e9tant une excellente option pour les boutiques de cadeaux touristiques qui cherchent \u00e0 offrir des produits de qualit\u00e9 et de pertinence culturelle. Cet aimant panoramique d&rsquo;Espagne devient un souvenir inoubliable qui capture l&rsquo;essence d&rsquo;un pays riche en histoire et en beaut\u00e9.<\/p>\n","protected":false},"excerpt":{"rendered":"<p>Aimant en bois avec une vue panoramique vibrante de l&rsquo;Espagne capturant certains de ses monuments les plus embl\u00e9matiques. Cet aimant attrayant pr\u00e9sente la Sagrada Familia, la Place d&rsquo;Espagne et le Parc G\u00fcell, illustr\u00e9s avec des couleurs vives et des d\u00e9tails artistiques. Le mot \u00ab ESPAGNE \u00bb, en lettres multicolores, ajoute une touche joyeuse, tandis que le fond lumineux, avec un soleil resplendissant, rehausse l&rsquo;essence de la culture espagnole. Id\u00e9al pour se souvenir de vos moments dans ce pays fascinant.<\/p>\n","protected":false},"featured_media":9556,"template":"","meta":{"_acf_changed":false},"product_brand":[],"product_cat":[697],"product_tag":[],"class_list":{"0":"post-30311","1":"product","2":"type-product","3":"status-publish","4":"has-post-thumbnail","6":"product_cat-aimants","7":"pa_motivo-panoramas","9":"first","10":"instock","11":"shipping-taxable","12":"product-type-simple"},"acf":[],"_links":{"self":[{"href":"https:\/\/olemosaic.orbitalia.org\/fr\/wp-json\/wp\/v2\/product\/30311","targetHints":{"allow":["GET"]}}],"collection":[{"href":"https:\/\/olemosaic.orbitalia.org\/fr\/wp-json\/wp\/v2\/product"}],"about":[{"href":"https:\/\/olemosaic.orbitalia.org\/fr\/wp-json\/wp\/v2\/types\/product"}],"wp:featuredmedia":[{"embeddable":true,"href":"https:\/\/olemosaic.orbitalia.org\/fr\/wp-json\/wp\/v2\/media\/9556"}],"wp:attachment":[{"href":"https:\/\/olemosaic.orbitalia.org\/fr\/wp-json\/wp\/v2\/media?parent=30311"}],"wp:term":[{"taxonomy":"product_brand","embeddable":true,"href":"https:\/\/olemosaic.orbitalia.org\/fr\/wp-json\/wp\/v2\/product_brand?post=30311"},{"taxonomy":"product_cat","embeddable":true,"href":"https:\/\/olemosaic.orbitalia.org\/fr\/wp-json\/wp\/v2\/product_cat?post=30311"},{"taxonomy":"product_tag","embeddable":true,"href":"https:\/\/olemosaic.orbitalia.org\/fr\/wp-json\/wp\/v2\/product_tag?post=30311"}],"curies":[{"name":"wp","href":"https:\/\/api.w.org\/{rel}","templated":true}]}}