{"id":30310,"date":"2025-02-20T23:32:07","date_gmt":"2025-02-20T22:32:07","guid":{"rendered":"https:\/\/olemosaic.orbitalia.org\/producto\/iman-de-madera-panoramica-barcelona\/"},"modified":"2025-07-25T19:37:19","modified_gmt":"2025-07-25T17:37:19","slug":"aimant-en-bois-panoramique-barcelone","status":"publish","type":"product","link":"https:\/\/olemosaic.orbitalia.org\/fr\/produit\/aimant-en-bois-panoramique-barcelone\/","title":{"rendered":"Aimant en bois. Panoramique. Barcelone."},"content":{"rendered":"<p>Cet aimant en bois offre une vue panoramique vibrante de Barcelone, capturant l&rsquo;essence de cette ville espagnole embl\u00e9matique. Con\u00e7u avec une mosa\u00efque color\u00e9e peinte \u00e0 la main, il pr\u00e9sente en son centre la c\u00e9l\u00e8bre sculpture du \u00ab Dragon de Gaud\u00ed \u00bb du Park G\u00fcell, entour\u00e9e de l&#8217;embl\u00e9matique Sagrada Familia qui, avec son architecture imposante, se dresse majestueusement en arri\u00e8re-plan. Le fond bleu ensoleill\u00e9 souligne la luminosit\u00e9 de la ville, tandis que le texte \u00ab Barcelone \u00bb, en caract\u00e8res frappants et modernes, ajoute une touche contemporaine qui attirera l&rsquo;attention de ceux qui recherchent des souvenirs authentiques.<\/p>\n<p>Les d\u00e9tails architecturaux stylis\u00e9s sur l&rsquo;aimant ne refl\u00e8tent pas seulement l&rsquo;esprit innovant d&rsquo;Antoni Gaud\u00ed, mais c\u00e9l\u00e8brent \u00e9galement le riche h\u00e9ritage culturel de Barcelone, connue pour son h\u00e9ritage artistique et architectural unique. Cet aimant est parfait pour se souvenir de votre visite dans la m\u00e9tropole, car il synth\u00e9tise le plus repr\u00e9sentatif de la ville dans une pi\u00e8ce d\u00e9corative compacte et fonctionnelle.<\/p>\n<p>Id\u00e9al pour les touristes qui souhaitent emporter un morceau de Barcelone, ce souvenir en bois est une excellente option pour les boutiques de cadeaux touristiques \u00e0 la recherche de produits authentiques et significatifs. Chez Ol\u00e9 Mosaic, en tant que grossistes de souvenirs, nous proposons ce type d&rsquo;aimants de Barcelone qui sont parfaits pour capturer l&rsquo;essence de la ville dans chaque foyer.<\/p>\n","protected":false},"excerpt":{"rendered":"<p>Aimant en bois avec une vue panoramique vibrante de Barcelone, mettant en avant la c\u00e9l\u00e8bre sculpture du \u00ab Dragon de Gaud\u00ed \u00bb du Park G\u00fcell et l&#8217;embl\u00e9matique Sagrada Familia. Cet aimant, au design artisanal peint \u00e0 la main, pr\u00e9sente une mosa\u00efque color\u00e9e sur un fond bleu ensoleill\u00e9. Le mot \u00ab Barcelone \u00bb \u00e9crit avec des lettres frappantes ajoute une touche fra\u00eeche et moderne, tandis que les d\u00e9tails architecturaux soulignent le riche h\u00e9ritage culturel de la ville. Parfait pour se souvenir de votre visite dans cette m\u00e9tropole embl\u00e9matique.<\/p>\n","protected":false},"featured_media":9332,"template":"","meta":{"_acf_changed":false},"product_brand":[],"product_cat":[697],"product_tag":[],"class_list":{"0":"post-30310","1":"product","2":"type-product","3":"status-publish","4":"has-post-thumbnail","6":"product_cat-aimants","7":"pa_ciudad-barcelona","8":"pa_motivo-panoramas","9":"pa_pais-espana","11":"first","12":"instock","13":"shipping-taxable","14":"product-type-simple"},"acf":[],"_links":{"self":[{"href":"https:\/\/olemosaic.orbitalia.org\/fr\/wp-json\/wp\/v2\/product\/30310","targetHints":{"allow":["GET"]}}],"collection":[{"href":"https:\/\/olemosaic.orbitalia.org\/fr\/wp-json\/wp\/v2\/product"}],"about":[{"href":"https:\/\/olemosaic.orbitalia.org\/fr\/wp-json\/wp\/v2\/types\/product"}],"wp:featuredmedia":[{"embeddable":true,"href":"https:\/\/olemosaic.orbitalia.org\/fr\/wp-json\/wp\/v2\/media\/9332"}],"wp:attachment":[{"href":"https:\/\/olemosaic.orbitalia.org\/fr\/wp-json\/wp\/v2\/media?parent=30310"}],"wp:term":[{"taxonomy":"product_brand","embeddable":true,"href":"https:\/\/olemosaic.orbitalia.org\/fr\/wp-json\/wp\/v2\/product_brand?post=30310"},{"taxonomy":"product_cat","embeddable":true,"href":"https:\/\/olemosaic.orbitalia.org\/fr\/wp-json\/wp\/v2\/product_cat?post=30310"},{"taxonomy":"product_tag","embeddable":true,"href":"https:\/\/olemosaic.orbitalia.org\/fr\/wp-json\/wp\/v2\/product_tag?post=30310"}],"curies":[{"name":"wp","href":"https:\/\/api.w.org\/{rel}","templated":true}]}}