{"id":30308,"date":"2025-02-20T23:32:07","date_gmt":"2025-02-20T22:32:07","guid":{"rendered":"https:\/\/olemosaic.orbitalia.org\/producto\/iman-de-madera-camino-de-santiago-2\/"},"modified":"2025-07-25T18:45:32","modified_gmt":"2025-07-25T16:45:32","slug":"aimant-en-bois-chemin-de-compostelle-2","status":"publish","type":"product","link":"https:\/\/olemosaic.orbitalia.org\/fr\/produit\/aimant-en-bois-chemin-de-compostelle-2\/","title":{"rendered":"Aimant en bois. P\u00e8lerin. Chemin de Compostelle."},"content":{"rendered":"<p>Cet aimant en bois, inspir\u00e9 de l&#8217;embl\u00e9matique Chemin de Compostelle, est un souvenir vibrant et plein de sens culturel. Il pr\u00e9sente des illustrations d\u00e9taill\u00e9es qui capturent la majest\u00e9 de la Cath\u00e9drale de Saint-Jacques-de-Compostelle, un monument embl\u00e9matique et la destination finale de cette c\u00e9l\u00e8bre route de p\u00e8lerinage. Accompagnant ce chef-d&rsquo;\u0153uvre, nous trouvons un p\u00e8lerin avec son bourdon, symbole des milliers de personnes qui ont parcouru ce chemin \u00e0 la recherche d&rsquo;une connexion spirituelle et personnelle. La coquille, embl\u00e8me du Chemin, se distingue par sa forme traditionnelle jaune et rouge, \u00e9voquant la tradition des marcheurs.<\/p>\n<p>L&rsquo;aimant est d\u00e9cor\u00e9 d&rsquo;un paysage de collines verdoyantes sous un soleil radieux, ajoutant une touche de couleur et de joie. Le texte \u00ab\u00a0CAMINO DE SANTIAGO\u00a0\u00bb, pr\u00e9sent\u00e9 en lettres multicolores, souligne l&rsquo;\u00e9nergie et la diversit\u00e9 des exp\u00e9riences qu&rsquo;offre ce parcours charg\u00e9 d&rsquo;histoire. Ce souvenir n&rsquo;orne pas seulement n&rsquo;importe quel coin de la maison, mais agit \u00e9galement comme un rappel constant de l&rsquo;une des routes les plus embl\u00e9matiques d&rsquo;Espagne.<\/p>\n<p>Chez Ol\u00e9 Mosaic, nous sommes fiers d&rsquo;\u00eatre des distributeurs de souvenirs authentiques et culturels, et cet aimant est une excellente option pour les boutiques de cadeaux touristiques cherchant \u00e0 offrir des produits qui racontent des histoires et connectent les voyageurs \u00e0 leur exp\u00e9rience sur le Chemin de Compostelle. Avec son design unique et pertinent, cet aimant devient une pi\u00e8ce incontournable pour ceux qui souhaitent ramener chez eux un fragment du riche h\u00e9ritage culturel galicien.<\/p>\n","protected":false},"excerpt":{"rendered":"<p>Aimant en bois inspir\u00e9 de l&#8217;embl\u00e9matique Chemin de Compostelle, pr\u00e9sent\u00e9 avec des illustrations color\u00e9es repr\u00e9sentant la Cath\u00e9drale de Saint-Jacques-de-Compostelle, un p\u00e8lerin avec son b\u00e2ton et la c\u00e9l\u00e8bre coquille du chemin. Cet aimant est d\u00e9cor\u00e9 de d\u00e9tails vibrants et d&rsquo;un texte mis en \u00e9vidence indiquant \u00ab\u00a0CAMINO DE SANTIAGO\u00a0\u00bb, compl\u00e9t\u00e9 par un paysage de collines et un soleil radieux. Id\u00e9al pour se souvenir de l&rsquo;une des routes les plus embl\u00e9matiques d&rsquo;Espagne.<\/p>\n","protected":false},"featured_media":9564,"template":"","meta":{"_acf_changed":false},"product_brand":[],"product_cat":[697],"product_tag":[],"class_list":{"0":"post-30308","1":"product","2":"type-product","3":"status-publish","4":"has-post-thumbnail","6":"product_cat-aimants","7":"pa_motivo-chemin-saint-jacques","9":"first","10":"instock","11":"shipping-taxable","12":"product-type-simple"},"acf":[],"_links":{"self":[{"href":"https:\/\/olemosaic.orbitalia.org\/fr\/wp-json\/wp\/v2\/product\/30308","targetHints":{"allow":["GET"]}}],"collection":[{"href":"https:\/\/olemosaic.orbitalia.org\/fr\/wp-json\/wp\/v2\/product"}],"about":[{"href":"https:\/\/olemosaic.orbitalia.org\/fr\/wp-json\/wp\/v2\/types\/product"}],"wp:featuredmedia":[{"embeddable":true,"href":"https:\/\/olemosaic.orbitalia.org\/fr\/wp-json\/wp\/v2\/media\/9564"}],"wp:attachment":[{"href":"https:\/\/olemosaic.orbitalia.org\/fr\/wp-json\/wp\/v2\/media?parent=30308"}],"wp:term":[{"taxonomy":"product_brand","embeddable":true,"href":"https:\/\/olemosaic.orbitalia.org\/fr\/wp-json\/wp\/v2\/product_brand?post=30308"},{"taxonomy":"product_cat","embeddable":true,"href":"https:\/\/olemosaic.orbitalia.org\/fr\/wp-json\/wp\/v2\/product_cat?post=30308"},{"taxonomy":"product_tag","embeddable":true,"href":"https:\/\/olemosaic.orbitalia.org\/fr\/wp-json\/wp\/v2\/product_tag?post=30308"}],"curies":[{"name":"wp","href":"https:\/\/api.w.org\/{rel}","templated":true}]}}