{"id":30307,"date":"2025-02-20T22:32:06","date_gmt":"2025-02-20T22:32:06","guid":{"rendered":"https:\/\/olemosaic.orbitalia.org\/producto\/iman-de-madera-salamandra\/"},"modified":"2025-07-25T20:39:48","modified_gmt":"2025-07-25T18:39:48","slug":"aimant-en-bois-salamandre","status":"publish","type":"product","link":"https:\/\/olemosaic.orbitalia.org\/fr\/produit\/aimant-en-bois-salamandre\/","title":{"rendered":"Aimant en bois. Salamandre."},"content":{"rendered":"<p>Cet aimant en bois en forme de salamandre est une repr\u00e9sentation vibrante de la faune m\u00e9diterran\u00e9enne, id\u00e9ale pour ceux qui recherchent des souvenirs authentiques encapsulant l&rsquo;essence de l&rsquo;Espagne. Fabriqu\u00e9 en bois de haute qualit\u00e9, cet aimant se distingue par son design color\u00e9 et artistique, o\u00f9 un m\u00e9lange harmonieux de bleus, verts, oranges et noirs se combine pour cr\u00e9er un effet de mosa\u00efque captivant. Chaque d\u00e9tail est m\u00e9ticuleusement ombr\u00e9, ce qui ajoute de la profondeur et de la texture \u00e0 la figure de la salamandre, \u00e9voquant la diversit\u00e9 de la nature m\u00e9diterran\u00e9enne.<\/p>\n<p>Cet aimant est non seulement parfait pour orner toute surface m\u00e9tallique, mais c&rsquo;est aussi un souvenir culturel qui honore les traditions artistiques color\u00e9es du pays. La salamandre, symbole d&rsquo;adaptation et de r\u00e9sistance dans son habitat naturel, refl\u00e8te la riche biodiversit\u00e9 de la r\u00e9gion et est associ\u00e9e \u00e0 des l\u00e9gendes locales qui la magnifient dans le folklore m\u00e9diterran\u00e9en.<\/p>\n<p>Chez Ol\u00e9 Mosaic, nous nous sp\u00e9cialisons dans la distribution de souvenirs en gros, et cet aimant de salamandre est un excellent choix pour les boutiques de cadeaux touristiques cherchant \u00e0 offrir des produits authentiques et repr\u00e9sentatifs. Avec son design attrayant et sa connexion culturelle, cet aimant en bois devient un souvenir id\u00e9al qui ravira les touristes cherchant \u00e0 emporter un morceau de l&rsquo;Espagne authentique.<\/p>\n","protected":false},"excerpt":{"rendered":"<p>Aimant en bois en forme de salamandre, inspir\u00e9 de la faune m\u00e9diterran\u00e9enne. Cet aimant color\u00e9 pr\u00e9sente un design vibrant, avec un m\u00e9lange de bleus, verts, oranges et noirs cr\u00e9ant un effet de mosa\u00efque, se distinguant par son ombrage d\u00e9taill\u00e9. Parfait pour orner toute surface m\u00e9tallique, ce souvenir est un hommage \u00e0 la diversit\u00e9 de la nature et un rappel des traditions artistiques color\u00e9es de l&rsquo;Espagne.<\/p>\n","protected":false},"featured_media":9541,"template":"","meta":{"_acf_changed":false},"product_brand":[],"product_cat":[697],"product_tag":[530],"class_list":{"0":"post-30307","1":"product","2":"type-product","3":"status-publish","4":"has-post-thumbnail","6":"product_cat-aimants","7":"product_tag-animaux","8":"pa_motivo-salamandres","10":"first","11":"instock","12":"shipping-taxable","13":"product-type-simple"},"acf":[],"_links":{"self":[{"href":"https:\/\/olemosaic.orbitalia.org\/fr\/wp-json\/wp\/v2\/product\/30307","targetHints":{"allow":["GET"]}}],"collection":[{"href":"https:\/\/olemosaic.orbitalia.org\/fr\/wp-json\/wp\/v2\/product"}],"about":[{"href":"https:\/\/olemosaic.orbitalia.org\/fr\/wp-json\/wp\/v2\/types\/product"}],"wp:featuredmedia":[{"embeddable":true,"href":"https:\/\/olemosaic.orbitalia.org\/fr\/wp-json\/wp\/v2\/media\/9541"}],"wp:attachment":[{"href":"https:\/\/olemosaic.orbitalia.org\/fr\/wp-json\/wp\/v2\/media?parent=30307"}],"wp:term":[{"taxonomy":"product_brand","embeddable":true,"href":"https:\/\/olemosaic.orbitalia.org\/fr\/wp-json\/wp\/v2\/product_brand?post=30307"},{"taxonomy":"product_cat","embeddable":true,"href":"https:\/\/olemosaic.orbitalia.org\/fr\/wp-json\/wp\/v2\/product_cat?post=30307"},{"taxonomy":"product_tag","embeddable":true,"href":"https:\/\/olemosaic.orbitalia.org\/fr\/wp-json\/wp\/v2\/product_tag?post=30307"}],"curies":[{"name":"wp","href":"https:\/\/api.w.org\/{rel}","templated":true}]}}