{"id":30294,"date":"2025-02-20T23:32:06","date_gmt":"2025-02-20T22:32:06","guid":{"rendered":"https:\/\/olemosaic.orbitalia.org\/producto\/iman-de-madera-guitarra-4\/"},"modified":"2025-07-25T19:03:46","modified_gmt":"2025-07-25T17:03:46","slug":"aimant-bois-guitare-espagne","status":"publish","type":"product","link":"https:\/\/olemosaic.orbitalia.org\/fr\/produit\/aimant-bois-guitare-espagne\/","title":{"rendered":"Aimant en bois. Guitare. Espagne."},"content":{"rendered":"<p>Cet aimant en bois en forme de guitare est une repr\u00e9sentation fascinante de la culture espagnole, id\u00e9ale pour ceux qui recherchent un souvenir authentique de leur visite en Espagne. Avec un design de mosa\u00efques vibrant, cet aimant capture l&rsquo;essence de la musique et de l&rsquo;art du pays, orn\u00e9 de figures folkloriques et de fleurs rouges luxuriantes qui \u00e9voquent la passion et les couleurs des traditions espagnoles. Le mot \u00ab\u00a0ESPAGNE\u00a0\u00bb est imprim\u00e9 de mani\u00e8re pro\u00e9minente sur la partie sup\u00e9rieure, ce qui ajoute non seulement une touche d\u00e9corative, mais renforce \u00e9galement sa th\u00e9matique nationale.<\/p>\n<p>Visuellement, cet aimant est une pi\u00e8ce frappante. La guitare, symbole intemporel de la musique espagnole, est pr\u00e9sent\u00e9e avec un m\u00e9lange de couleurs vives et de formes g\u00e9om\u00e9triques rappelant l&rsquo;art de la mosa\u00efque, \u00e9voquant le style distinctif de Gaud\u00ed. Ce d\u00e9tail artistique en fait un objet de collection parfait, capable de rehausser la d\u00e9coration de n&rsquo;importe quel r\u00e9frig\u00e9rateur ou espace de la maison.<\/p>\n<p>Id\u00e9al pour les touristes \u00e0 la recherche de souvenirs de qualit\u00e9, cet aimant de guitare repr\u00e9sente non seulement un objet fonctionnel, mais aussi un rappel tangible du riche h\u00e9ritage culturel de l&rsquo;Espagne. Chez Ol\u00e9 Mosaic, nous nous sp\u00e9cialisons dans la distribution de souvenirs en gros, et cet aimant est l&rsquo;option parfaite pour les boutiques de cadeaux touristiques souhaitant offrir \u00e0 leurs clients une connexion authentique avec la culture espagnole.<\/p>\n","protected":false},"excerpt":{"rendered":"<p>Aimant en bois en forme de guitare, repr\u00e9sentant l&rsquo;essence culturelle de l&rsquo;Espagne. Cet aimant attrayant est d\u00e9cor\u00e9 d&rsquo;un design vibrant de mosa\u00efques comprenant des figures folkloriques et des fleurs rouges, capturant la passion de la musique espagnole. Avec le texte \u00ab\u00a0ESPAGNE\u00a0\u00bb imprim\u00e9 sur la partie sup\u00e9rieure, cet aimant est un ajout color\u00e9 \u00e0 n&rsquo;importe quel foyer, \u00e9voquant l&rsquo;esprit artistique et festif du pays. Id\u00e9al pour les collectionneurs et comme souvenir d&rsquo;un voyage inoubliable.<\/p>\n","protected":false},"featured_media":9543,"template":"","meta":{"_acf_changed":false},"product_brand":[],"product_cat":[697],"product_tag":[],"class_list":{"0":"post-30294","1":"product","2":"type-product","3":"status-publish","4":"has-post-thumbnail","6":"product_cat-aimants","7":"pa_motivo-guitares","9":"first","10":"instock","11":"shipping-taxable","12":"product-type-simple"},"acf":[],"_links":{"self":[{"href":"https:\/\/olemosaic.orbitalia.org\/fr\/wp-json\/wp\/v2\/product\/30294","targetHints":{"allow":["GET"]}}],"collection":[{"href":"https:\/\/olemosaic.orbitalia.org\/fr\/wp-json\/wp\/v2\/product"}],"about":[{"href":"https:\/\/olemosaic.orbitalia.org\/fr\/wp-json\/wp\/v2\/types\/product"}],"wp:featuredmedia":[{"embeddable":true,"href":"https:\/\/olemosaic.orbitalia.org\/fr\/wp-json\/wp\/v2\/media\/9543"}],"wp:attachment":[{"href":"https:\/\/olemosaic.orbitalia.org\/fr\/wp-json\/wp\/v2\/media?parent=30294"}],"wp:term":[{"taxonomy":"product_brand","embeddable":true,"href":"https:\/\/olemosaic.orbitalia.org\/fr\/wp-json\/wp\/v2\/product_brand?post=30294"},{"taxonomy":"product_cat","embeddable":true,"href":"https:\/\/olemosaic.orbitalia.org\/fr\/wp-json\/wp\/v2\/product_cat?post=30294"},{"taxonomy":"product_tag","embeddable":true,"href":"https:\/\/olemosaic.orbitalia.org\/fr\/wp-json\/wp\/v2\/product_tag?post=30294"}],"curies":[{"name":"wp","href":"https:\/\/api.w.org\/{rel}","templated":true}]}}