{"id":30293,"date":"2025-02-20T23:32:06","date_gmt":"2025-02-20T22:32:06","guid":{"rendered":"https:\/\/olemosaic.orbitalia.org\/producto\/iman-de-madera-guitarra-3\/"},"modified":"2025-07-25T19:31:39","modified_gmt":"2025-07-25T17:31:39","slug":"aimant-bois-guitare-andalousie","status":"publish","type":"product","link":"https:\/\/olemosaic.orbitalia.org\/fr\/produit\/aimant-bois-guitare-andalousie\/","title":{"rendered":"Aimant en bois. Guitare. Andalousie."},"content":{"rendered":"<p>Cet aimant en bois en forme de guitare est une c\u00e9l\u00e9bration vibrante de la culture flamenca, parfait pour ceux qui souhaitent ramener un morceau d&rsquo;Andalousie chez eux. Fabriqu\u00e9 avec du bois de haute qualit\u00e9, cet aimant color\u00e9 pr\u00e9sente une illustration captivante : une danseuse (bailaora) \u00e9blouissante avec une robe \u00e0 pois rouges, entour\u00e9e de roses luxuriantes et de pots de fleurs, \u00e9voquant l&rsquo;essence des patios andalous. Le design de la guitare, orn\u00e9 de motifs floraux joyeux et d&rsquo;un fond qui irradie la festivit\u00e9, se distingue par son attention aux d\u00e9tails et sa qualit\u00e9 artisanale.<\/p>\n<p>Ce souvenir n&rsquo;est pas seulement un bel objet d\u00e9coratif, mais aussi un symbole du riche folklore espagnol, id\u00e9al pour se rappeler les moments v\u00e9cus sur les terres du flamenco. La combinaison de couleurs vives et la repr\u00e9sentation de la danse traditionnelle font de cet aimant un excellent cadeau pour les touristes et les visiteurs \u00e0 la recherche d&rsquo;une connexion culturelle authentique avec l&rsquo;Espagne. Chez Ol\u00e9 Mosaic, notre mission est de proposer des souvenirs repr\u00e9sentatifs et de haute qualit\u00e9, comme cet aimant de guitare, qui capturent l&rsquo;esprit et la joie de la culture espagnole. Ce produit est une magnifique option pour les boutiques de cadeaux touristiques souhaitant enrichir leur offre avec des souvenirs authentiques et significatifs.<\/p>\n","protected":false},"excerpt":{"rendered":"<p>Aimant en bois en forme de guitare, avec un design vibrant inspir\u00e9 de la culture flamenca. Cet aimant color\u00e9 pr\u00e9sente une illustration d&rsquo;une danseuse v\u00eatue d&rsquo;une robe rouge \u00e0 pois, entour\u00e9e de roses et de pots de fleurs, \u00e9voquant l&rsquo;essence de l&rsquo;Andalousie. La guitare, orn\u00e9e de motifs floraux et d&rsquo;un fond joyeux, ajoute une touche artistique et festive, ce qui en fait un souvenir id\u00e9al pour les amateurs de folklore espagnol.<\/p>\n","protected":false},"featured_media":9535,"template":"","meta":{"_acf_changed":false},"product_brand":[],"product_cat":[697],"product_tag":[],"class_list":{"0":"post-30293","1":"product","2":"type-product","3":"status-publish","4":"has-post-thumbnail","6":"product_cat-aimants","7":"pa_motivo-guitares","9":"first","10":"instock","11":"shipping-taxable","12":"product-type-simple"},"acf":[],"_links":{"self":[{"href":"https:\/\/olemosaic.orbitalia.org\/fr\/wp-json\/wp\/v2\/product\/30293","targetHints":{"allow":["GET"]}}],"collection":[{"href":"https:\/\/olemosaic.orbitalia.org\/fr\/wp-json\/wp\/v2\/product"}],"about":[{"href":"https:\/\/olemosaic.orbitalia.org\/fr\/wp-json\/wp\/v2\/types\/product"}],"wp:featuredmedia":[{"embeddable":true,"href":"https:\/\/olemosaic.orbitalia.org\/fr\/wp-json\/wp\/v2\/media\/9535"}],"wp:attachment":[{"href":"https:\/\/olemosaic.orbitalia.org\/fr\/wp-json\/wp\/v2\/media?parent=30293"}],"wp:term":[{"taxonomy":"product_brand","embeddable":true,"href":"https:\/\/olemosaic.orbitalia.org\/fr\/wp-json\/wp\/v2\/product_brand?post=30293"},{"taxonomy":"product_cat","embeddable":true,"href":"https:\/\/olemosaic.orbitalia.org\/fr\/wp-json\/wp\/v2\/product_cat?post=30293"},{"taxonomy":"product_tag","embeddable":true,"href":"https:\/\/olemosaic.orbitalia.org\/fr\/wp-json\/wp\/v2\/product_tag?post=30293"}],"curies":[{"name":"wp","href":"https:\/\/api.w.org\/{rel}","templated":true}]}}