{"id":30284,"date":"2025-02-20T23:32:05","date_gmt":"2025-02-20T22:32:05","guid":{"rendered":"https:\/\/olemosaic.orbitalia.org\/producto\/iman-de-madera-guitarra-2\/"},"modified":"2025-07-25T19:30:59","modified_gmt":"2025-07-25T17:30:59","slug":"aimant-en-bois-guitare-flamenco-espagne","status":"publish","type":"product","link":"https:\/\/olemosaic.orbitalia.org\/fr\/produit\/aimant-en-bois-guitare-flamenco-espagne\/","title":{"rendered":"Aimant en bois. Guitare. Flamenco. Espagne."},"content":{"rendered":"<p>Cet aimant en bois en forme de guitare est un souvenir charmant qui capture l&rsquo;essence de la vibrante culture espagnole. \u00c9labor\u00e9 avec soin, il pr\u00e9sente une illustration color\u00e9e et d\u00e9taill\u00e9e d&rsquo;une danseuse de flamenco, portant une robe rouge spectaculaire \u00e0 pois blancs qui \u00e9voque la passion et l&rsquo;art du flamenco. Entour\u00e9e de fleurs \u00e9clatantes, la danseuse est le centre d&rsquo;attention, refl\u00e9tant la joie et l&rsquo;esprit festif des f\u00eates traditionnelles espagnoles. Dans la partie sup\u00e9rieure, le mot \u00ab\u00a0Espagne\u00a0\u00bb se distingue par un style alliant modernit\u00e9 et folklore, tandis que le fond est orn\u00e9 d&rsquo;un design vibrant c\u00e9l\u00e9brant le riche h\u00e9ritage culturel du pays.<\/p>\n<p>Avec une taille id\u00e9ale pour toute surface magn\u00e9tique, cet aimant n&rsquo;est pas seulement fonctionnel, mais aussi un bel ornement qui transporte celui qui l&rsquo;observe dans les rues ensoleill\u00e9es d&rsquo;Espagne. Ce souvenir est parfait pour ceux qui cherchent \u00e0 apporter un peu de la culture et de l&rsquo;art espagnol dans leur foyer, servant de rappel constant des exp\u00e9riences v\u00e9cues lors de leur voyage. Chez Ol\u00e9 Mosaic, nous sommes fiers de proposer des souvenirs authentiques et culturelment significatifs, et cet aimant de guitare est une excellente option pour les boutiques de cadeaux touristiques souhaitant offrir des produits qui r\u00e9sonnent avec l&rsquo;essence du flamenco et la joie de vivre en Espagne. Consid\u00e9r\u00e9 comme un incontournable pour les amateurs d&rsquo;art et de culture espagnole, cet aimant devient le cadeau parfait pour toute occasion.<\/p>\n","protected":false},"excerpt":{"rendered":"<p>Aimant en bois en forme de guitare, inspir\u00e9 de la riche culture espagnole. Cet aimant color\u00e9 pr\u00e9sente une illustration \u00e9labor\u00e9e d&rsquo;une danseuse de flamenco, v\u00eatue d&rsquo;une robe rouge \u00e0 pois blancs et entour\u00e9e de fleurs. Le mot \u00ab\u00a0Espagne\u00a0\u00bb ressort en haut, et le fond affiche un design vibrant \u00e9voquant la joie et le folklore de l&rsquo;Espagne. Id\u00e9al pour orner toute surface magn\u00e9tique et apporter un morceau de la tradition espagnole dans votre foyer.<\/p>\n","protected":false},"featured_media":9542,"template":"","meta":{"_acf_changed":false},"product_brand":[],"product_cat":[697],"product_tag":[],"class_list":{"0":"post-30284","1":"product","2":"type-product","3":"status-publish","4":"has-post-thumbnail","6":"product_cat-aimants","7":"pa_motivo-guitares","9":"first","10":"instock","11":"shipping-taxable","12":"product-type-simple"},"acf":[],"_links":{"self":[{"href":"https:\/\/olemosaic.orbitalia.org\/fr\/wp-json\/wp\/v2\/product\/30284","targetHints":{"allow":["GET"]}}],"collection":[{"href":"https:\/\/olemosaic.orbitalia.org\/fr\/wp-json\/wp\/v2\/product"}],"about":[{"href":"https:\/\/olemosaic.orbitalia.org\/fr\/wp-json\/wp\/v2\/types\/product"}],"wp:featuredmedia":[{"embeddable":true,"href":"https:\/\/olemosaic.orbitalia.org\/fr\/wp-json\/wp\/v2\/media\/9542"}],"wp:attachment":[{"href":"https:\/\/olemosaic.orbitalia.org\/fr\/wp-json\/wp\/v2\/media?parent=30284"}],"wp:term":[{"taxonomy":"product_brand","embeddable":true,"href":"https:\/\/olemosaic.orbitalia.org\/fr\/wp-json\/wp\/v2\/product_brand?post=30284"},{"taxonomy":"product_cat","embeddable":true,"href":"https:\/\/olemosaic.orbitalia.org\/fr\/wp-json\/wp\/v2\/product_cat?post=30284"},{"taxonomy":"product_tag","embeddable":true,"href":"https:\/\/olemosaic.orbitalia.org\/fr\/wp-json\/wp\/v2\/product_tag?post=30284"}],"curies":[{"name":"wp","href":"https:\/\/api.w.org\/{rel}","templated":true}]}}