{"id":30283,"date":"2025-02-20T22:32:05","date_gmt":"2025-02-20T22:32:05","guid":{"rendered":"https:\/\/olemosaic.orbitalia.org\/producto\/iman-de-madera-camino-de-santiago\/"},"modified":"2025-07-25T19:36:46","modified_gmt":"2025-07-25T17:36:46","slug":"aimant-en-bois-chemin-de-compostelle","status":"publish","type":"product","link":"https:\/\/olemosaic.orbitalia.org\/fr\/produit\/aimant-en-bois-chemin-de-compostelle\/","title":{"rendered":"Aimant en bois. Chemin de Compostelle."},"content":{"rendered":"<p>Cet aimant en bois d\u00e9cor\u00e9 est un souvenir vibrant du Chemin de Compostelle, l&rsquo;une des routes de p\u00e8lerinage les plus embl\u00e9matiques d&rsquo;Espagne. Ce souvenir attrayant pr\u00e9sente des illustrations imaginatives repr\u00e9sentant des \u00e9l\u00e9ments iconiques du chemin : la coquille du p\u00e8lerin, int\u00e9gr\u00e9e \u00e0 un sac \u00e0 dos de randonn\u00e9e et un panneau indiquant la direction du parcours, \u00e9voquant l&rsquo;exp\u00e9rience unique de ce voyage spirituel. La phrase \u00ab\u00a0CAMINO DE SANTIAGO\u00a0\u00bb appara\u00eet en lettres color\u00e9es et frappantes, capturant l&rsquo;essence de cette aventure mill\u00e9naire.<\/p>\n<p>L&rsquo;aimant, fabriqu\u00e9 en bois r\u00e9sistant, n&rsquo;est pas seulement un \u00e9l\u00e9ment d\u00e9coratif, mais aussi un symbole qui rappelle la travers\u00e9e et la croissance personnelle v\u00e9cues par les p\u00e8lerins. Son design illustratif souligne, outre les objets, l&rsquo;atmosph\u00e8re de camaraderie et de r\u00e9flexion qui caract\u00e9rise le Chemin. De plus, l&rsquo;utilisation de couleurs vibrantes et d&rsquo;un style amusant en fait un objet qui ajoute du caract\u00e8re et de la joie \u00e0 tout r\u00e9frig\u00e9rateur ou espace de la maison.<\/p>\n<p>Chez Ol\u00e9 Mosaic, nous nous sp\u00e9cialisons dans la distribution de souvenirs en gros et cet aimant se pr\u00e9sente como une option parfaite pour les boutiques de cadeaux touristiques cherchant \u00e0 offrir des articles repr\u00e9sentatifs de la culture espagnole. Id\u00e9al pour les touristes souhaitant emporter un fragment de la richesse culturelle du Chemin, cet aimant est un cadeau authentique qui c\u00e9l\u00e8bre la tradition et les exp\u00e9riences d&rsquo;un chemin charg\u00e9 d&rsquo;histoire et de spiritualit\u00e9.<\/p>\n","protected":false},"excerpt":{"rendered":"<p>Aimant en bois d\u00e9cor\u00e9 d&rsquo;\u00e9l\u00e9ments repr\u00e9sentatifs du Chemin de Compostelle. Cet aimant color\u00e9 comprend une coquille, symbole du p\u00e8lerin, un sac \u00e0 dos et un panneau avec le signal de direction du parcours, le tout dans un style illustratif. La phrase \u00ab\u00a0CAMINO DE SANTIAGO\u00a0\u00bb se distingue par des lettres vibrantes, faisant allusion \u00e0 cette route religieuse embl\u00e9matique. Id\u00e9al pour se souvenir de l&rsquo;exp\u00e9rience du chemin et ajouter une touche de caract\u00e8re \u00e0 n&rsquo;importe quel r\u00e9frig\u00e9rateur.<\/p>\n","protected":false},"featured_media":9563,"template":"","meta":{"_acf_changed":false},"product_brand":[],"product_cat":[697],"product_tag":[],"class_list":{"0":"post-30283","1":"product","2":"type-product","3":"status-publish","4":"has-post-thumbnail","6":"product_cat-aimants","7":"pa_motivo-chemin-saint-jacques","9":"first","10":"instock","11":"shipping-taxable","12":"product-type-simple"},"acf":[],"_links":{"self":[{"href":"https:\/\/olemosaic.orbitalia.org\/fr\/wp-json\/wp\/v2\/product\/30283","targetHints":{"allow":["GET"]}}],"collection":[{"href":"https:\/\/olemosaic.orbitalia.org\/fr\/wp-json\/wp\/v2\/product"}],"about":[{"href":"https:\/\/olemosaic.orbitalia.org\/fr\/wp-json\/wp\/v2\/types\/product"}],"wp:featuredmedia":[{"embeddable":true,"href":"https:\/\/olemosaic.orbitalia.org\/fr\/wp-json\/wp\/v2\/media\/9563"}],"wp:attachment":[{"href":"https:\/\/olemosaic.orbitalia.org\/fr\/wp-json\/wp\/v2\/media?parent=30283"}],"wp:term":[{"taxonomy":"product_brand","embeddable":true,"href":"https:\/\/olemosaic.orbitalia.org\/fr\/wp-json\/wp\/v2\/product_brand?post=30283"},{"taxonomy":"product_cat","embeddable":true,"href":"https:\/\/olemosaic.orbitalia.org\/fr\/wp-json\/wp\/v2\/product_cat?post=30283"},{"taxonomy":"product_tag","embeddable":true,"href":"https:\/\/olemosaic.orbitalia.org\/fr\/wp-json\/wp\/v2\/product_tag?post=30283"}],"curies":[{"name":"wp","href":"https:\/\/api.w.org\/{rel}","templated":true}]}}