{"id":30282,"date":"2025-02-20T23:32:05","date_gmt":"2025-02-20T22:32:05","guid":{"rendered":"https:\/\/olemosaic.orbitalia.org\/producto\/iman-de-madera-salamandra-y-flores-gran-canaria\/"},"modified":"2025-07-25T19:14:27","modified_gmt":"2025-07-25T17:14:27","slug":"aimant-en-bois-salamandre-et-fleurs-grande-canarie","status":"publish","type":"product","link":"https:\/\/olemosaic.orbitalia.org\/fr\/produit\/aimant-en-bois-salamandre-et-fleurs-grande-canarie\/","title":{"rendered":"Aimant en bois. Salamandre et fleurs. Grande Canarie."},"content":{"rendered":"<p>Cet aimant en bois, d\u00e9cor\u00e9 de salamandres et de fleurs vibrantes, est le souvenir parfait qui capture l&rsquo;essence de la magnifique Grande Canarie. Peint \u00e0 la main avec un style joyeux et color\u00e9, cet aimant met en avant deux fascinantes salamandres dans des tons bleus et rouges, qui ajoutent une touche de vie et de mouvement \u00e0 la pi\u00e8ce. Entour\u00e9 de fleurs dans une explosion de couleurs, le design refl\u00e8te la riche faune et flore des \u00eeles Canaries, symbolisant la biodiversit\u00e9 de son environnement naturel.<\/p>\n<p>Le texte \u00ab\u00a0Gran Canaria\u00a0\u00bb est pr\u00e9sent\u00e9 de mani\u00e8re amicale et exub\u00e9rante, compl\u00e9tant l&rsquo;\u0153uvre et soulignant la connexion avec cette \u00eele paradisiaque. Cet aimant n&rsquo;est pas seulement un accessoire d\u00e9coratif id\u00e9al pour tout r\u00e9frig\u00e9rateur, mais aussi un symbole de l&rsquo;authenticit\u00e9 de la culture canarienne. Sa fabrication artisanale garantit que chaque aimant est unique, ce qui en fait un souvenir repr\u00e9sentatif de l&rsquo;h\u00e9ritage naturel et culturel de la Grande Canarie.<\/p>\n<p>Chez Ol\u00e9 Mosaic, leaders dans la distribution de souvenirs en gros, nous proposons cet aimant comme une excellente option pour les boutiques de cadeaux touristiques \u00e0 la recherche de produits authentiques et color\u00e9s. Un aimant qui captivera les touristes et leur rappellera la beaut\u00e9 de la Grande Canarie \u00e0 chaque fois qu&rsquo;ils le verront. C&rsquo;est un incontournable pour ceux qui recherchent des souvenirs de la Grande Canarie capturant la joie et la singularit\u00e9 des \u00eeles.<\/p>\n","protected":false},"excerpt":{"rendered":"<p>Aimant en bois d\u00e9cor\u00e9 de salamandres et de fleurs vibrantes, repr\u00e9sentant la faune et la flore de la Grande Canarie. Cet aimant color\u00e9, au design artisanal et peint \u00e0 la main, montre deux salamandres dans des tons bleus et rouges, entour\u00e9es de fleurs dans une vari\u00e9t\u00e9 de couleurs \u00e9voquant la beaut\u00e9 naturelle des \u00eeles. Le texte \u00ab\u00a0Gran Canaria\u00a0\u00bb est pr\u00e9sent\u00e9 de fa\u00e7on joyeuse, faisant de cet aimant un souvenir parfait et un \u00e9l\u00e9ment d\u00e9coratif attrayant pour tout r\u00e9frig\u00e9rateur.<\/p>\n","protected":false},"featured_media":9967,"template":"","meta":{"_acf_changed":false},"product_brand":[],"product_cat":[697],"product_tag":[530],"class_list":{"0":"post-30282","1":"product","2":"type-product","3":"status-publish","4":"has-post-thumbnail","6":"product_cat-aimants","7":"product_tag-animaux","8":"pa_ciudad-gran-canaria","9":"pa_motivo-salamandres","10":"pa_pais-espana","12":"first","13":"instock","14":"shipping-taxable","15":"product-type-simple"},"acf":[],"_links":{"self":[{"href":"https:\/\/olemosaic.orbitalia.org\/fr\/wp-json\/wp\/v2\/product\/30282","targetHints":{"allow":["GET"]}}],"collection":[{"href":"https:\/\/olemosaic.orbitalia.org\/fr\/wp-json\/wp\/v2\/product"}],"about":[{"href":"https:\/\/olemosaic.orbitalia.org\/fr\/wp-json\/wp\/v2\/types\/product"}],"wp:featuredmedia":[{"embeddable":true,"href":"https:\/\/olemosaic.orbitalia.org\/fr\/wp-json\/wp\/v2\/media\/9967"}],"wp:attachment":[{"href":"https:\/\/olemosaic.orbitalia.org\/fr\/wp-json\/wp\/v2\/media?parent=30282"}],"wp:term":[{"taxonomy":"product_brand","embeddable":true,"href":"https:\/\/olemosaic.orbitalia.org\/fr\/wp-json\/wp\/v2\/product_brand?post=30282"},{"taxonomy":"product_cat","embeddable":true,"href":"https:\/\/olemosaic.orbitalia.org\/fr\/wp-json\/wp\/v2\/product_cat?post=30282"},{"taxonomy":"product_tag","embeddable":true,"href":"https:\/\/olemosaic.orbitalia.org\/fr\/wp-json\/wp\/v2\/product_tag?post=30282"}],"curies":[{"name":"wp","href":"https:\/\/api.w.org\/{rel}","templated":true}]}}