{"id":30281,"date":"2025-02-20T23:32:05","date_gmt":"2025-02-20T22:32:05","guid":{"rendered":"https:\/\/olemosaic.orbitalia.org\/producto\/iman-de-madera-salamandra-y-flores-mallorca\/"},"modified":"2025-07-25T19:28:54","modified_gmt":"2025-07-25T17:28:54","slug":"aimant-en-bois-salamandre-et-fleurs-majorque","status":"publish","type":"product","link":"https:\/\/olemosaic.orbitalia.org\/fr\/produit\/aimant-en-bois-salamandre-et-fleurs-majorque\/","title":{"rendered":"Aimant en bois. Salamandre et fleurs. Majorque."},"content":{"rendered":"<p>Cet aimant en bois, d\u00e9cor\u00e9 d&rsquo;une repr\u00e9sentation vibrante de salamandres et de fleurs, est un v\u00e9ritable joyau majorquin, con\u00e7u pour capturer l&rsquo;essence du folklore bal\u00e9are. Avec un style artistique qui \u00e9voque la beaut\u00e9 de l&rsquo;\u00eele, cet aimant se distingue par ses couleurs vives et ses d\u00e9tails peints \u00e0 la main, qui attirent l&rsquo;attention de tous. Les salamandres, avec un jeu de couleurs combinant des tons rouges et bleus, sont entour\u00e9es d&rsquo;un cadre de fleurs multicolores, offrant un contraste harmonieux et joyeux. Le fond, qui simule une mosa\u00efque, ajoute une texture visuelle qui souligne la qualit\u00e9 artisanale de la pi\u00e8ce et sa connexion avec le patrimoine artistique de Majorque.<\/p>\n<p>Le mot \u00ab\u00a0MALLORCA\u00a0\u00bb ressort dans la partie inf\u00e9rieure, faisant de cet objet le souvenir parfait pour ceux qui visitent l&rsquo;\u00eele et souhaitent emporter un petit morceau de sa beaut\u00e9. Cet aimant n&rsquo;est pas un simple souvenir, mais une repr\u00e9sentation culturelle qui c\u00e9l\u00e8bre la riche biodiversit\u00e9 et la tradition artistique de la r\u00e9gion. Chez Ol\u00e9 Mosaic, nous sommes fiers de proposer des produits authentiques et de qualit\u00e9 en gros, id\u00e9aux pour les boutiques de cadeaux touristiques souhaitant offrir \u00e0 leurs clients un souvenir caract\u00e9ristique de Majorque. Cet aimant de salamandres est l&rsquo;option parfaite pour les touristes \u00e0 la recherche d&rsquo;un souvenir m\u00e9morable et color\u00e9.<\/p>\n","protected":false},"excerpt":{"rendered":"<p>Aimant en bois d\u00e9cor\u00e9 d&rsquo;une repr\u00e9sentation color\u00e9e de salamandres et de fleurs, \u00e9voquant la beaut\u00e9 de Majorque. Cet aimant attrayant se distingue par ses couleurs vives et ses d\u00e9tails peints \u00e0 la main, avec un fond simulant une mosa\u00efque. Les salamandres, dans des tons rouges et bleus, s&rsquo;entrelacent avec un cadre de fleurs multicolores, tandis que le nom \u00ab\u00a0MALLORCA\u00a0\u00bb ressort en bas. Une pi\u00e8ce unique qui capture l&rsquo;essence du folklore majorquin.<\/p>\n","protected":false},"featured_media":9552,"template":"","meta":{"_acf_changed":false},"product_brand":[],"product_cat":[697],"product_tag":[530],"class_list":{"0":"post-30281","1":"product","2":"type-product","3":"status-publish","4":"has-post-thumbnail","6":"product_cat-aimants","7":"product_tag-animaux","8":"pa_ciudad-mallorca","9":"pa_motivo-salamandres","10":"pa_pais-espana","12":"first","13":"instock","14":"shipping-taxable","15":"product-type-simple"},"acf":[],"_links":{"self":[{"href":"https:\/\/olemosaic.orbitalia.org\/fr\/wp-json\/wp\/v2\/product\/30281","targetHints":{"allow":["GET"]}}],"collection":[{"href":"https:\/\/olemosaic.orbitalia.org\/fr\/wp-json\/wp\/v2\/product"}],"about":[{"href":"https:\/\/olemosaic.orbitalia.org\/fr\/wp-json\/wp\/v2\/types\/product"}],"wp:featuredmedia":[{"embeddable":true,"href":"https:\/\/olemosaic.orbitalia.org\/fr\/wp-json\/wp\/v2\/media\/9552"}],"wp:attachment":[{"href":"https:\/\/olemosaic.orbitalia.org\/fr\/wp-json\/wp\/v2\/media?parent=30281"}],"wp:term":[{"taxonomy":"product_brand","embeddable":true,"href":"https:\/\/olemosaic.orbitalia.org\/fr\/wp-json\/wp\/v2\/product_brand?post=30281"},{"taxonomy":"product_cat","embeddable":true,"href":"https:\/\/olemosaic.orbitalia.org\/fr\/wp-json\/wp\/v2\/product_cat?post=30281"},{"taxonomy":"product_tag","embeddable":true,"href":"https:\/\/olemosaic.orbitalia.org\/fr\/wp-json\/wp\/v2\/product_tag?post=30281"}],"curies":[{"name":"wp","href":"https:\/\/api.w.org\/{rel}","templated":true}]}}