{"id":30259,"date":"2025-02-20T23:32:04","date_gmt":"2025-02-20T22:32:04","guid":{"rendered":"https:\/\/olemosaic.orbitalia.org\/producto\/iman-de-madera-salamandra-y-flores-tenerife\/"},"modified":"2025-07-25T19:26:46","modified_gmt":"2025-07-25T17:26:46","slug":"aimant-en-bois-salamandre-et-fleurs-tenerife","status":"publish","type":"product","link":"https:\/\/olemosaic.orbitalia.org\/fr\/produit\/aimant-en-bois-salamandre-et-fleurs-tenerife\/","title":{"rendered":"Aimant en bois. Salamandre et fleurs. Tenerife."},"content":{"rendered":"<p>Cet aimant en bois, d\u00e9cor\u00e9 d&rsquo;illustrations de deux salamandres vibrantes, est un reflet authentique de la beaut\u00e9 naturelle de Tenerife. Avec un design unique et peint \u00e0 la main, cet aimant attire l&rsquo;attention avec ses riches tons de bleu, rouge et vert, qui repr\u00e9sentent la faune et la flore color\u00e9es de l&rsquo;\u00eele. Les salamandres, repr\u00e9sent\u00e9es dans un style frappant, se d\u00e9tachent sur un fond orn\u00e9 de fleurs, soulignant la diversit\u00e9 \u00e9cologique de cette destination touristique. En bas, l&rsquo;inscription \u00ab\u00a0Tenerife\u00a0\u00bb est pr\u00e9sent\u00e9e en lettres brillantes, ajoutant une touche de joie et de caract\u00e8re \u00e0 cette pi\u00e8ce.<\/p>\n<p>Ce souvenir est id\u00e9al pour ceux qui recherchent un rappel authentique qui encapsule l&rsquo;essence de Tenerife, devenant une excellente option pour les touristes souhaitant ramener un morceau de l&rsquo;\u00eele chez eux. En acqu\u00e9rant cet aimant, les visiteurs n&rsquo;obtiennent pas seulement un objet d\u00e9coratif, mais aussi une repr\u00e9sentation artistique de la culture et de l&rsquo;environnement naturel de Tenerife.<\/p>\n<p>Chez Ol\u00e9 Mosaic, nous nous sp\u00e9cialisons dans la distribution de souvenirs en gros, offrant des produits qui se distinguent par leur qualit\u00e9 et leur pertinence culturelle. Cet aimant de salamandres est un choix parfait pour les boutiques de cadeaux touristiques qui souhaitent offrir \u00e0 leurs clients un souvenir significatif et authentique de la belle \u00eele de Tenerife.<\/p>\n","protected":false},"excerpt":{"rendered":"<p>Aimant en bois d\u00e9cor\u00e9 d&rsquo;une charmante illustration de deux salamandres color\u00e9es parmi des fleurs, repr\u00e9sentant la beaut\u00e9 naturelle de Tenerife. Cet aimant, au design vibrant dans les tons bleu, rouge et vert, se distingue par sa conception artisanale, peinte \u00e0 la main, et l&rsquo;inscription \u00ab\u00a0Tenerife\u00a0\u00bb en lettres frappantes. Id\u00e9al pour se souvenir de l&rsquo;architecture et de la faune de l&rsquo;\u00eele, ce souvenir met en valeur la diversit\u00e9 et les couleurs de son environnement.<\/p>\n","protected":false},"featured_media":9992,"template":"","meta":{"_acf_changed":false},"product_brand":[],"product_cat":[697],"product_tag":[530],"class_list":{"0":"post-30259","1":"product","2":"type-product","3":"status-publish","4":"has-post-thumbnail","6":"product_cat-aimants","7":"product_tag-animaux","8":"pa_ciudad-tenerife","9":"pa_motivo-salamandres","10":"pa_pais-espana","12":"first","13":"instock","14":"shipping-taxable","15":"product-type-simple"},"acf":[],"_links":{"self":[{"href":"https:\/\/olemosaic.orbitalia.org\/fr\/wp-json\/wp\/v2\/product\/30259","targetHints":{"allow":["GET"]}}],"collection":[{"href":"https:\/\/olemosaic.orbitalia.org\/fr\/wp-json\/wp\/v2\/product"}],"about":[{"href":"https:\/\/olemosaic.orbitalia.org\/fr\/wp-json\/wp\/v2\/types\/product"}],"wp:featuredmedia":[{"embeddable":true,"href":"https:\/\/olemosaic.orbitalia.org\/fr\/wp-json\/wp\/v2\/media\/9992"}],"wp:attachment":[{"href":"https:\/\/olemosaic.orbitalia.org\/fr\/wp-json\/wp\/v2\/media?parent=30259"}],"wp:term":[{"taxonomy":"product_brand","embeddable":true,"href":"https:\/\/olemosaic.orbitalia.org\/fr\/wp-json\/wp\/v2\/product_brand?post=30259"},{"taxonomy":"product_cat","embeddable":true,"href":"https:\/\/olemosaic.orbitalia.org\/fr\/wp-json\/wp\/v2\/product_cat?post=30259"},{"taxonomy":"product_tag","embeddable":true,"href":"https:\/\/olemosaic.orbitalia.org\/fr\/wp-json\/wp\/v2\/product_tag?post=30259"}],"curies":[{"name":"wp","href":"https:\/\/api.w.org\/{rel}","templated":true}]}}