{"id":30257,"date":"2025-02-20T22:32:04","date_gmt":"2025-02-20T22:32:04","guid":{"rendered":"https:\/\/olemosaic.orbitalia.org\/producto\/iman-de-madera-panoramica-valencia\/"},"modified":"2025-07-25T18:56:11","modified_gmt":"2025-07-25T16:56:11","slug":"aimant-en-bois-panoramique-valence","status":"publish","type":"product","link":"https:\/\/olemosaic.orbitalia.org\/fr\/produit\/aimant-en-bois-panoramique-valence\/","title":{"rendered":"Aimant en bois. Panoramique. Valence."},"content":{"rendered":"<p>Cet aimant en bois, avec une vue panoramique vibrante de Valence, est le souvenir parfait pour capturer l&rsquo;essence de cette ville charmante. Avec un design color\u00e9 et attrayant, l&rsquo;aimant pr\u00e9sente une repr\u00e9sentation embl\u00e9matique de la Loge de la Soie (Lonja de la Seda) et de la Cit\u00e9 des Arts et des Sciences, deux monuments embl\u00e9matiques qui soulignent le riche h\u00e9ritage culturel valencien. Le soleil radieux, repr\u00e9sent\u00e9 dans des tons chauds, ajoute une sensation de joie et d&rsquo;\u00e9nergie, symbolisant le climat ensoleill\u00e9 qui caract\u00e9rise la r\u00e9gion. De plus, l&rsquo;oranger, symbole de l&rsquo;agriculture valencienne, apporte une touche fra\u00eeche et r\u00e9gionale \u00e0 ce souvenir attrayant.<\/p>\n<p>La combinaison de couleurs vives et de textures distinctives de cet aimant en fait non seulement un excellent rappel des paysages valenciens, mais aussi un accessoire id\u00e9al pour orner toute surface m\u00e9tallique \u00e0 la maison ou au bureau. Chaque fois que vous le verrez, vous serez transport\u00e9 dans les rues vibrantes de Valence, vous rappelant son histoire et son style de vie.<\/p>\n<p>Chez Ol\u00e9 Mosaic, nous nous sp\u00e9cialisons dans la distribution de souvenirs en gros, et cet aimant est une option parfaite pour les boutiques de cadeaux touristiques \u00e0 la recherche de produits authentiques et repr\u00e9sentatifs. Un souvenir de Valence qui n&rsquo;est pas seulement d\u00e9coratif, mais aussi une pi\u00e8ce culturelle qui c\u00e9l\u00e8bre l&rsquo;identit\u00e9 de cette ville merveilleuse.<\/p>\n","protected":false},"excerpt":{"rendered":"<p>Aimant en bois avec une vue panoramique vibrante de Valence, capturant l&rsquo;essence de la ville. Ce souvenir attrayant pr\u00e9sente une repr\u00e9sentation color\u00e9e de la Loge de la Soie et de la Cit\u00e9 des Arts et des Sciences, compl\u00e9t\u00e9e par un soleil et un oranger. Avec ses tons vifs et ses textures distinctives, l&rsquo;aimant est un excellent souvenir des paysages embl\u00e9matiques de Valence, id\u00e9al pour d\u00e9corer toute surface m\u00e9tallique.<\/p>\n","protected":false},"featured_media":9562,"template":"","meta":{"_acf_changed":false},"product_brand":[],"product_cat":[697],"product_tag":[],"class_list":{"0":"post-30257","1":"product","2":"type-product","3":"status-publish","4":"has-post-thumbnail","6":"product_cat-aimants","7":"pa_ciudad-valencia","8":"pa_motivo-panoramas","9":"pa_pais-espana","11":"first","12":"instock","13":"shipping-taxable","14":"product-type-simple"},"acf":[],"_links":{"self":[{"href":"https:\/\/olemosaic.orbitalia.org\/fr\/wp-json\/wp\/v2\/product\/30257","targetHints":{"allow":["GET"]}}],"collection":[{"href":"https:\/\/olemosaic.orbitalia.org\/fr\/wp-json\/wp\/v2\/product"}],"about":[{"href":"https:\/\/olemosaic.orbitalia.org\/fr\/wp-json\/wp\/v2\/types\/product"}],"wp:featuredmedia":[{"embeddable":true,"href":"https:\/\/olemosaic.orbitalia.org\/fr\/wp-json\/wp\/v2\/media\/9562"}],"wp:attachment":[{"href":"https:\/\/olemosaic.orbitalia.org\/fr\/wp-json\/wp\/v2\/media?parent=30257"}],"wp:term":[{"taxonomy":"product_brand","embeddable":true,"href":"https:\/\/olemosaic.orbitalia.org\/fr\/wp-json\/wp\/v2\/product_brand?post=30257"},{"taxonomy":"product_cat","embeddable":true,"href":"https:\/\/olemosaic.orbitalia.org\/fr\/wp-json\/wp\/v2\/product_cat?post=30257"},{"taxonomy":"product_tag","embeddable":true,"href":"https:\/\/olemosaic.orbitalia.org\/fr\/wp-json\/wp\/v2\/product_tag?post=30257"}],"curies":[{"name":"wp","href":"https:\/\/api.w.org\/{rel}","templated":true}]}}