{"id":30254,"date":"2025-02-20T22:32:04","date_gmt":"2025-02-20T22:32:04","guid":{"rendered":"https:\/\/olemosaic.orbitalia.org\/producto\/iman-de-madera-panoramica-ronda\/"},"modified":"2025-07-25T19:45:48","modified_gmt":"2025-07-25T17:45:48","slug":"aimant-en-bois-panoramique-ronda","status":"publish","type":"product","link":"https:\/\/olemosaic.orbitalia.org\/fr\/produit\/aimant-en-bois-panoramique-ronda\/","title":{"rendered":"Aimant en bois. Panoramique. Ronda."},"content":{"rendered":"<p>Cet aimant en bois avec le panorama de Ronda est un petit chef-d&rsquo;\u0153uvre qui capture l&rsquo;essence de l&rsquo;une des villes les plus embl\u00e9matiques d&rsquo;Andalousie. Con\u00e7u pour \u00e9voquer l&rsquo;impressionnante beaut\u00e9 de Ronda, l&rsquo;aimant montre l&rsquo;image embl\u00e9matique du Puente Nuevo, majestueux au-dessus des profondeurs du Tajo de Ronda, avec des montagnes qui enlacent la ville et un ciel d\u00e9gag\u00e9 qui invite \u00e0 l&rsquo;exploration. Les deux toreros, \u00e9l\u00e9gamment situ\u00e9s de chaque c\u00f4t\u00e9, c\u00e9l\u00e8brent la riche tradition taurine de la r\u00e9gion, apportant une touche de dynamisme au design. Le mot \u00ab\u00a0Ronda\u00a0\u00bb, orn\u00e9 de lettres multicolores vibrantes, souligne le caract\u00e8re festif et joyeux du lieu, faisant de ce souvenir un v\u00e9ritable symbole de la culture andalouse.<\/p>\n<p>Cet aimant n&rsquo;est pas seulement un compl\u00e9ment d\u00e9coratif id\u00e9al pour n&rsquo;importe quel r\u00e9frig\u00e9rateur, mais aussi un symbole du patrimoine culturel de Ronda, dont l&rsquo;histoire et l&rsquo;architecture t\u00e9moignent d&rsquo;un riche h\u00e9ritage qui attire des touristes du monde entier. Chez Ol\u00e9 Mosaic, nous nous sp\u00e9cialisons dans la distribution de souvenirs en gros, et cet aimant en bois se pr\u00e9sente comme une excellente option pour les boutiques de cadeaux touristiques \u00e0 la recherche d&rsquo;un produit de qualit\u00e9 et de haute valeur culturelle. Emporter un morceau de Ronda n&rsquo;a jamais \u00e9t\u00e9 aussi facile et attrayant ; cet aimant est une repr\u00e9sentation parfaite des souvenirs d&rsquo;Andalousie qui captiveront les visiteurs.<\/p>\n","protected":false},"excerpt":{"rendered":"<p>Aimant en bois avec un panorama de Ronda, l&rsquo;une des villes les plus embl\u00e9matiques d&rsquo;Andalousie. Cet aimant color\u00e9 pr\u00e9sente la c\u00e9l\u00e8bre image du Puente Nuevo, entour\u00e9 de montagnes et d&rsquo;un ciel d\u00e9gag\u00e9, aux c\u00f4t\u00e9s de deux figures de toreros encadr\u00e9es dans un design vibrant. Le mot \u00ab\u00a0Ronda\u00a0\u00bb, en lettres multicolores, rehausse le caract\u00e8re festif du souvenir. Id\u00e9al pour emporter un souvenir authentique de la beaut\u00e9 et de la culture de cette ville historique.<\/p>\n","protected":false},"featured_media":9560,"template":"","meta":{"_acf_changed":false},"product_brand":[],"product_cat":[697],"product_tag":[],"class_list":{"0":"post-30254","1":"product","2":"type-product","3":"status-publish","4":"has-post-thumbnail","6":"product_cat-aimants","7":"pa_ciudad-ronda","8":"pa_motivo-panoramas","9":"pa_pais-espana","11":"first","12":"instock","13":"shipping-taxable","14":"product-type-simple"},"acf":[],"_links":{"self":[{"href":"https:\/\/olemosaic.orbitalia.org\/fr\/wp-json\/wp\/v2\/product\/30254","targetHints":{"allow":["GET"]}}],"collection":[{"href":"https:\/\/olemosaic.orbitalia.org\/fr\/wp-json\/wp\/v2\/product"}],"about":[{"href":"https:\/\/olemosaic.orbitalia.org\/fr\/wp-json\/wp\/v2\/types\/product"}],"wp:featuredmedia":[{"embeddable":true,"href":"https:\/\/olemosaic.orbitalia.org\/fr\/wp-json\/wp\/v2\/media\/9560"}],"wp:attachment":[{"href":"https:\/\/olemosaic.orbitalia.org\/fr\/wp-json\/wp\/v2\/media?parent=30254"}],"wp:term":[{"taxonomy":"product_brand","embeddable":true,"href":"https:\/\/olemosaic.orbitalia.org\/fr\/wp-json\/wp\/v2\/product_brand?post=30254"},{"taxonomy":"product_cat","embeddable":true,"href":"https:\/\/olemosaic.orbitalia.org\/fr\/wp-json\/wp\/v2\/product_cat?post=30254"},{"taxonomy":"product_tag","embeddable":true,"href":"https:\/\/olemosaic.orbitalia.org\/fr\/wp-json\/wp\/v2\/product_tag?post=30254"}],"curies":[{"name":"wp","href":"https:\/\/api.w.org\/{rel}","templated":true}]}}