{"id":30252,"date":"2025-02-20T23:32:03","date_gmt":"2025-02-20T22:32:03","guid":{"rendered":"https:\/\/olemosaic.orbitalia.org\/producto\/iman-de-madera-guitarra\/"},"modified":"2025-07-25T18:46:42","modified_gmt":"2025-07-25T16:46:42","slug":"aimant-en-bois-guitare","status":"publish","type":"product","link":"https:\/\/olemosaic.orbitalia.org\/fr\/produit\/aimant-en-bois-guitare\/","title":{"rendered":"Aimant en bois. Guitare."},"content":{"rendered":"<p>Cet aimant en bois en forme de guitare est une petite \u0153uvre d&rsquo;art qui \u00e9voque la riche tradition musicale et culturelle de l&rsquo;Espagne, fusionnant le style unique du c\u00e9l\u00e8bre architecte Antoni Gaud\u00ed avec l&rsquo;essence du folklore espagnol. Con\u00e7u avec une mosa\u00efque vibrante peinte \u00e0 la main, ce souvenir attrayant se distingue par son explosion de couleurs vives dans des tons de vert, jaune, bleu et rouge, qui rappellent la beaut\u00e9 des fleurs et de la nature de la p\u00e9ninsule ib\u00e9rique. La guitare, symbole de l&rsquo;esprit musical espagnol, pr\u00e9sente des d\u00e9tails m\u00e9ticuleux qui en font un \u00e9l\u00e9ment d\u00e9coratif parfait pour toute surface magn\u00e9tique.<\/p>\n<p>Le lien culturel de cet aimant ne r\u00e9side pas seulement dans sa forme, mais aussi dans son design, qui refl\u00e8te l&rsquo;influence du modernisme catalan et de l&rsquo;art de la mosa\u00efque, si caract\u00e9ristique des \u0153uvres de Gaud\u00ed. Cet aimant est un excellent cadeau pour les amateurs de musique et de culture, encapsulant la joie et le rythme de la vie espagnole dans une pi\u00e8ce petite et fonctionnelle.<\/p>\n<p>Chez Ol\u00e9 Mosaic, nous proposons des souvenirs authentiques de la culture espagnole, et cet aimant de guitare est un ajout indispensable pour les boutiques de cadeaux touristiques. Son authenticit\u00e9 et son design artistique le rendent id\u00e9al pour ceux qui recherchent un souvenir repr\u00e9sentatif de leur voyage en Espagne, en faisant une option attrayante et significative pour les touristes qui explorent la diversit\u00e9 culturelle du pays. Si vous recherchez des aimants en gros, ce design exclusif non seulement embellit, mais raconte aussi des histoires de tradition et d&rsquo;art.<\/p>\n","protected":false},"excerpt":{"rendered":"<p>Aimant en bois en forme de guitare, reproduisant l&rsquo;art de la mosa\u00efque de style Gaud\u00ed. Cet aimant attrayant pr\u00e9sente un design vibrant et color\u00e9, avec des tons verts, jaunes, bleus et rouges \u00e9voquant les fleurs et la nature. Parfait pour les amateurs de musique et de culture espagnole, chaque d\u00e9tail est de conception artisanale, peint \u00e0 la main, pour capturer l&rsquo;essence du folklore espagnol. Id\u00e9al pour d\u00e9corer toute surface magn\u00e9tique avec une touche artistique.<\/p>\n","protected":false},"featured_media":9536,"template":"","meta":{"_acf_changed":false},"product_brand":[],"product_cat":[697],"product_tag":[],"class_list":{"0":"post-30252","1":"product","2":"type-product","3":"status-publish","4":"has-post-thumbnail","6":"product_cat-aimants","7":"pa_motivo-guitares","9":"first","10":"instock","11":"shipping-taxable","12":"product-type-simple"},"acf":[],"_links":{"self":[{"href":"https:\/\/olemosaic.orbitalia.org\/fr\/wp-json\/wp\/v2\/product\/30252","targetHints":{"allow":["GET"]}}],"collection":[{"href":"https:\/\/olemosaic.orbitalia.org\/fr\/wp-json\/wp\/v2\/product"}],"about":[{"href":"https:\/\/olemosaic.orbitalia.org\/fr\/wp-json\/wp\/v2\/types\/product"}],"wp:featuredmedia":[{"embeddable":true,"href":"https:\/\/olemosaic.orbitalia.org\/fr\/wp-json\/wp\/v2\/media\/9536"}],"wp:attachment":[{"href":"https:\/\/olemosaic.orbitalia.org\/fr\/wp-json\/wp\/v2\/media?parent=30252"}],"wp:term":[{"taxonomy":"product_brand","embeddable":true,"href":"https:\/\/olemosaic.orbitalia.org\/fr\/wp-json\/wp\/v2\/product_brand?post=30252"},{"taxonomy":"product_cat","embeddable":true,"href":"https:\/\/olemosaic.orbitalia.org\/fr\/wp-json\/wp\/v2\/product_cat?post=30252"},{"taxonomy":"product_tag","embeddable":true,"href":"https:\/\/olemosaic.orbitalia.org\/fr\/wp-json\/wp\/v2\/product_tag?post=30252"}],"curies":[{"name":"wp","href":"https:\/\/api.w.org\/{rel}","templated":true}]}}