{"id":30240,"date":"2025-02-20T23:31:47","date_gmt":"2025-02-20T22:31:47","guid":{"rendered":"https:\/\/olemosaic.orbitalia.org\/producto\/toro-figura-de-resina-de-9-cm-pintada-a-mano-2\/"},"modified":"2025-07-25T20:28:12","modified_gmt":"2025-07-25T18:28:12","slug":"taureau-figurine-en-resine-de-9-cm-peinte-a-la-main-2","status":"publish","type":"product","link":"https:\/\/olemosaic.orbitalia.org\/fr\/produit\/taureau-figurine-en-resine-de-9-cm-peinte-a-la-main-2\/","title":{"rendered":"Taureau. Figurine en mosa\u00efque de 9 cm. Culture espagnole."},"content":{"rendered":"<p>Ce taureau espagnol embl\u00e9matique en r\u00e9sine est un souvenir exquis qui r\u00e9sume la riche culture et les traditions de l&rsquo;Espagne dans une pi\u00e8ce de 9 cm. Peinte \u00e0 la main avec une technique de mosa\u00efque vibrante, chaque figurine pr\u00e9sente un d\u00e9ploiement de couleurs \u00e9clatantes, telles que le rouge, l&rsquo;orange et le noir, qui donnent vie et \u00e9nergie \u00e0 son design. La forme robuste et fi\u00e8re du taureau, symbole de force et de courage, est repr\u00e9sentative des nombreux festivals et corridas qui font partie du patrimoine espagnol.<\/p>\n<p>La finition artisanale de cette figurine souligne son authenticit\u00e9 et en fait un souvenir id\u00e9al pour les touristes souhaitant emporter un morceau de la riche tradition culturelle de l&rsquo;Espagne. Son design m\u00e9ticuleux et d\u00e9taill\u00e9 le rend parfait aussi bien comme objet de d\u00e9coration pour la maison que comme cadeau sp\u00e9cial pour les amis et la famille. Ce souvenir distinctif est \u00e9galement un excellent produit pour les boutiques de cadeaux touristiques, car il refl\u00e8te l&rsquo;identit\u00e9 de l&rsquo;Espagne et son lien profond avec la tauromachie, une tradition qui a marqu\u00e9 l&rsquo;histoire du pays.<\/p>\n<p>Chez Ol\u00e9 Mosaic, en tant que grossiste de souvenirs, nous proposons cet impressionnant taureau espagnol, garantissant un produit de qualit\u00e9 et de pertinence culturelle qui surprendra ceux qui l&rsquo;ach\u00e8tent. Avec ce taureau d\u00e9coratif, on n&#8217;emporte pas seulement un souvenir, mais une pi\u00e8ce qui raconte une histoire et symbolise l&rsquo;essence m\u00eame de la culture espagnole.<\/p>\n","protected":false},"excerpt":{"rendered":"<p>Figurine de 9 cm de l&#8217;embl\u00e9matique taureau espagnol, design artisanal, peinte \u00e0 la main, avec des couleurs vibrantes dans un design en mosa\u00efque. Ce souvenir distinctif capture l&rsquo;essence de la culture espagnole, repr\u00e9sentant la force et le caract\u00e8re du taureau, symbole de nombreuses traditions. Avec une finition artisanale comprenant des tons rouges, oranges et noirs, c&rsquo;est une pi\u00e8ce d\u00e9corative id\u00e9ale pour ceux qui recherchent un souvenir authentique de l&rsquo;Espagne.<\/p>\n","protected":false},"featured_media":6150,"template":"","meta":{"_acf_changed":false},"product_brand":[],"product_cat":[540],"product_tag":[530],"class_list":{"0":"post-30240","1":"product","2":"type-product","3":"status-publish","4":"has-post-thumbnail","6":"product_cat-chiffres","7":"product_tag-animaux","8":"pa_motivo-taureaux","10":"first","11":"instock","12":"shipping-taxable","13":"product-type-simple"},"acf":[],"_links":{"self":[{"href":"https:\/\/olemosaic.orbitalia.org\/fr\/wp-json\/wp\/v2\/product\/30240","targetHints":{"allow":["GET"]}}],"collection":[{"href":"https:\/\/olemosaic.orbitalia.org\/fr\/wp-json\/wp\/v2\/product"}],"about":[{"href":"https:\/\/olemosaic.orbitalia.org\/fr\/wp-json\/wp\/v2\/types\/product"}],"wp:featuredmedia":[{"embeddable":true,"href":"https:\/\/olemosaic.orbitalia.org\/fr\/wp-json\/wp\/v2\/media\/6150"}],"wp:attachment":[{"href":"https:\/\/olemosaic.orbitalia.org\/fr\/wp-json\/wp\/v2\/media?parent=30240"}],"wp:term":[{"taxonomy":"product_brand","embeddable":true,"href":"https:\/\/olemosaic.orbitalia.org\/fr\/wp-json\/wp\/v2\/product_brand?post=30240"},{"taxonomy":"product_cat","embeddable":true,"href":"https:\/\/olemosaic.orbitalia.org\/fr\/wp-json\/wp\/v2\/product_cat?post=30240"},{"taxonomy":"product_tag","embeddable":true,"href":"https:\/\/olemosaic.orbitalia.org\/fr\/wp-json\/wp\/v2\/product_tag?post=30240"}],"curies":[{"name":"wp","href":"https:\/\/api.w.org\/{rel}","templated":true}]}}