{"id":30218,"date":"2025-02-20T23:31:46","date_gmt":"2025-02-20T22:31:46","guid":{"rendered":"https:\/\/olemosaic.orbitalia.org\/producto\/botella-inox-500-ml-panoramica-barcelona-4\/"},"modified":"2025-07-25T19:57:57","modified_gmt":"2025-07-25T17:57:57","slug":"bouteille-inox-500-ml-panoramique-barcelone-4","status":"publish","type":"product","link":"https:\/\/olemosaic.orbitalia.org\/fr\/produit\/bouteille-inox-500-ml-panoramique-barcelone-4\/","title":{"rendered":"Bouteille inox 500 ml. Panoramique. Sagrada Familia. Gaud\u00ed. Barcelone."},"content":{"rendered":"<p>Ce souvenir \u00e9l\u00e9gant et color\u00e9 est une bouteille en acier inoxydable de 500 ml qui capture l&rsquo;essence de Barcelone et de ses monuments les plus embl\u00e9matiques. Son design vibrant pr\u00e9sente une impressionnante vue panoramique avec la majestueuse Sagrada Familia et les maisons embl\u00e9matiques qui refl\u00e8tent le style unique de Gaud\u00ed. Peints \u00e0 la main avec une technique brillante, les \u00e9l\u00e9ments visuels rendent hommage \u00e0 la richesse architecturale de la ville, soulignant la fusion de tons chauds et froids qui \u00e9voquent l&rsquo;\u00e9nergie de Barcelone.<\/p>\n<p>La bouteille b\u00e9n\u00e9ficie d&rsquo;une finition de haute qualit\u00e9 et d&rsquo;un bouchon en acier, garantissant la durabilit\u00e9 et le maintien de vos boissons fra\u00eeches tout au long de la journ\u00e9e. De plus, elle comprend un porte-cl\u00e9s rouge, ajoutant une touche fonctionnelle qui en fait un accessoire pratique pour toute aventure urbaine ou rurale. Ce souvenir est id\u00e9al pour ceux qui souhaitent emporter un morceau de Barcelone avec eux, et constitue \u00e9galement un rappel de la culture vibrante et de l&rsquo;h\u00e9ritage artistique que la ville offre \u00e0 des millions de visiteurs.<\/p>\n<p>Chez Ol\u00e9 Mosaic, nous proposons cette bouteille en acier inoxydable dans le cadre de notre collection de souvenirs authentiques et repr\u00e9sentatifs de la culture espagnole, parfaits pour les boutiques de cadeaux touristiques \u00e0 la recherche de produits de qualit\u00e9 et de pertinence, garantissant que chaque client visitant votre \u00e9tablissement puisse trouver un souvenir significatif de son voyage \u00e0 Barcelone.<\/p>\n","protected":false},"excerpt":{"rendered":"<p>Bouteille en acier inoxydable de 500 ml avec une vue panoramique vibrante de Barcelone. Ce design \u00e9l\u00e9gant pr\u00e9sente des \u00e9l\u00e9ments embl\u00e9matiques tels que la Sagrada Familia et des maisons color\u00e9es, inspir\u00e9s de la c\u00e9l\u00e8bre mosa\u00efque de Gaud\u00ed, peints \u00e0 la main avec une technique brillante. Avec une finition dans des tons chauds et froids, la bouteille comprend un bouchon en acier et un porte-cl\u00e9s rouge ; elle est parfaite pour garder vos boissons fra\u00eeches et emporter un morceau de Barcelone avec vous.<\/p>\n","protected":false},"featured_media":9781,"template":"","meta":{"_acf_changed":false},"product_brand":[],"product_cat":[784],"product_tag":[],"class_list":{"0":"post-30218","1":"product","2":"type-product","3":"status-publish","4":"has-post-thumbnail","6":"product_cat-bouteilles-inox","7":"pa_ciudad-barcelona","8":"pa_motivo-panoramas","9":"pa_pais-espana","11":"first","12":"instock","13":"shipping-taxable","14":"product-type-simple"},"acf":[],"_links":{"self":[{"href":"https:\/\/olemosaic.orbitalia.org\/fr\/wp-json\/wp\/v2\/product\/30218","targetHints":{"allow":["GET"]}}],"collection":[{"href":"https:\/\/olemosaic.orbitalia.org\/fr\/wp-json\/wp\/v2\/product"}],"about":[{"href":"https:\/\/olemosaic.orbitalia.org\/fr\/wp-json\/wp\/v2\/types\/product"}],"wp:featuredmedia":[{"embeddable":true,"href":"https:\/\/olemosaic.orbitalia.org\/fr\/wp-json\/wp\/v2\/media\/9781"}],"wp:attachment":[{"href":"https:\/\/olemosaic.orbitalia.org\/fr\/wp-json\/wp\/v2\/media?parent=30218"}],"wp:term":[{"taxonomy":"product_brand","embeddable":true,"href":"https:\/\/olemosaic.orbitalia.org\/fr\/wp-json\/wp\/v2\/product_brand?post=30218"},{"taxonomy":"product_cat","embeddable":true,"href":"https:\/\/olemosaic.orbitalia.org\/fr\/wp-json\/wp\/v2\/product_cat?post=30218"},{"taxonomy":"product_tag","embeddable":true,"href":"https:\/\/olemosaic.orbitalia.org\/fr\/wp-json\/wp\/v2\/product_tag?post=30218"}],"curies":[{"name":"wp","href":"https:\/\/api.w.org\/{rel}","templated":true}]}}