{"id":30202,"date":"2025-02-20T23:31:45","date_gmt":"2025-02-20T22:31:45","guid":{"rendered":"https:\/\/olemosaic.orbitalia.org\/producto\/plato-de-ceramica-de-85-cm-panoramica-madrid-beige\/"},"modified":"2025-07-25T19:09:32","modified_gmt":"2025-07-25T17:09:32","slug":"assiette-en-ceramique-de-8-5-cm-panoramique-madrid-beige","status":"publish","type":"product","link":"https:\/\/olemosaic.orbitalia.org\/fr\/produit\/assiette-en-ceramique-de-8-5-cm-panoramique-madrid-beige\/","title":{"rendered":"Assiette en c\u00e9ramique de 8,5 cm. Panoramique. Madrid. Beige."},"content":{"rendered":"<p>Cette \u00e9l\u00e9gante assiette en c\u00e9ramique de 8,5 cm est un charmant souvenir de Madrid, capturant l&rsquo;essence vibrante de la capitale espagnole \u00e0 travers son design unique. Inspir\u00e9e par l&#8217;embl\u00e9matique Porte d&rsquo;Alcal\u00e1, l&rsquo;assiette pr\u00e9sente une mosa\u00efque color\u00e9e dans les tons beige, rouge et bleu, cr\u00e9ant une vue panoramique qui \u00e9voque la riche histoire et la culture de la ville. L&rsquo;illustration montre la porte majestueuse, entour\u00e9e de d\u00e9tails artistiques, faisant de cette pi\u00e8ce un reflet du patrimoine architectural madril\u00e8ne.<\/p>\n<p>Le texte \u00ab\u00a0MADRID\u00a0\u00bb en bas de l&rsquo;assiette ajoute non seulement une touche distinctive, mais r\u00e9affirme \u00e9galement son authenticit\u00e9 en tant que souvenir de la ville. Chaque assiette est peinte \u00e0 la main, ce qui garantit la singularit\u00e9 de chaque pi\u00e8ce et rehausse sa valeur en tant que souvenir. Cet article combine art et fonctionnalit\u00e9, \u00e9tant id\u00e9al aussi bien pour l&rsquo;exposition que pour une utilisation lors d&rsquo;occasions sp\u00e9ciales.<\/p>\n<p>Chez Ol\u00e9 Mosaic, nous sommes des distributeurs de souvenirs en c\u00e9ramique authentique, offrant des produits qui capturent l&rsquo;essence de lieux embl\u00e9matiques comme Madrid. Cette assiette est une excellente option pour les boutiques de cadeaux touristiques qui cherchent \u00e0 proposer des souvenirs refl\u00e9tant la beaut\u00e9 et l&rsquo;histoire culturelle de l&rsquo;Espagne. En tant que grossistes en c\u00e9ramique, nous garantissons la qualit\u00e9 et l&rsquo;authenticit\u00e9 de chacun de nos produits.<\/p>\n","protected":false},"excerpt":{"rendered":"<p>Assiette en c\u00e9ramique de 8,5 cm avec une vue panoramique color\u00e9e de Madrid. Cette \u00e9l\u00e9gante assiette pr\u00e9sente un design inspir\u00e9 de l&rsquo;iconique Porte d&rsquo;Alcal\u00e1, avec une mosa\u00efque vibrante dans les tons beige, rouge et bleu. D\u00e9cor\u00e9e du mot \u00ab\u00a0MADRID\u00a0\u00bb en bas, c&rsquo;est une pi\u00e8ce de design artisanal, peinte \u00e0 la main, qui combine art et fonctionnalit\u00e9, id\u00e9ale comme objet d\u00e9coratif ou comme souvenir distinctif de la capitale espagnole.<\/p>\n","protected":false},"featured_media":7531,"template":"","meta":{"_acf_changed":false},"product_brand":[],"product_cat":[656],"product_tag":[585],"class_list":{"0":"post-30202","1":"product","2":"type-product","3":"status-publish","4":"has-post-thumbnail","6":"product_cat-assiettes-decoratives","7":"product_tag-ceramique","8":"pa_ciudad-madrid","9":"pa_motivo-panoramas","10":"pa_pais-espana","12":"first","13":"instock","14":"shipping-taxable","15":"product-type-simple"},"acf":[],"_links":{"self":[{"href":"https:\/\/olemosaic.orbitalia.org\/fr\/wp-json\/wp\/v2\/product\/30202","targetHints":{"allow":["GET"]}}],"collection":[{"href":"https:\/\/olemosaic.orbitalia.org\/fr\/wp-json\/wp\/v2\/product"}],"about":[{"href":"https:\/\/olemosaic.orbitalia.org\/fr\/wp-json\/wp\/v2\/types\/product"}],"wp:featuredmedia":[{"embeddable":true,"href":"https:\/\/olemosaic.orbitalia.org\/fr\/wp-json\/wp\/v2\/media\/7531"}],"wp:attachment":[{"href":"https:\/\/olemosaic.orbitalia.org\/fr\/wp-json\/wp\/v2\/media?parent=30202"}],"wp:term":[{"taxonomy":"product_brand","embeddable":true,"href":"https:\/\/olemosaic.orbitalia.org\/fr\/wp-json\/wp\/v2\/product_brand?post=30202"},{"taxonomy":"product_cat","embeddable":true,"href":"https:\/\/olemosaic.orbitalia.org\/fr\/wp-json\/wp\/v2\/product_cat?post=30202"},{"taxonomy":"product_tag","embeddable":true,"href":"https:\/\/olemosaic.orbitalia.org\/fr\/wp-json\/wp\/v2\/product_tag?post=30202"}],"curies":[{"name":"wp","href":"https:\/\/api.w.org\/{rel}","templated":true}]}}