{"id":30175,"date":"2025-02-20T23:31:44","date_gmt":"2025-02-20T22:31:44","guid":{"rendered":"https:\/\/olemosaic.orbitalia.org\/producto\/botella-inox-500-ml-mariposa\/"},"modified":"2025-07-25T18:44:10","modified_gmt":"2025-07-25T16:44:10","slug":"bouteille-inox-500-ml-papillon","status":"publish","type":"product","link":"https:\/\/olemosaic.orbitalia.org\/fr\/produit\/bouteille-inox-500-ml-papillon\/","title":{"rendered":"Bouteille inox. 500 ml. Papillon."},"content":{"rendered":"<p>Ce thermos \u00e9l\u00e9gant en acier inoxydable de 500 ml, orn\u00e9 d&rsquo;un ensemble vibrant de papillons sur fond blanc, est le souvenir parfait qui capture l&rsquo;essence de la nature \u00e0 chaque gorg\u00e9e. L&rsquo;art espagnol se refl\u00e8te dans les papillons stylis\u00e9s, mis en valeur par des tons rouges, bleus et jaunes, cr\u00e9ant un effet de mosa\u00efque qui \u00e9voque les traditions color\u00e9es des grandes villes du pays. Avec son bouchon en acier et sa fermeture herm\u00e9tique, ce thermos garantit non seulement la fra\u00eecheur de vos boissons pr\u00e9f\u00e9r\u00e9es, mais ajoute \u00e9galement une touche artistique \u00e0 votre quotidien.<\/p>\n<p>Le design d\u00e9taill\u00e9 des papillons, avec leurs ailes d\u00e9ploy\u00e9es et leurs motifs complexes, symbolise la transformation et la beaut\u00e9 \u00e9ph\u00e9m\u00e8re de la nature, des \u00e9l\u00e9ments tr\u00e8s appr\u00e9ci\u00e9s dans la culture m\u00e9diterran\u00e9enne. Ce thermos est bien plus qu&rsquo;un simple accessoire ; c&rsquo;est une pi\u00e8ce qui raconte une histoire et qui est parfaite pour ceux qui cherchent \u00e0 emporter avec eux un morceau du riche h\u00e9ritage espagnol.<\/p>\n<p>Chez Ol\u00e9 Mosaic, nous sommes sp\u00e9cialistes de la distribution de souvenirs en gros, et ce thermos en acier inoxydable est une option exceptionnelle pour les boutiques de cadeaux touristiques souhaitant proposer des produits alliant fonctionnalit\u00e9 et forte connexion culturelle. Avec ses caract\u00e9ristiques uniques, il est destin\u00e9 \u00e0 devenir un favori parmi les touristes \u00e0 la recherche de souvenirs authentiques et significatifs de leur exp\u00e9rience en Espagne.<\/p>\n","protected":false},"excerpt":{"rendered":"<p>Bouteille en acier inoxydable de 500 ml, d\u00e9cor\u00e9e d&rsquo;un design vibrant de papillons sur fond blanc. Cette bouteille \u00e9l\u00e9gante, dot\u00e9e d&rsquo;un bouchon en acier et d&rsquo;une fermeture herm\u00e9tique, pr\u00e9sente des papillons rouges, bleus et jaunes, cr\u00e9\u00e9s dans un style mosa\u00efque \u00e9voquant l&rsquo;art espagnol. Id\u00e9ale pour transporter vos boissons pr\u00e9f\u00e9r\u00e9es, elle allie fonctionnalit\u00e9 et touche artistique soulignant la beaut\u00e9 de la nature. Parfaite pour le quotidien ou comme souvenir.<\/p>\n","protected":false},"featured_media":9789,"template":"","meta":{"_acf_changed":false},"product_brand":[],"product_cat":[784],"product_tag":[530],"class_list":{"0":"post-30175","1":"product","2":"type-product","3":"status-publish","4":"has-post-thumbnail","6":"product_cat-bouteilles-inox","7":"product_tag-animaux","8":"pa_motivo-papillons","10":"first","11":"instock","12":"shipping-taxable","13":"product-type-simple"},"acf":[],"_links":{"self":[{"href":"https:\/\/olemosaic.orbitalia.org\/fr\/wp-json\/wp\/v2\/product\/30175","targetHints":{"allow":["GET"]}}],"collection":[{"href":"https:\/\/olemosaic.orbitalia.org\/fr\/wp-json\/wp\/v2\/product"}],"about":[{"href":"https:\/\/olemosaic.orbitalia.org\/fr\/wp-json\/wp\/v2\/types\/product"}],"wp:featuredmedia":[{"embeddable":true,"href":"https:\/\/olemosaic.orbitalia.org\/fr\/wp-json\/wp\/v2\/media\/9789"}],"wp:attachment":[{"href":"https:\/\/olemosaic.orbitalia.org\/fr\/wp-json\/wp\/v2\/media?parent=30175"}],"wp:term":[{"taxonomy":"product_brand","embeddable":true,"href":"https:\/\/olemosaic.orbitalia.org\/fr\/wp-json\/wp\/v2\/product_brand?post=30175"},{"taxonomy":"product_cat","embeddable":true,"href":"https:\/\/olemosaic.orbitalia.org\/fr\/wp-json\/wp\/v2\/product_cat?post=30175"},{"taxonomy":"product_tag","embeddable":true,"href":"https:\/\/olemosaic.orbitalia.org\/fr\/wp-json\/wp\/v2\/product_tag?post=30175"}],"curies":[{"name":"wp","href":"https:\/\/api.w.org\/{rel}","templated":true}]}}