{"id":30174,"date":"2025-02-20T22:31:44","date_gmt":"2025-02-20T22:31:44","guid":{"rendered":"https:\/\/olemosaic.orbitalia.org\/producto\/cenicero-de-ceramica-de-10-cm-mosaico-barcelona-blanco\/"},"modified":"2025-07-25T19:32:49","modified_gmt":"2025-07-25T17:32:49","slug":"cendrier-ceramique-10-cm-mosaique-barcelone-blanc","status":"publish","type":"product","link":"https:\/\/olemosaic.orbitalia.org\/fr\/produit\/cendrier-ceramique-10-cm-mosaique-barcelone-blanc\/","title":{"rendered":"Cendrier en c\u00e9ramique de 10 cm. Mosa\u00efque. Barcelone. Blanc"},"content":{"rendered":"<p>Cet \u00e9l\u00e9gant cendrier en c\u00e9ramique est une v\u00e9ritable repr\u00e9sentation de la vibrante culture barcelonaise. D&rsquo;un diam\u00e8tre de 10 cm, ce produit se caract\u00e9rise par sa mosa\u00efque color\u00e9e, qui rend hommage \u00e0 l&rsquo;\u0153uvre embl\u00e9matique d&rsquo;Antoni Gaud\u00ed, c\u00e9l\u00e8bre pour son utilisation innovante du trencad\u00eds. La base blanche du cendrier contraste avec une explosion de couleurs, o\u00f9 pr\u00e9dominent les bleus, les oranges et les rouges, organis\u00e9s en motifs g\u00e9om\u00e9triques qui \u00e9voquent la cr\u00e9ativit\u00e9 architecturale de la ville. \u00c0 l&rsquo;int\u00e9rieur, chaque section de la mosa\u00efque met en valeur des motifs typiques de la tradition catalane, ce qui fait de ce cendrier une pi\u00e8ce \u00e0 la fois fonctionnelle et d\u00e9corative.<\/p>\n<p>Impeccablement con\u00e7u, il pr\u00e9sente le mot \u00ab\u00a0Barcelone\u00a0\u00bb sur la partie inf\u00e9rieure, ce qui en fait un souvenir parfait pour ceux qui souhaitent emporter un souvenir authentique de leur visite. Ce n&rsquo;est pas seulement un accessoire pratique, mais aussi une pi\u00e8ce qui c\u00e9l\u00e8bre le riche h\u00e9ritage culturel de la ville, id\u00e9ale pour ceux qui recherchent des produits capturant l&rsquo;essence de leur voyage. Chez Ol\u00e9 Mosaic, en tant que grossistes en souvenirs de Barcelone, nous proposons ce cendrier comme une option de choix pour les boutiques de cadeaux touristiques qui souhaitent offrir des produits authentiques et charg\u00e9s d&rsquo;histoire. Ce cendrier en c\u00e9ramique est, sans aucun doute, une grande trouvaille pour tous les amateurs d&rsquo;art et de culture de cette ville fascinante.<\/p>\n","protected":false},"excerpt":{"rendered":"<p>Cendrier en c\u00e9ramique de 10 cm, d\u00e9cor\u00e9 d&rsquo;une mosa\u00efque color\u00e9e inspir\u00e9e de l&rsquo;architecture de Barcelone. Cet \u00e9l\u00e9gant cendrier pr\u00e9sente un design vibrant combinant bleus, oranges et rouges dans des motifs g\u00e9om\u00e9triques, \u00e9voquant la tradition du trencad\u00eds de Gaud\u00ed. Avec une finition brillante et le mot \u00ab\u00a0Barcelone\u00a0\u00bb imprim\u00e9 sur la base, c&rsquo;est une pi\u00e8ce fonctionnelle et d\u00e9corative qui capture l&rsquo;essence de l&rsquo;art et de la culture de la ville.<\/p>\n","protected":false},"featured_media":9116,"template":"","meta":{"_acf_changed":false},"product_brand":[],"product_cat":[584],"product_tag":[585],"class_list":{"0":"post-30174","1":"product","2":"type-product","3":"status-publish","4":"has-post-thumbnail","6":"product_cat-cendriers","7":"product_tag-ceramique","8":"pa_ciudad-barcelona","9":"pa_motivo-mosaique","10":"pa_pais-espana","12":"first","13":"instock","14":"shipping-taxable","15":"product-type-simple"},"acf":[],"_links":{"self":[{"href":"https:\/\/olemosaic.orbitalia.org\/fr\/wp-json\/wp\/v2\/product\/30174","targetHints":{"allow":["GET"]}}],"collection":[{"href":"https:\/\/olemosaic.orbitalia.org\/fr\/wp-json\/wp\/v2\/product"}],"about":[{"href":"https:\/\/olemosaic.orbitalia.org\/fr\/wp-json\/wp\/v2\/types\/product"}],"wp:featuredmedia":[{"embeddable":true,"href":"https:\/\/olemosaic.orbitalia.org\/fr\/wp-json\/wp\/v2\/media\/9116"}],"wp:attachment":[{"href":"https:\/\/olemosaic.orbitalia.org\/fr\/wp-json\/wp\/v2\/media?parent=30174"}],"wp:term":[{"taxonomy":"product_brand","embeddable":true,"href":"https:\/\/olemosaic.orbitalia.org\/fr\/wp-json\/wp\/v2\/product_brand?post=30174"},{"taxonomy":"product_cat","embeddable":true,"href":"https:\/\/olemosaic.orbitalia.org\/fr\/wp-json\/wp\/v2\/product_cat?post=30174"},{"taxonomy":"product_tag","embeddable":true,"href":"https:\/\/olemosaic.orbitalia.org\/fr\/wp-json\/wp\/v2\/product_tag?post=30174"}],"curies":[{"name":"wp","href":"https:\/\/api.w.org\/{rel}","templated":true}]}}