{"id":30173,"date":"2025-02-20T23:31:44","date_gmt":"2025-02-20T22:31:44","guid":{"rendered":"https:\/\/olemosaic.orbitalia.org\/producto\/botella-inox-500-ml-toro\/"},"modified":"2025-07-25T19:06:00","modified_gmt":"2025-07-25T17:06:00","slug":"bouteille-inox-500-ml-taureau","status":"publish","type":"product","link":"https:\/\/olemosaic.orbitalia.org\/fr\/produit\/bouteille-inox-500-ml-taureau\/","title":{"rendered":"Bouteille inox. 500 ml. Taureau."},"content":{"rendered":"<p>Cette \u00e9l\u00e9gante gourde en acier inoxydable de 500 ml, d\u00e9cor\u00e9e d&rsquo;un design vibrant de taureau, est un authentique souvenir espagnol qui capture l&rsquo;essence de la culture taurine. Son image imposante, rehauss\u00e9e par une mosa\u00efque color\u00e9e aux tons rouges, verts et bleus, refl\u00e8te la tradition et la passion de la tauromachie, si ancr\u00e9e dans l&rsquo;histoire et le folklore de l&rsquo;Espagne. La finition brillante du mat\u00e9riau lui conf\u00e8re non seulement un aspect moderne et attrayant, mais garantit \u00e9galement sa durabilit\u00e9, faisant de cette bouteille le compagnon id\u00e9al pour garder vos boissons froides ou chaudes pendant des heures.<\/p>\n<p>Le taureau, symbole de force et de courage, est un motif central de la culture espagnole, et ce design encapsule son esprit vibrant et \u00e9nergique. De plus, la bouteille comprend un porte-cl\u00e9s pratique, ce qui en fait un article fonctionnel et facile \u00e0 transporter. Chez Ol\u00e9 Mosaic, nous sommes sp\u00e9cialis\u00e9s dans la distribution de souvenirs en gros, proposant des produits authentiques qui repr\u00e9sentent le riche h\u00e9ritage culturel de l&rsquo;Espagne. Cette gourde en acier inoxydable est une excellente option pour les boutiques de cadeaux touristiques qui cherchent \u00e0 offrir des produits uniques et significatifs. Avec ce souvenir, les touristes peuvent emporter un petit morceau d&rsquo;Espagne qui allie art, tradition et fonctionnalit\u00e9, parfait pour se souvenir de leur exp\u00e9rience en terres ib\u00e9riques.<\/p>\n","protected":false},"excerpt":{"rendered":"<p>Bouteille en acier inoxydable de 500 ml, d\u00e9cor\u00e9e d&rsquo;un design vibrant de taureau. Elle pr\u00e9sente une mosa\u00efque color\u00e9e aux tons rouges, verts et bleus, inspir\u00e9e de la tradition espagnole. Avec une finition brillante et un bouchon en acier, elle est id\u00e9ale pour maintenir vos boissons froides ou chaudes. Son design attrayant \u00e9voque la culture taurine, en faisant un souvenir parfait pour ceux qui souhaitent emporter une touche d&rsquo;Espagne avec eux. De plus, elle comprend un porte-cl\u00e9s pratique.<\/p>\n","protected":false},"featured_media":9670,"template":"","meta":{"_acf_changed":false},"product_brand":[],"product_cat":[784],"product_tag":[530],"class_list":{"0":"post-30173","1":"product","2":"type-product","3":"status-publish","4":"has-post-thumbnail","6":"product_cat-bouteilles-inox","7":"product_tag-animaux","8":"pa_motivo-taureaux","10":"first","11":"instock","12":"shipping-taxable","13":"product-type-simple"},"acf":[],"_links":{"self":[{"href":"https:\/\/olemosaic.orbitalia.org\/fr\/wp-json\/wp\/v2\/product\/30173","targetHints":{"allow":["GET"]}}],"collection":[{"href":"https:\/\/olemosaic.orbitalia.org\/fr\/wp-json\/wp\/v2\/product"}],"about":[{"href":"https:\/\/olemosaic.orbitalia.org\/fr\/wp-json\/wp\/v2\/types\/product"}],"wp:featuredmedia":[{"embeddable":true,"href":"https:\/\/olemosaic.orbitalia.org\/fr\/wp-json\/wp\/v2\/media\/9670"}],"wp:attachment":[{"href":"https:\/\/olemosaic.orbitalia.org\/fr\/wp-json\/wp\/v2\/media?parent=30173"}],"wp:term":[{"taxonomy":"product_brand","embeddable":true,"href":"https:\/\/olemosaic.orbitalia.org\/fr\/wp-json\/wp\/v2\/product_brand?post=30173"},{"taxonomy":"product_cat","embeddable":true,"href":"https:\/\/olemosaic.orbitalia.org\/fr\/wp-json\/wp\/v2\/product_cat?post=30173"},{"taxonomy":"product_tag","embeddable":true,"href":"https:\/\/olemosaic.orbitalia.org\/fr\/wp-json\/wp\/v2\/product_tag?post=30173"}],"curies":[{"name":"wp","href":"https:\/\/api.w.org\/{rel}","templated":true}]}}