{"id":30170,"date":"2025-02-20T23:31:43","date_gmt":"2025-02-20T22:31:43","guid":{"rendered":"https:\/\/olemosaic.orbitalia.org\/producto\/bol-de-coco-marron-flor-2\/"},"modified":"2025-07-25T18:53:05","modified_gmt":"2025-07-25T16:53:05","slug":"bol-noix-de-coco-marron-fleur-2","status":"publish","type":"product","link":"https:\/\/olemosaic.orbitalia.org\/fr\/produit\/bol-noix-de-coco-marron-fleur-2\/","title":{"rendered":"Bol en noix de coco marron. Fleur. Ton dor\u00e9."},"content":{"rendered":"<p>Cet \u00e9l\u00e9gant bol en noix de coco marron, d\u00e9cor\u00e9 d&rsquo;un d\u00e9licat motif floral aux tons dor\u00e9s, est le souvenir id\u00e9al qui capture l&rsquo;essence naturelle et artisanale de la culture m\u00e9diterran\u00e9enne. Fabriqu\u00e9 \u00e0 partir de coques de noix de coco, ce bol pr\u00e9sente une finition organique qui souligne sa forme unique et douce, cr\u00e9ant un contraste attrayant avec le motif floral complexe qui orne sa surface. La technique de sculpture pr\u00e9cise appliqu\u00e9e \u00e0 la coque permet \u00e0 la lumi\u00e8re de filtrer \u00e0 travers sa structure, projetant un magnifique jeu d&rsquo;ombres et d&rsquo;\u00e9clats dor\u00e9s dans la pi\u00e8ce, transformant n&rsquo;importe quel espace en un coin accueillant et chaleureux.<\/p>\n<p>Ce bol n&rsquo;est pas seulement une pi\u00e8ce d\u00e9corative, il offre \u00e9galement de multiples usages dans la maison, de la pr\u00e9sentation d&rsquo;amuse-bouches \u00e0 son utilisation comme \u00e9l\u00e9gant centre de table. Le lien culturel de cet article r\u00e9side dans sa fabrication artisanale, qui revendique l&rsquo;utilisation de mat\u00e9riaux locaux et de techniques traditionnelles, refl\u00e9tant le riche h\u00e9ritage de la r\u00e9gion m\u00e9diterran\u00e9enne.<\/p>\n<p>Chez Ol\u00e9 Mosaic, nous sommes sp\u00e9cialis\u00e9s dans la distribution de souvenirs en gros, proposant ce bol en noix de coco comme une option exceptionnelle pour les boutiques de cadeaux touristiques \u00e0 la recherche d&rsquo;articles authentiques et repr\u00e9sentatifs. Ce bol en noix de coco marron est un souvenir parfait pour les touristes qui souhaitent emporter chez eux un morceau de la tradition artisanale et esth\u00e9tique m\u00e9diterran\u00e9enne.<\/p>\n","protected":false},"excerpt":{"rendered":"<p>Bol en noix de coco marron d\u00e9cor\u00e9 d&rsquo;un d\u00e9licat motif floral aux tons dor\u00e9s. Cet \u00e9l\u00e9gant bol, fabriqu\u00e9 \u00e0 partir de coques de noix de coco, pr\u00e9sente une finition qui rehausse sa forme organique, cr\u00e9ant un contraste attrayant avec le motif floral. La technique employ\u00e9e est la sculpture pr\u00e9cise, qui permet \u00e0 la lumi\u00e8re de filtrer \u00e0 travers sa structure, offrant une touche chaleureuse et naturelle \u00e0 n&rsquo;importe quel environnement. Id\u00e9al comme \u00e9l\u00e9ment d\u00e9coratif ou pour de multiples usages domestiques.<\/p>\n","protected":false},"featured_media":10083,"template":"","meta":{"_acf_changed":false},"product_brand":[],"product_cat":[521],"product_tag":[],"class_list":{"0":"post-30170","1":"product","2":"type-product","3":"status-publish","4":"has-post-thumbnail","6":"product_cat-bols","7":"pa_motivo-fleurs","9":"first","10":"instock","11":"shipping-taxable","12":"product-type-simple"},"acf":[],"_links":{"self":[{"href":"https:\/\/olemosaic.orbitalia.org\/fr\/wp-json\/wp\/v2\/product\/30170","targetHints":{"allow":["GET"]}}],"collection":[{"href":"https:\/\/olemosaic.orbitalia.org\/fr\/wp-json\/wp\/v2\/product"}],"about":[{"href":"https:\/\/olemosaic.orbitalia.org\/fr\/wp-json\/wp\/v2\/types\/product"}],"wp:featuredmedia":[{"embeddable":true,"href":"https:\/\/olemosaic.orbitalia.org\/fr\/wp-json\/wp\/v2\/media\/10083"}],"wp:attachment":[{"href":"https:\/\/olemosaic.orbitalia.org\/fr\/wp-json\/wp\/v2\/media?parent=30170"}],"wp:term":[{"taxonomy":"product_brand","embeddable":true,"href":"https:\/\/olemosaic.orbitalia.org\/fr\/wp-json\/wp\/v2\/product_brand?post=30170"},{"taxonomy":"product_cat","embeddable":true,"href":"https:\/\/olemosaic.orbitalia.org\/fr\/wp-json\/wp\/v2\/product_cat?post=30170"},{"taxonomy":"product_tag","embeddable":true,"href":"https:\/\/olemosaic.orbitalia.org\/fr\/wp-json\/wp\/v2\/product_tag?post=30170"}],"curies":[{"name":"wp","href":"https:\/\/api.w.org\/{rel}","templated":true}]}}