{"id":30169,"date":"2025-02-20T23:31:43","date_gmt":"2025-02-20T22:31:43","guid":{"rendered":"https:\/\/olemosaic.orbitalia.org\/producto\/bol-de-coco-marron-flamenco-2\/"},"modified":"2025-07-25T20:37:30","modified_gmt":"2025-07-25T18:37:30","slug":"bol-en-noix-de-coco-marron-flamant-rose-2","status":"publish","type":"product","link":"https:\/\/olemosaic.orbitalia.org\/fr\/produit\/bol-en-noix-de-coco-marron-flamant-rose-2\/","title":{"rendered":"Bol en noix de coco marron. Flamant rose. Coquillages."},"content":{"rendered":"<p>Cet \u00e9l\u00e9gant bol en noix de coco marron, d\u00e9cor\u00e9 d&rsquo;un motif de flamants roses entrelac\u00e9s, est un authentique tr\u00e9sor artisanal qui capture l&rsquo;essence du folklore andalou. Fabriqu\u00e9 de mani\u00e8re artisanale, ce bol se distingue par son charmant design en mosa\u00efque de coquillages dans des tons marron et beige, qui rehausse son attrait visuel et lui apporte une touche naturelle et distinctive. L&rsquo;image des flamants roses, ic\u00f4nes de la culture andalouse et de ses paysages, est \u00e9labor\u00e9e avec une d\u00e9licatesse qui invite \u00e0 l&rsquo;admirer, tant comme pi\u00e8ce d\u00e9corative que comme r\u00e9cipient fonctionnel pour servir des ap\u00e9ritifs. Ce bol n&rsquo;est pas seulement un objet utile, il \u00e9voque \u00e9galement la richesse culturelle et la biodiversit\u00e9 de la r\u00e9gion, refl\u00e9tant le mode de vie m\u00e9diterran\u00e9en. Chez Ol\u00e9 Mosaic, nous sommes fiers d&rsquo;offrir des souvenirs authentiques qui refl\u00e8tent la tradition et l&rsquo;art de l&rsquo;Espagne. Ce bol de flamants roses est une excellente option pour les magasins de cadeaux touristiques \u00e0 la recherche de pi\u00e8ces uniques et authentiques. En choisissant ce bol en noix de coco, vous n&rsquo;acqu\u00e9rez pas seulement un produit de qualit\u00e9, mais un morceau de l&rsquo;\u00e2me andalouse.<\/p>\n","protected":false},"excerpt":{"rendered":"<p>Bol en noix de coco marron d\u00e9cor\u00e9 d&rsquo;un \u00e9l\u00e9gant motif de flamants roses entrelac\u00e9s, id\u00e9al pour ajouter une touche de style \u00e0 n&rsquo;importe quel espace. Fabriqu\u00e9 artisanalement, ce bol pr\u00e9sente un magnifique design en mosa\u00efque de coquillages dans des tons marron et beige, qui rehausse son attrait visuel. Parfait pour servir des ap\u00e9ritifs ou comme pi\u00e8ce d\u00e9corative, il refl\u00e8te l&rsquo;essence du folklore andalou et la beaut\u00e9 naturelle de la r\u00e9gion.<\/p>\n","protected":false},"featured_media":13489,"template":"","meta":{"_acf_changed":false},"product_brand":[],"product_cat":[521],"product_tag":[530],"class_list":{"0":"post-30169","1":"product","2":"type-product","3":"status-publish","4":"has-post-thumbnail","6":"product_cat-bols","7":"product_tag-animaux","8":"pa_motivo-flamants-roses","10":"first","11":"instock","12":"shipping-taxable","13":"product-type-simple"},"acf":[],"_links":{"self":[{"href":"https:\/\/olemosaic.orbitalia.org\/fr\/wp-json\/wp\/v2\/product\/30169","targetHints":{"allow":["GET"]}}],"collection":[{"href":"https:\/\/olemosaic.orbitalia.org\/fr\/wp-json\/wp\/v2\/product"}],"about":[{"href":"https:\/\/olemosaic.orbitalia.org\/fr\/wp-json\/wp\/v2\/types\/product"}],"wp:featuredmedia":[{"embeddable":true,"href":"https:\/\/olemosaic.orbitalia.org\/fr\/wp-json\/wp\/v2\/media\/13489"}],"wp:attachment":[{"href":"https:\/\/olemosaic.orbitalia.org\/fr\/wp-json\/wp\/v2\/media?parent=30169"}],"wp:term":[{"taxonomy":"product_brand","embeddable":true,"href":"https:\/\/olemosaic.orbitalia.org\/fr\/wp-json\/wp\/v2\/product_brand?post=30169"},{"taxonomy":"product_cat","embeddable":true,"href":"https:\/\/olemosaic.orbitalia.org\/fr\/wp-json\/wp\/v2\/product_cat?post=30169"},{"taxonomy":"product_tag","embeddable":true,"href":"https:\/\/olemosaic.orbitalia.org\/fr\/wp-json\/wp\/v2\/product_tag?post=30169"}],"curies":[{"name":"wp","href":"https:\/\/api.w.org\/{rel}","templated":true}]}}