{"id":30168,"date":"2025-02-20T23:31:43","date_gmt":"2025-02-20T22:31:43","guid":{"rendered":"https:\/\/olemosaic.orbitalia.org\/producto\/bol-de-coco-marron-tortuga-2\/"},"modified":"2025-07-25T19:56:42","modified_gmt":"2025-07-25T17:56:42","slug":"bol-en-noix-de-coco-marron-tortue-2","status":"publish","type":"product","link":"https:\/\/olemosaic.orbitalia.org\/fr\/produit\/bol-en-noix-de-coco-marron-tortue-2\/","title":{"rendered":"Bol en noix de coco marron. Tortue. Art marin."},"content":{"rendered":"<p>Cet \u00e9l\u00e9gant bol en noix de coco marron, d\u00e9cor\u00e9 d&rsquo;un d\u00e9licat motif de tortue, \u00e9voque l&rsquo;essence tropicale des oc\u00e9ans. \u00c9labor\u00e9 avec des mat\u00e9riaux naturels, sa finition dor\u00e9e souligne les textures organiques de la noix de coco, cr\u00e9ant un effet visuel attrayant qui capte le regard et ajoute une touche distinctive \u00e0 n&rsquo;importe quel espace. \u00c0 l&rsquo;int\u00e9rieur, la tortue, symbole de long\u00e9vit\u00e9 et de sagesse dans de nombreuses cultures, est repr\u00e9sent\u00e9e avec des d\u00e9tails soigneusement \u00e9labor\u00e9s, transmettant un message de connexion avec la nature et la mer. Son design ne fait pas seulement de ce bol un objet d\u00e9coratif charmant, mais il est \u00e9galement utile pour servir des ap\u00e9ritifs, des fruits ou comme objet ornemental qui compl\u00e8te n&rsquo;importe quel style de d\u00e9coration.<\/p>\n<p>Ce bol est un souvenir id\u00e9al pour ceux qui souhaitent emporter un morceau de la vie marine chez eux. Il repr\u00e9sente la richesse culturelle et la relation des communaut\u00e9s c\u00f4ti\u00e8res avec l&rsquo;oc\u00e9an, soulignant son authenticit\u00e9 en tant que souvenir tropical. Chez Ol\u00e9 Mosaic, nous sommes fiers d&rsquo;\u00eatre des distributeurs d&rsquo;objets uniques et artisanaux, offrant des produits qui refl\u00e8tent la beaut\u00e9 des traditions locales. Ce bol de tortue est une excellente option pour les magasins de cadeaux touristiques \u00e0 la recherche de souvenirs authentiques et significatifs de la r\u00e9gion.<\/p>\n","protected":false},"excerpt":{"rendered":"<p>Bol en noix de coco marron d\u00e9cor\u00e9 d&rsquo;un motif de tortue, id\u00e9al pour donner une touche tropicale \u00e0 votre foyer. \u00c9labor\u00e9 avec un mat\u00e9riau naturel, ce bol pr\u00e9sente une finition dor\u00e9e qui rehausse les textures et les formes, cr\u00e9ant un effet visuel attrayant. La tortue, symbole de la vie marine, est repr\u00e9sent\u00e9e avec des d\u00e9tails soign\u00e9s, ce qui en fait un \u00e9l\u00e9gant compl\u00e9ment d\u00e9coratif. Parfait pour servir ou comme objet ornemental, \u00e9voquant l&rsquo;essence des oc\u00e9ans.<\/p>\n","protected":false},"featured_media":10079,"template":"","meta":{"_acf_changed":false},"product_brand":[],"product_cat":[521],"product_tag":[530],"class_list":{"0":"post-30168","1":"product","2":"type-product","3":"status-publish","4":"has-post-thumbnail","6":"product_cat-bols","7":"product_tag-animaux","8":"pa_motivo-tortues","10":"first","11":"instock","12":"shipping-taxable","13":"product-type-simple"},"acf":[],"_links":{"self":[{"href":"https:\/\/olemosaic.orbitalia.org\/fr\/wp-json\/wp\/v2\/product\/30168","targetHints":{"allow":["GET"]}}],"collection":[{"href":"https:\/\/olemosaic.orbitalia.org\/fr\/wp-json\/wp\/v2\/product"}],"about":[{"href":"https:\/\/olemosaic.orbitalia.org\/fr\/wp-json\/wp\/v2\/types\/product"}],"wp:featuredmedia":[{"embeddable":true,"href":"https:\/\/olemosaic.orbitalia.org\/fr\/wp-json\/wp\/v2\/media\/10079"}],"wp:attachment":[{"href":"https:\/\/olemosaic.orbitalia.org\/fr\/wp-json\/wp\/v2\/media?parent=30168"}],"wp:term":[{"taxonomy":"product_brand","embeddable":true,"href":"https:\/\/olemosaic.orbitalia.org\/fr\/wp-json\/wp\/v2\/product_brand?post=30168"},{"taxonomy":"product_cat","embeddable":true,"href":"https:\/\/olemosaic.orbitalia.org\/fr\/wp-json\/wp\/v2\/product_cat?post=30168"},{"taxonomy":"product_tag","embeddable":true,"href":"https:\/\/olemosaic.orbitalia.org\/fr\/wp-json\/wp\/v2\/product_tag?post=30168"}],"curies":[{"name":"wp","href":"https:\/\/api.w.org\/{rel}","templated":true}]}}