{"id":30167,"date":"2025-02-20T23:31:43","date_gmt":"2025-02-20T22:31:43","guid":{"rendered":"https:\/\/olemosaic.orbitalia.org\/producto\/bol-de-coco-marron-sagrada-familia-barcelona-2\/"},"modified":"2025-07-25T18:49:25","modified_gmt":"2025-07-25T16:49:25","slug":"bol-en-noix-de-coco-marron-sagrada-familia-barcelone-2","status":"publish","type":"product","link":"https:\/\/olemosaic.orbitalia.org\/fr\/produit\/bol-en-noix-de-coco-marron-sagrada-familia-barcelone-2\/","title":{"rendered":"Bol en noix de coco marron. Sagrada Familia. Coquillage. Barcelone."},"content":{"rendered":"<p>Cet \u00e9l\u00e9gant bol en noix de coco marron d\u00e9cor\u00e9 de mosa\u00efques est un souvenir authentique qui capture l&rsquo;essence de l&#8217;embl\u00e9matique Sagrada Familia de Barcelone. Le bol pr\u00e9sente un design sophistiqu\u00e9, avec des tons chauds et terreux qui \u00e9voquent la chaleur de l&rsquo;architecture moderniste d&rsquo;Antoni Gaud\u00ed. Son ext\u00e9rieur, rev\u00eatu de coquillages, lui conf\u00e8re un \u00e9clat distinctif qui rehausse son attrait. \u00c0 l&rsquo;int\u00e9rieur, la silhouette iconique de la Sagrada Familia se d\u00e9tache, accompagn\u00e9e de l&rsquo;inscription \u00ab\u00a0Barcelone\u00a0\u00bb, cr\u00e9ant un lien parfait entre art et fonctionnalit\u00e9.<\/p>\n<p>Ce bol n&rsquo;est pas seulement id\u00e9al pour servir des ap\u00e9ritifs, il fonctionne \u00e9galement comme une pi\u00e8ce d\u00e9corative qui ajoute une touche de culture catalane \u00e0 n&rsquo;importe quel foyer. Son design artisanal et d\u00e9taill\u00e9 en fait un souvenir repr\u00e9sentatif de la ville, c\u00e9l\u00e9brant son patrimoine architectural et artistique. Parfait pour les touristes et les amateurs de culture qui recherchent des souvenirs authentiques de Barcelone, ce bol est une excellente option tant pour un usage personnel que pour offrir.<\/p>\n<p>Chez Ol\u00e9 Mosaic, nous nous sp\u00e9cialisons dans la distribution de souvenirs en gros, offrant des produits qui refl\u00e8tent l&rsquo;h\u00e9ritage culturel de l&rsquo;Espagne et du Portugal. Avec ce bol de la Sagrada Familia, nous garantissons un article qui combine qualit\u00e9, h\u00e9ritage et attrait visuel, id\u00e9al pour les magasins de cadeaux touristiques qui souhaitent offrir des produits uniques et significatifs \u00e0 leurs clients.<\/p>\n","protected":false},"excerpt":{"rendered":"<p>Bol en noix de coco marron d\u00e9cor\u00e9 d&rsquo;une mosa\u00efque repr\u00e9sentant l&#8217;embl\u00e9matique Sagrada Familia de Barcelone. Cet \u00e9l\u00e9gant bol combine des tons chauds et terreux, rehauss\u00e9s par le rev\u00eatement en coquillage, qui lui apporte un \u00e9clat distinctif. \u00c0 l&rsquo;int\u00e9rieur, la silhouette de la c\u00e9l\u00e8bre basilique se d\u00e9tache \u00e0 c\u00f4t\u00e9 du mot \u00ab\u00a0Barcelone\u00a0\u00bb, fusionnant art et fonctionnalit\u00e9. Id\u00e9al comme pi\u00e8ce d\u00e9corative ou pour servir des ap\u00e9ritifs, ce bol est un beau rappel de l&rsquo;architecture moderniste de la ville.<\/p>\n","protected":false},"featured_media":13493,"template":"","meta":{"_acf_changed":false},"product_brand":[],"product_cat":[521],"product_tag":[],"class_list":{"0":"post-30167","1":"product","2":"type-product","3":"status-publish","4":"has-post-thumbnail","6":"product_cat-bols","7":"pa_ciudad-barcelona","8":"pa_motivo-sagrada-familia","9":"pa_pais-espana","11":"first","12":"instock","13":"shipping-taxable","14":"product-type-simple"},"acf":[],"_links":{"self":[{"href":"https:\/\/olemosaic.orbitalia.org\/fr\/wp-json\/wp\/v2\/product\/30167","targetHints":{"allow":["GET"]}}],"collection":[{"href":"https:\/\/olemosaic.orbitalia.org\/fr\/wp-json\/wp\/v2\/product"}],"about":[{"href":"https:\/\/olemosaic.orbitalia.org\/fr\/wp-json\/wp\/v2\/types\/product"}],"wp:featuredmedia":[{"embeddable":true,"href":"https:\/\/olemosaic.orbitalia.org\/fr\/wp-json\/wp\/v2\/media\/13493"}],"wp:attachment":[{"href":"https:\/\/olemosaic.orbitalia.org\/fr\/wp-json\/wp\/v2\/media?parent=30167"}],"wp:term":[{"taxonomy":"product_brand","embeddable":true,"href":"https:\/\/olemosaic.orbitalia.org\/fr\/wp-json\/wp\/v2\/product_brand?post=30167"},{"taxonomy":"product_cat","embeddable":true,"href":"https:\/\/olemosaic.orbitalia.org\/fr\/wp-json\/wp\/v2\/product_cat?post=30167"},{"taxonomy":"product_tag","embeddable":true,"href":"https:\/\/olemosaic.orbitalia.org\/fr\/wp-json\/wp\/v2\/product_tag?post=30167"}],"curies":[{"name":"wp","href":"https:\/\/api.w.org\/{rel}","templated":true}]}}