{"id":30164,"date":"2025-02-20T23:31:43","date_gmt":"2025-02-20T22:31:43","guid":{"rendered":"https:\/\/olemosaic.orbitalia.org\/producto\/bol-de-coco-azul-tortuga-barcelona-5\/"},"modified":"2025-07-25T19:26:12","modified_gmt":"2025-07-25T17:26:12","slug":"bol-en-noix-de-coco-bleu-tortue-barcelone-5","status":"publish","type":"product","link":"https:\/\/olemosaic.orbitalia.org\/fr\/produit\/bol-en-noix-de-coco-bleu-tortue-barcelone-5\/","title":{"rendered":"Bol en noix de coco bleu. Tortue. Barcelone."},"content":{"rendered":"<p>Cet \u00e9l\u00e9gant bol en noix de coco bleu, d\u00e9cor\u00e9 d&rsquo;un charmant motif de tortue, capture de mani\u00e8re singuli\u00e8re l&rsquo;essence marine de Barcelone. \u00c9labor\u00e9 artisanalement \u00e0 partir de noix de coco, ce bol pr\u00e9sente un d\u00e9licat design peint \u00e0 la main dans des tons bleu clair et fonc\u00e9, \u00e9voquant les eaux tranquilles de la M\u00e9diterran\u00e9e. L&rsquo;ext\u00e9rieur pr\u00e9sente un design textur\u00e9 de bulles qui renforce sa connexion avec l&rsquo;oc\u00e9an, tandis qu&rsquo;au centre du bol se d\u00e9tache une tortue stylis\u00e9e avec des d\u00e9tails en cuivre. Sous ce magnifique motif, le mot \u00ab\u00a0Barcelona\u00a0\u00bb est pr\u00e9sent\u00e9 dans des lettres \u00e9l\u00e9gantes, faisant de ce produit un souvenir authentique et significatif de la ville.<\/p>\n<p>Ce bol n&rsquo;est pas seulement une pi\u00e8ce d\u00e9corative, mais aussi une excellente option comme centre de table, apportant une touche de fra\u00eecheur et de nature \u00e0 n&rsquo;importe quel environnement. Son design polyvalent combine esth\u00e9tique et fonctionnalit\u00e9, en faisant un souvenir parfait pour ceux qui recherchent une repr\u00e9sentation authentique de la culture catalane et de sa relation avec la mer. Chez Ol\u00e9 Mosaic, nous sommes sp\u00e9cialistes de la distribution de souvenirs en gros, et ce bol en noix de coco bleu est une option id\u00e9ale pour les boutiques de cadeaux touristiques qui souhaitent offrir des produits de qualit\u00e9 et de valeur culturelle. Sans aucun doute, ce souvenir de Barcelone encapsule la beaut\u00e9 de la r\u00e9gion et constitue un souvenir d\u00e9taill\u00e9 qui ravira les visiteurs.<\/p>\n","protected":false},"excerpt":{"rendered":"<p>Bol en noix de coco bleu d\u00e9cor\u00e9 d&rsquo;une tortue, \u00e9voquant l&rsquo;essence de Barcelone. Cet \u00e9l\u00e9gant bol, fait de noix de coco, pr\u00e9sente un design artisanal, peint \u00e0 la main, dans des tons bleu clair et fonc\u00e9, rappelant la mer. Au centre, une tortue stylis\u00e9e avec des d\u00e9tails cuivr\u00e9s et le mot \u00ab\u00a0Barcelona\u00a0\u00bb en font un souvenir parfait qui capture la beaut\u00e9 marine de la ville. Id\u00e9al pour la d\u00e9coration ou comme centre de table original.<\/p>\n","protected":false},"featured_media":11873,"template":"","meta":{"_acf_changed":false},"product_brand":[],"product_cat":[521],"product_tag":[530],"class_list":{"0":"post-30164","1":"product","2":"type-product","3":"status-publish","4":"has-post-thumbnail","6":"product_cat-bols","7":"product_tag-animaux","8":"pa_ciudad-barcelona","9":"pa_motivo-tortues","10":"pa_pais-espana","12":"first","13":"instock","14":"shipping-taxable","15":"product-type-simple"},"acf":[],"_links":{"self":[{"href":"https:\/\/olemosaic.orbitalia.org\/fr\/wp-json\/wp\/v2\/product\/30164","targetHints":{"allow":["GET"]}}],"collection":[{"href":"https:\/\/olemosaic.orbitalia.org\/fr\/wp-json\/wp\/v2\/product"}],"about":[{"href":"https:\/\/olemosaic.orbitalia.org\/fr\/wp-json\/wp\/v2\/types\/product"}],"wp:featuredmedia":[{"embeddable":true,"href":"https:\/\/olemosaic.orbitalia.org\/fr\/wp-json\/wp\/v2\/media\/11873"}],"wp:attachment":[{"href":"https:\/\/olemosaic.orbitalia.org\/fr\/wp-json\/wp\/v2\/media?parent=30164"}],"wp:term":[{"taxonomy":"product_brand","embeddable":true,"href":"https:\/\/olemosaic.orbitalia.org\/fr\/wp-json\/wp\/v2\/product_brand?post=30164"},{"taxonomy":"product_cat","embeddable":true,"href":"https:\/\/olemosaic.orbitalia.org\/fr\/wp-json\/wp\/v2\/product_cat?post=30164"},{"taxonomy":"product_tag","embeddable":true,"href":"https:\/\/olemosaic.orbitalia.org\/fr\/wp-json\/wp\/v2\/product_tag?post=30164"}],"curies":[{"name":"wp","href":"https:\/\/api.w.org\/{rel}","templated":true}]}}