{"id":30129,"date":"2025-02-20T22:31:42","date_gmt":"2025-02-20T22:31:42","guid":{"rendered":"https:\/\/olemosaic.orbitalia.org\/producto\/funda-de-telefono-para-iphone-12-promax-tpu-gato-barcelona-negro\/"},"modified":"2025-07-25T20:26:44","modified_gmt":"2025-07-25T18:26:44","slug":"coque-de-telephone-pour-iphone-12-pro-max-tpu-chat-barcelone-noir","status":"publish","type":"product","link":"https:\/\/olemosaic.orbitalia.org\/fr\/produit\/coque-de-telephone-pour-iphone-12-pro-max-tpu-chat-barcelone-noir\/","title":{"rendered":"Coque de t\u00e9l\u00e9phone pour iPhone 12 Pro Max (TPU). Chat. Barcelone. Noir"},"content":{"rendered":"<p>Cette coque pour iPhone 12 Pro Max est une repr\u00e9sentation vibrante et authentique de l&rsquo;esprit cr\u00e9atif de Barcelone. Fabriqu\u00e9e en TPU de haute qualit\u00e9, elle ne prot\u00e8ge pas seulement solidement votre appareil, mais devient \u00e9galement une pi\u00e8ce artistique qui rehausse son attrait visuel. Au centre, un chat en mosa\u00efque se distingue par son design color\u00e9 aux tons bleus, rouges, jaunes et verts, \u00e9voquant la riche tradition artistique de la ville. L&rsquo;ajout de papillons d\u00e9licats, peints dans des couleurs vives, ajoute un \u00e9l\u00e9ment joyeux et charmant \u00e0 l&rsquo;ensemble, cr\u00e9ant une atmosph\u00e8re pleine de vie et d&rsquo;\u00e9nergie.<\/p>\n<p>Le fond noir fait non seulement ressortir la mosa\u00efque du chat, mais apporte \u00e9galement un air sophistiqu\u00e9, tandis que le texte \u00ab\u00a0Barcelona\u00a0\u00bb souligne le lien culturel du produit avec cette ville embl\u00e9matique. Ce souvenir est id\u00e9al pour les touristes \u00e0 la recherche d&rsquo;un souvenir authentique alliant utilit\u00e9 et esth\u00e9tique, transformant un simple accessoire en un hommage \u00e0 la cr\u00e9ativit\u00e9 et \u00e0 l&rsquo;art barcelonais. Chez Ol\u00e9 Mosaic, nous proposons des coques de t\u00e9l\u00e9phone en gros qui se distinguent par leur design unique et leur qualit\u00e9, parfaites pour les boutiques de cadeaux touristiques souhaitant offrir des produits authentiques et repr\u00e9sentatifs de la culture locale.<\/p>\n","protected":false},"excerpt":{"rendered":"<p>Coque pour iPhone 12 Pro Max fabriqu\u00e9e en TPU avec un design vibrant d&rsquo;un chat en mosa\u00efque, symbole de la cr\u00e9ativit\u00e9 de Barcelone. La coque pr\u00e9sente des couleurs vives comme le bleu, le rouge, le jaune et le vert, ainsi que des papillons d\u00e9licats qui ajoutent une touche joyeuse. Le fond noir rehausse le design, tandis que le texte \u00ab\u00a0Barcelona\u00a0\u00bb lui donne un air local et authentique, id\u00e9al pour prot\u00e9ger et embellir votre appareil.<\/p>\n","protected":false},"featured_media":12274,"template":"","meta":{"_acf_changed":false},"product_brand":[],"product_cat":[674],"product_tag":[530],"class_list":{"0":"post-30129","1":"product","2":"type-product","3":"status-publish","4":"has-post-thumbnail","6":"product_cat-etuis-pour-telephones-portables","7":"product_tag-animaux","8":"pa_ciudad-barcelona","9":"pa_motivo-chats","10":"pa_pais-espana","12":"first","13":"instock","14":"shipping-taxable","15":"product-type-simple"},"acf":[],"_links":{"self":[{"href":"https:\/\/olemosaic.orbitalia.org\/fr\/wp-json\/wp\/v2\/product\/30129","targetHints":{"allow":["GET"]}}],"collection":[{"href":"https:\/\/olemosaic.orbitalia.org\/fr\/wp-json\/wp\/v2\/product"}],"about":[{"href":"https:\/\/olemosaic.orbitalia.org\/fr\/wp-json\/wp\/v2\/types\/product"}],"wp:featuredmedia":[{"embeddable":true,"href":"https:\/\/olemosaic.orbitalia.org\/fr\/wp-json\/wp\/v2\/media\/12274"}],"wp:attachment":[{"href":"https:\/\/olemosaic.orbitalia.org\/fr\/wp-json\/wp\/v2\/media?parent=30129"}],"wp:term":[{"taxonomy":"product_brand","embeddable":true,"href":"https:\/\/olemosaic.orbitalia.org\/fr\/wp-json\/wp\/v2\/product_brand?post=30129"},{"taxonomy":"product_cat","embeddable":true,"href":"https:\/\/olemosaic.orbitalia.org\/fr\/wp-json\/wp\/v2\/product_cat?post=30129"},{"taxonomy":"product_tag","embeddable":true,"href":"https:\/\/olemosaic.orbitalia.org\/fr\/wp-json\/wp\/v2\/product_tag?post=30129"}],"curies":[{"name":"wp","href":"https:\/\/api.w.org\/{rel}","templated":true}]}}