{"id":30125,"date":"2025-02-20T23:31:41","date_gmt":"2025-02-20T22:31:41","guid":{"rendered":"https:\/\/olemosaic.orbitalia.org\/producto\/dedal-de-ceramica-punt-de-trobada-beige\/"},"modified":"2025-07-25T18:41:46","modified_gmt":"2025-07-25T16:41:46","slug":"de-a-coudre-en-ceramique-punt-de-trobada-beige","status":"publish","type":"product","link":"https:\/\/olemosaic.orbitalia.org\/fr\/produit\/de-a-coudre-en-ceramique-punt-de-trobada-beige\/","title":{"rendered":"D\u00e9 \u00e0 coudre en c\u00e9ramique. Punt de trobada. Beige"},"content":{"rendered":"<p>Ce d\u00e9 \u00e0 coudre en c\u00e9ramique peint \u00e0 la main est une expression vibrante de l&rsquo;art contemporain espagnol, id\u00e9al pour ceux qui recherchent un souvenir authentique et repr\u00e9sentatif de la Catalogne. Son design contemporain, de couleur beige avec un \u00e9l\u00e9gant bord orange, se distingue par l&rsquo;inclusion de formes abstraites jouant avec des couleurs \u00e9clatantes comme le bleu, le rouge, le vert et le noir. Cette combinaison refl\u00e8te non seulement la cr\u00e9ativit\u00e9 des artistes locaux, mais symbolise \u00e9galement le lien entre la tradition artisanale et la modernit\u00e9 qui caract\u00e9rise la r\u00e9gion.<\/p>\n<p>La d\u00e9coration du d\u00e9 pr\u00e9sente une magnifique mosa\u00efque de motifs \u00e9voquant la riche culture catalane, en faisant le souvenir parfait pour les collectionneurs ou pour ceux qui souhaitent emporter un petit morceau des rues color\u00e9es de Catalogne. La technique de peinture \u00e0 la main garantit que chaque d\u00e9 est unique, ce qui ajoute une valeur particuli\u00e8re \u00e0 chaque pi\u00e8ce. En tant que souvenir, il repr\u00e9sente non seulement un \u00e9l\u00e9ment d\u00e9coratif, mais aussi un t\u00e9moignage de la diversit\u00e9 culturelle de l&rsquo;Espagne.<\/p>\n<p>Chez Ol\u00e9 Mosaic, nous sommes sp\u00e9cialistes de la distribution de souvenirs en gros, et ce d\u00e9 \u00e0 coudre en c\u00e9ramique est une option id\u00e9ale pour les boutiques de cadeaux touristiques \u00e0 la recherche de produits authentiques et de haute qualit\u00e9. Ce d\u00e9 est un excellent souvenir de Catalogne qui renferme un riche h\u00e9ritage culturel dans un format attrayant et fonctionnel, parfait pour tout voyageur.<\/p>\n","protected":false},"excerpt":{"rendered":"<p>D\u00e9 \u00e0 coudre en c\u00e9ramique au design artisanal, peint \u00e0 la main, avec un motif vibrant et moderne \u00e9voquant l&rsquo;art contemporain espagnol. De couleur beige avec un bord orange, ce d\u00e9 pr\u00e9sente une d\u00e9coration \u00e9l\u00e9gante aux formes abstraites et aux couleurs \u00e9clatantes comme le bleu, le rouge, le vert et le noir, repr\u00e9sentant le lien entre tradition et cr\u00e9ativit\u00e9. Id\u00e9al pour les collectionneurs ou comme souvenir d&rsquo;un voyage \u00e0 travers les rues color\u00e9es de Catalogne.<\/p>\n","protected":false},"featured_media":10046,"template":"","meta":{"_acf_changed":false},"product_brand":[],"product_cat":[603],"product_tag":[585],"class_list":{"0":"post-30125","1":"product","2":"type-product","3":"status-publish","4":"has-post-thumbnail","6":"product_cat-des-a-coudre","7":"product_tag-ceramique","8":"pa_motivo-punt-de-trobada","10":"first","11":"instock","12":"shipping-taxable","13":"product-type-simple"},"acf":[],"_links":{"self":[{"href":"https:\/\/olemosaic.orbitalia.org\/fr\/wp-json\/wp\/v2\/product\/30125","targetHints":{"allow":["GET"]}}],"collection":[{"href":"https:\/\/olemosaic.orbitalia.org\/fr\/wp-json\/wp\/v2\/product"}],"about":[{"href":"https:\/\/olemosaic.orbitalia.org\/fr\/wp-json\/wp\/v2\/types\/product"}],"wp:featuredmedia":[{"embeddable":true,"href":"https:\/\/olemosaic.orbitalia.org\/fr\/wp-json\/wp\/v2\/media\/10046"}],"wp:attachment":[{"href":"https:\/\/olemosaic.orbitalia.org\/fr\/wp-json\/wp\/v2\/media?parent=30125"}],"wp:term":[{"taxonomy":"product_brand","embeddable":true,"href":"https:\/\/olemosaic.orbitalia.org\/fr\/wp-json\/wp\/v2\/product_brand?post=30125"},{"taxonomy":"product_cat","embeddable":true,"href":"https:\/\/olemosaic.orbitalia.org\/fr\/wp-json\/wp\/v2\/product_cat?post=30125"},{"taxonomy":"product_tag","embeddable":true,"href":"https:\/\/olemosaic.orbitalia.org\/fr\/wp-json\/wp\/v2\/product_tag?post=30125"}],"curies":[{"name":"wp","href":"https:\/\/api.w.org\/{rel}","templated":true}]}}