{"id":30100,"date":"2025-02-20T23:31:40","date_gmt":"2025-02-20T22:31:40","guid":{"rendered":"https:\/\/olemosaic.orbitalia.org\/producto\/dedal-de-ceramica-toros-madrid-blanco\/"},"modified":"2025-07-25T18:35:25","modified_gmt":"2025-07-25T16:35:25","slug":"de-a-coudre-en-ceramique-taureaux-madrid-blanc","status":"publish","type":"product","link":"https:\/\/olemosaic.orbitalia.org\/fr\/produit\/de-a-coudre-en-ceramique-taureaux-madrid-blanc\/","title":{"rendered":"D\u00e9 \u00e0 coudre en c\u00e9ramique. Taureaux. Madrid. Blanc"},"content":{"rendered":"<p>Ce d\u00e9 \u00e0 coudre d\u00e9coratif en c\u00e9ramique, inspir\u00e9 de la riche tradition taurine madril\u00e8ne, est un authentique souvenir repr\u00e9sentatif de la culture espagnole. Son design, caract\u00e9ristique et vibrant, pr\u00e9sente un taureau stylis\u00e9 dans des tons intenses de bleu, rouge et vert, entour\u00e9 de fleurs qui \u00e9voquent le riche folklore de la r\u00e9gion. La base blanche de la c\u00e9ramique rehausse l&rsquo;\u00e9clat des couleurs, tandis qu&rsquo;une subtile finition craquel\u00e9e lui donne une touche vintage, faisant de cette pi\u00e8ce un pr\u00e9cieux objet de collection.<\/p>\n<p>Le mot \u00ab\u00a0MADRID\u00a0\u00bb est \u00e9l\u00e9gamment imprim\u00e9 avec une typographie qui compl\u00e8te le design g\u00e9n\u00e9ral, apportant un air distinctif qui souligne sa connexion avec la capitale espagnole. Ce d\u00e9 \u00e0 coudre ne rappelle pas seulement les corridas, qui font partie de la tradition culturelle madril\u00e8ne, mais symbolise \u00e9galement la passion et l&rsquo;art populaire de l&rsquo;Espagne, constituant une excellente option pour les touristes \u00e0 la recherche de souvenirs de qualit\u00e9.<\/p>\n<p>Chez Ol\u00e9 Mosaic, en tant que distributeurs de d\u00e9s \u00e0 coudre en c\u00e9ramique et autres souvenirs typiques, nous nous sp\u00e9cialisons dans l&rsquo;offre de produits qui mettent en valeur l&rsquo;authenticit\u00e9 et la richesse culturelle de chaque r\u00e9gion. Ce d\u00e9 \u00e0 coudre est parfait pour les boutiques de cadeaux touristiques souhaitant offrir \u00e0 leurs clients des souvenirs significatifs et repr\u00e9sentatifs de Madrid.<\/p>\n","protected":false},"excerpt":{"rendered":"<p>D\u00e9 \u00e0 coudre d\u00e9coratif en c\u00e9ramique, inspir\u00e9 de la tradition taurine madril\u00e8ne. Cette pi\u00e8ce blanche pr\u00e9sente un design color\u00e9, artisanal, peint \u00e0 la main, avec un taureau stylis\u00e9 dans des tons vibrants de bleu, rouge et vert, accompagn\u00e9 de fleurs dans un environnement \u00e9voquant la culture espagnole. Le mot \u00ab\u00a0MADRID\u00a0\u00bb est imprim\u00e9 dans une typographie \u00e9l\u00e9gante, apportant une touche distinctive \u00e0 ce souvenir id\u00e9al pour les collectionneurs. Un accessoire parfait pour les amateurs d&rsquo;art populaire.<\/p>\n","protected":false},"featured_media":8611,"template":"","meta":{"_acf_changed":false},"product_brand":[],"product_cat":[603],"product_tag":[530,585],"class_list":{"0":"post-30100","1":"product","2":"type-product","3":"status-publish","4":"has-post-thumbnail","6":"product_cat-des-a-coudre","7":"product_tag-animaux","8":"product_tag-ceramique","9":"pa_ciudad-madrid","10":"pa_motivo-taureaux","11":"pa_pais-espana","13":"first","14":"instock","15":"shipping-taxable","16":"product-type-simple"},"acf":[],"_links":{"self":[{"href":"https:\/\/olemosaic.orbitalia.org\/fr\/wp-json\/wp\/v2\/product\/30100","targetHints":{"allow":["GET"]}}],"collection":[{"href":"https:\/\/olemosaic.orbitalia.org\/fr\/wp-json\/wp\/v2\/product"}],"about":[{"href":"https:\/\/olemosaic.orbitalia.org\/fr\/wp-json\/wp\/v2\/types\/product"}],"wp:featuredmedia":[{"embeddable":true,"href":"https:\/\/olemosaic.orbitalia.org\/fr\/wp-json\/wp\/v2\/media\/8611"}],"wp:attachment":[{"href":"https:\/\/olemosaic.orbitalia.org\/fr\/wp-json\/wp\/v2\/media?parent=30100"}],"wp:term":[{"taxonomy":"product_brand","embeddable":true,"href":"https:\/\/olemosaic.orbitalia.org\/fr\/wp-json\/wp\/v2\/product_brand?post=30100"},{"taxonomy":"product_cat","embeddable":true,"href":"https:\/\/olemosaic.orbitalia.org\/fr\/wp-json\/wp\/v2\/product_cat?post=30100"},{"taxonomy":"product_tag","embeddable":true,"href":"https:\/\/olemosaic.orbitalia.org\/fr\/wp-json\/wp\/v2\/product_tag?post=30100"}],"curies":[{"name":"wp","href":"https:\/\/api.w.org\/{rel}","templated":true}]}}