{"id":30098,"date":"2025-02-20T22:31:40","date_gmt":"2025-02-20T22:31:40","guid":{"rendered":"https:\/\/olemosaic.orbitalia.org\/producto\/dedal-de-ceramica-flores-blanco\/"},"modified":"2025-07-25T18:49:43","modified_gmt":"2025-07-25T16:49:43","slug":"de-a-coudre-en-ceramique-fleurs-blanc","status":"publish","type":"product","link":"https:\/\/olemosaic.orbitalia.org\/fr\/produit\/de-a-coudre-en-ceramique-fleurs-blanc\/","title":{"rendered":"D\u00e9 \u00e0 coudre en c\u00e9ramique. Fleurs. Blanc"},"content":{"rendered":"<p>Ce d\u00e9 \u00e0 coudre en c\u00e9ramique d\u00e9cor\u00e9e est un souvenir charmant qui renferme la riche tradition artistique de l&rsquo;Espagne. Avec un design floral vibrant, le d\u00e9 \u00e0 coudre pr\u00e9sente une grande fleur rouge sur le devant, dont les teintes \u00e9clatantes contrastent merveilleusement avec un fond blanc qui souligne sa beaut\u00e9. Les touches de bleu et de noir entourant la fleur cr\u00e9ent une harmonie visuelle, et la technique de peinture \u00e0 la main garantit que chaque pi\u00e8ce est unique et de grande qualit\u00e9.<\/p>\n<p>Ce souvenir authentique n&rsquo;est pas seulement un accessoire pour les amateurs de couture, mais aussi un excellent symbole de la culture espagnole, parfait pour les collectionneurs ou comme cadeau sp\u00e9cial. Son design \u00e9voque l&rsquo;h\u00e9ritage des mosa\u00efques traditionnellement utilis\u00e9es dans la d\u00e9coration urbaine de villes comme S\u00e9ville et Barcelone, refl\u00e9tant la beaut\u00e9 et le d\u00e9tail caract\u00e9ristiques de la c\u00e9ramique espagnole.<\/p>\n<p>Chez Ol\u00e9 Mosaic, nous sommes sp\u00e9cialistes de la distribution de souvenirs en gros et proposons ce d\u00e9 \u00e0 coudre comme une option id\u00e9ale pour les boutiques de cadeaux touristiques. Avec son authenticit\u00e9 et son attrait visuel, c&rsquo;est un excellent choix pour ceux qui recherchent des souvenirs authentiques et repr\u00e9sentatifs de l&rsquo;Espagne. Il attirera les touristes d\u00e9sireux de ramener chez eux un petit morceau de la culture espagnole, transformant chaque achat en une exp\u00e9rience m\u00e9morable.<\/p>\n","protected":false},"excerpt":{"rendered":"<p>D\u00e9 \u00e0 coudre en c\u00e9ramique d\u00e9cor\u00e9 d&rsquo;un design floral vibrant, inspir\u00e9 de la tradition artistique espagnole. Ce d\u00e9 \u00e0 coudre pr\u00e9sente une mosa\u00efque brillante avec une grande fleur rouge \u00e0 l&rsquo;avant, entour\u00e9e de tons bleus et noirs sur un fond blanc. La technique de peinture \u00e0 la main souligne la qualit\u00e9 du produit, en faisant un souvenir id\u00e9al pour les amateurs de c\u00e9ramique et de culture espagnole. Parfait pour les collectionneurs ou comme cadeau.<\/p>\n","protected":false},"featured_media":9021,"template":"","meta":{"_acf_changed":false},"product_brand":[],"product_cat":[603],"product_tag":[585],"class_list":{"0":"post-30098","1":"product","2":"type-product","3":"status-publish","4":"has-post-thumbnail","6":"product_cat-des-a-coudre","7":"product_tag-ceramique","8":"pa_motivo-fleurs","10":"first","11":"instock","12":"shipping-taxable","13":"product-type-simple"},"acf":[],"_links":{"self":[{"href":"https:\/\/olemosaic.orbitalia.org\/fr\/wp-json\/wp\/v2\/product\/30098","targetHints":{"allow":["GET"]}}],"collection":[{"href":"https:\/\/olemosaic.orbitalia.org\/fr\/wp-json\/wp\/v2\/product"}],"about":[{"href":"https:\/\/olemosaic.orbitalia.org\/fr\/wp-json\/wp\/v2\/types\/product"}],"wp:featuredmedia":[{"embeddable":true,"href":"https:\/\/olemosaic.orbitalia.org\/fr\/wp-json\/wp\/v2\/media\/9021"}],"wp:attachment":[{"href":"https:\/\/olemosaic.orbitalia.org\/fr\/wp-json\/wp\/v2\/media?parent=30098"}],"wp:term":[{"taxonomy":"product_brand","embeddable":true,"href":"https:\/\/olemosaic.orbitalia.org\/fr\/wp-json\/wp\/v2\/product_brand?post=30098"},{"taxonomy":"product_cat","embeddable":true,"href":"https:\/\/olemosaic.orbitalia.org\/fr\/wp-json\/wp\/v2\/product_cat?post=30098"},{"taxonomy":"product_tag","embeddable":true,"href":"https:\/\/olemosaic.orbitalia.org\/fr\/wp-json\/wp\/v2\/product_tag?post=30098"}],"curies":[{"name":"wp","href":"https:\/\/api.w.org\/{rel}","templated":true}]}}