{"id":30096,"date":"2025-02-20T23:31:40","date_gmt":"2025-02-20T22:31:40","guid":{"rendered":"https:\/\/olemosaic.orbitalia.org\/producto\/dedal-de-ceramica-salamandra-y-flores-blanco\/"},"modified":"2025-07-25T19:25:02","modified_gmt":"2025-07-25T17:25:02","slug":"de-a-coudre-en-ceramique-salamandre-et-fleurs-blanc","status":"publish","type":"product","link":"https:\/\/olemosaic.orbitalia.org\/fr\/produit\/de-a-coudre-en-ceramique-salamandre-et-fleurs-blanc\/","title":{"rendered":"D\u00e9 \u00e0 coudre en c\u00e9ramique. Salamandre et fleurs. Blanc"},"content":{"rendered":"<p>Ce d\u00e9 \u00e0 coudre en c\u00e9ramique d\u00e9cor\u00e9 est un souvenir charmant de la riche culture espagnole, id\u00e9al pour les amateurs d&rsquo;art et de folklore. Il pr\u00e9sente une salamandre vibrante entour\u00e9e de fleurs color\u00e9es, le tout sur un fond blanc brillant qui fait ressortir la fra\u00eecheur du design. La salamandre, avec un effet peint \u00e0 la main dans des tons verts et oranges, symbolise la chaleur et la vitalit\u00e9 de l&rsquo;environnement m\u00e9diterran\u00e9en, tandis que les fleurs ajoutent une touche de joie et de naturel. Chaque d\u00e9tail de ce d\u00e9 \u00e0 coudre t\u00e9moigne de l&rsquo;extraordinaire technique artisanale qui caract\u00e9rise la c\u00e9ramique espagnole, soulignant l&rsquo;habilet\u00e9 de la peinture \u00e0 la main qui transforme chaque pi\u00e8ce en un objet unique.<\/p>\n<p>Ce d\u00e9 \u00e0 coudre ne sert pas seulement \u00e0 prot\u00e9ger les doigts pendant la couture, mais s&rsquo;\u00e9rige \u00e9galement comme un v\u00e9ritable objet d\u00e9coratif qui capture l&rsquo;essence du folklore espagnol. C&rsquo;est un excellent souvenir qui repr\u00e9sente la tradition culturelle et l&rsquo;art de la c\u00e9ramique, offrant un morceau d&rsquo;Espagne \u00e0 ceux qui le poss\u00e8dent. Chez Ol\u00e9 Mosaic, nous sommes fiers d&rsquo;\u00eatre grossistes de ces souvenirs authentiques, parfaits pour les boutiques de cadeaux touristiques \u00e0 la recherche de produits refl\u00e9tant l&rsquo;h\u00e9ritage culturel. Ce d\u00e9 \u00e0 coudre en c\u00e9ramique est, sans aucun doute, un ajout pr\u00e9cieux au catalogue de souvenirs en c\u00e9ramique, se distinguant par sa singularit\u00e9 et sa vivacit\u00e9.<\/p>\n","protected":false},"excerpt":{"rendered":"<p>D\u00e9 \u00e0 coudre en c\u00e9ramique d\u00e9cor\u00e9 d&rsquo;une salamandre vibrante entour\u00e9e de fleurs color\u00e9es, id\u00e9al pour les amateurs d&rsquo;art et de culture espagnole. Ce d\u00e9 \u00e0 coudre, sur un fond blanc brillant, se distingue par sa technique de design artisanal, peint \u00e0 la main, qui souligne les d\u00e9tails de la salamandre dans des tons verts et oranges, ainsi qu&rsquo;un design floral \u00e9voquant la fra\u00eecheur de l&rsquo;environnement m\u00e9diterran\u00e9en. Une pi\u00e8ce unique qui capture l&rsquo;essence du folklore et de la tradition artisanale.<\/p>\n","protected":false},"featured_media":8364,"template":"","meta":{"_acf_changed":false},"product_brand":[],"product_cat":[603],"product_tag":[530,585],"class_list":{"0":"post-30096","1":"product","2":"type-product","3":"status-publish","4":"has-post-thumbnail","6":"product_cat-des-a-coudre","7":"product_tag-animaux","8":"product_tag-ceramique","9":"pa_motivo-salamandres","11":"first","12":"instock","13":"shipping-taxable","14":"product-type-simple"},"acf":[],"_links":{"self":[{"href":"https:\/\/olemosaic.orbitalia.org\/fr\/wp-json\/wp\/v2\/product\/30096","targetHints":{"allow":["GET"]}}],"collection":[{"href":"https:\/\/olemosaic.orbitalia.org\/fr\/wp-json\/wp\/v2\/product"}],"about":[{"href":"https:\/\/olemosaic.orbitalia.org\/fr\/wp-json\/wp\/v2\/types\/product"}],"wp:featuredmedia":[{"embeddable":true,"href":"https:\/\/olemosaic.orbitalia.org\/fr\/wp-json\/wp\/v2\/media\/8364"}],"wp:attachment":[{"href":"https:\/\/olemosaic.orbitalia.org\/fr\/wp-json\/wp\/v2\/media?parent=30096"}],"wp:term":[{"taxonomy":"product_brand","embeddable":true,"href":"https:\/\/olemosaic.orbitalia.org\/fr\/wp-json\/wp\/v2\/product_brand?post=30096"},{"taxonomy":"product_cat","embeddable":true,"href":"https:\/\/olemosaic.orbitalia.org\/fr\/wp-json\/wp\/v2\/product_cat?post=30096"},{"taxonomy":"product_tag","embeddable":true,"href":"https:\/\/olemosaic.orbitalia.org\/fr\/wp-json\/wp\/v2\/product_tag?post=30096"}],"curies":[{"name":"wp","href":"https:\/\/api.w.org\/{rel}","templated":true}]}}